{"id":173,"date":"2020-07-10T16:34:48","date_gmt":"2020-07-10T14:34:48","guid":{"rendered":"http:\/\/familiengeschichte-kriegsgeschichte.de\/?page_id=173"},"modified":"2021-05-12T12:26:02","modified_gmt":"2021-05-12T10:26:02","slug":"familie-schalkhausser","status":"publish","type":"page","link":"http:\/\/familiengeschichte-kriegsgeschichte.de\/de\/familie-schalkhausser\/","title":{"rendered":"Filimonov, Aleksander Ivanovich"},"content":{"rendered":"<p><span style=\"color: #ffffff;\"><img loading=\"lazy\" class=\"wp-image-223 alignleft\" src=\"http:\/\/familiengeschichte-kriegsgeschichte.de\/wp-content\/uploads\/2021\/04\/Filimonov_4-scaled-e1619521052372-199x300.jpg\" alt=\"\" width=\"150\" height=\"226\" srcset=\"http:\/\/familiengeschichte-kriegsgeschichte.de\/wp-content\/uploads\/2021\/04\/Filimonov_4-scaled-e1619521052372-199x300.jpg 199w, http:\/\/familiengeschichte-kriegsgeschichte.de\/wp-content\/uploads\/2021\/04\/Filimonov_4-scaled-e1619521052372-678x1024.jpg 678w, http:\/\/familiengeschichte-kriegsgeschichte.de\/wp-content\/uploads\/2021\/04\/Filimonov_4-scaled-e1619521052372-768x1159.jpg 768w, http:\/\/familiengeschichte-kriegsgeschichte.de\/wp-content\/uploads\/2021\/04\/Filimonov_4-scaled-e1619521052372-1018x1536.jpg 1018w, http:\/\/familiengeschichte-kriegsgeschichte.de\/wp-content\/uploads\/2021\/04\/Filimonov_4-scaled-e1619521052372-1357x2048.jpg 1357w, http:\/\/familiengeschichte-kriegsgeschichte.de\/wp-content\/uploads\/2021\/04\/Filimonov_4-scaled-e1619521052372-437x660.jpg 437w, http:\/\/familiengeschichte-kriegsgeschichte.de\/wp-content\/uploads\/2021\/04\/Filimonov_4-scaled-e1619521052372.jpg 1696w\" sizes=\"(max-width: 150px) 100vw, 150px\" \/><\/span><\/p>\n<p><span style=\"color: #993300;\">W\u00e4hrend des Zweiten Weltkrieges fehlten der sowjetischen Nordflotte Matrosen. Aus diesem Grund wurden viele Frauen und Jugendliche als Ersatz zur Flotte eingezogen.<\/span><\/p>\n<p><span style=\"color: #993300;\">Einer dieser Jugendlichen war mein Gro\u00dfvater, Alexander Filimonov. Zum Beginn seines Matrosendienstes war er gerade einmal 14 Jahre alt. Im Laufe dieser Zeit wurde <img loading=\"lazy\" class=\"wp-image-226 alignright\" style=\"margin-top: 0.388889em; margin-right: 2.72222em; margin-bottom: 1.94444em;\" src=\"http:\/\/familiengeschichte-kriegsgeschichte.de\/wp-content\/uploads\/2021\/04\/Filimonov_3-203x300.jpeg\" alt=\"\" width=\"135\" height=\"199\" srcset=\"http:\/\/familiengeschichte-kriegsgeschichte.de\/wp-content\/uploads\/2021\/04\/Filimonov_3-203x300.jpeg 203w, http:\/\/familiengeschichte-kriegsgeschichte.de\/wp-content\/uploads\/2021\/04\/Filimonov_3-446x660.jpeg 446w, http:\/\/familiengeschichte-kriegsgeschichte.de\/wp-content\/uploads\/2021\/04\/Filimonov_3.jpeg 540w\" sizes=\"(max-width: 135px) 100vw, 135px\" \/>er dem Posten des Ausguckmannes zugeteilt. Die Aufgabe eines solchen Postens besteht darin, den Schutz des Schiffs \u00fcber die Beobachtung der Umgebung sicherzustellen. Mein Gro\u00dfvater war dem Tanker \u201eZhelyabov\u201c zugeteilt, welcher f\u00fcr die Versorgung von Sicherheitsschiffen und \u2013Flugzeugen auf See zust\u00e4ndig war. Diese Tanker unterlagen einer gro\u00dfen Gefahr, da die gegnerischen M\u00e4chte gezielt versuchten diese Schiffe zu versenken um die Versorgung zu unterbrechen. Um solche Vorf\u00e4lle zu verhindern wurden die Tanker ebenso von Sicherheitsschiffen und Flugzeugen begleitet. \u00dcber diese Prozedur wird unter anderem im Film \u201e<i>\u041f\u043e\u0432\u0435\u0441\u0442\u044c \u043e \u00ab\u041d\u0435\u0438\u0441\u0442\u043e\u0432\u043e\u043c\u00bb\u201c<\/i> (<i>Erz\u00e4hlung \u00fcber \u201eNeistov<\/i>\u201c) (1947). Es geht um einen Torpedobootzerst\u00f6rer, welcher dem Tan<img loading=\"lazy\" class=\"alignleft wp-image-225\" src=\"http:\/\/familiengeschichte-kriegsgeschichte.de\/wp-content\/uploads\/2021\/04\/Filimonov_2-300x198.jpg\" alt=\"\" width=\"198\" height=\"130\" srcset=\"http:\/\/familiengeschichte-kriegsgeschichte.de\/wp-content\/uploads\/2021\/04\/Filimonov_2-300x198.jpg 300w, http:\/\/familiengeschichte-kriegsgeschichte.de\/wp-content\/uploads\/2021\/04\/Filimonov_2.jpg 700w\" sizes=\"(max-width: 198px) 100vw, 198px\" \/>ker \u201eZhelyabov\u201c zur Hilfe kommt, um die Kraftstoffversorgung f\u00fcr die Marineflieger erfolgreich zu transportieren. Mein Gro\u00dfvater nahm auch an den Filmarbeiten teil, jedoch wurden seine Szenen aus dem finalen Produkt rausgeschnitten. Daf\u00fcr sieht man aber seinen Tanker. \u00dcbrig lieb noch eine Fotografie, welche der Kameramann aufnahm. F\u00fcr seinen, im Kampf um die Sicherheit des sowjetischen Polargebietes, bewiesenen Mut erhielt Alexander Iwanowitsch viele Medallien. Der im Film behandelte Marine- Einsatz wurde sp\u00e4ter als der gef\u00e4hrlichste Einsatz in der Geschichte internationalen Flotte anerkannt.<img loading=\"lazy\" class=\"wp-image-227 alignright\" src=\"http:\/\/familiengeschichte-kriegsgeschichte.de\/wp-content\/uploads\/2021\/04\/Filimonov_6-300x199.jpg\" alt=\"\" width=\"188\" height=\"125\" srcset=\"http:\/\/familiengeschichte-kriegsgeschichte.de\/wp-content\/uploads\/2021\/04\/Filimonov_6-300x199.jpg 300w, http:\/\/familiengeschichte-kriegsgeschichte.de\/wp-content\/uploads\/2021\/04\/Filimonov_6-1024x678.jpg 1024w, http:\/\/familiengeschichte-kriegsgeschichte.de\/wp-content\/uploads\/2021\/04\/Filimonov_6-768x509.jpg 768w, http:\/\/familiengeschichte-kriegsgeschichte.de\/wp-content\/uploads\/2021\/04\/Filimonov_6-1536x1017.jpg 1536w, http:\/\/familiengeschichte-kriegsgeschichte.de\/wp-content\/uploads\/2021\/04\/Filimonov_6-2048x1356.jpg 2048w, http:\/\/familiengeschichte-kriegsgeschichte.de\/wp-content\/uploads\/2021\/04\/Filimonov_6-990x656.jpg 990w\" sizes=\"(max-width: 188px) 100vw, 188px\" \/><\/span><\/p>\n<p><span style=\"color: #993300;\">Die Heldentaten der Nordmeer-Matrosen im zweiten Weltkrieg sind in die Geschichte der Streitkr\u00e4fte hoch angepriesen eingegangen. Die Nordflotte wurde mit dem Rotbannerorden ausgezeichnet und der der Hauptst\u00fctzpunkt der sowjetischen Nordflotte Murmansk wurde mit dem Titel \u201eHeldenstatt\u201c gek\u00fchrt.<\/span><\/p>\n<p style=\"text-align: right;\"><span style=\"color: #993300;\">(erz\u00e4hlt von Maria Schalkhausser, Enkelin)<\/span><\/p>\n<p><span style=\"color: #993300;\">\u00a0<\/span><\/p>","protected":false},"excerpt":{"rendered":"<p>W\u00e4hrend des Zweiten Weltkrieges fehlten der sowjetischen Nordflotte Matrosen. Aus diesem Grund wurden viele Frauen und Jugendliche als Ersatz zur &hellip; <a href=\"http:\/\/familiengeschichte-kriegsgeschichte.de\/de\/familie-schalkhausser\/\" class=\"more-link\"><span class=\"more-button\">Continue Reading<span class=\"screen-reader-text\">Filimonov, Aleksander Ivanovich<\/span><\/span><\/a><\/p>\n","protected":false},"author":1,"featured_media":223,"parent":0,"menu_order":0,"comment_status":"closed","ping_status":"closed","template":"","meta":[],"yoast_head":"<!-- This site is optimized with the Yoast SEO plugin v18.4.1 - https:\/\/yoast.com\/wordpress\/plugins\/seo\/ -->\n<title>Filimonov, Aleksander Ivanovich -<\/title>\n<meta name=\"robots\" content=\"index, follow, max-snippet:-1, max-image-preview:large, max-video-preview:-1\" \/>\n<link rel=\"canonical\" href=\"http:\/\/familiengeschichte-kriegsgeschichte.de\/de\/familie-schalkhausser\/\" \/>\n<meta property=\"og:locale\" content=\"de_DE\" \/>\n<meta property=\"og:type\" content=\"article\" \/>\n<meta property=\"og:title\" content=\"Filimonov, Aleksander Ivanovich -\" \/>\n<meta property=\"og:description\" content=\"W\u00e4hrend des Zweiten Weltkrieges fehlten der sowjetischen Nordflotte Matrosen. Aus diesem Grund wurden viele Frauen und Jugendliche als Ersatz zur &hellip; Continue ReadingFilimonov, Aleksander Ivanovich\" \/>\n<meta property=\"og:url\" content=\"http:\/\/familiengeschichte-kriegsgeschichte.de\/de\/familie-schalkhausser\/\" \/>\n<meta property=\"article:modified_time\" content=\"2021-05-12T10:26:02+00:00\" \/>\n<meta property=\"og:image\" content=\"http:\/\/familiengeschichte-kriegsgeschichte.de\/wp-content\/uploads\/2021\/04\/Filimonov_4-scaled-e1619521052372.jpg\" \/>\n\t<meta property=\"og:image:width\" content=\"1696\" \/>\n\t<meta property=\"og:image:height\" content=\"2560\" \/>\n\t<meta property=\"og:image:type\" content=\"image\/jpeg\" \/>\n<meta name=\"twitter:card\" content=\"summary_large_image\" \/>\n<meta name=\"twitter:label1\" content=\"Gesch\u00e4tzte Lesezeit\" \/>\n\t<meta name=\"twitter:data1\" content=\"2\u00a0Minuten\" \/>\n<script type=\"application\/ld+json\" class=\"yoast-schema-graph\">{\"@context\":\"https:\/\/schema.org\",\"@graph\":[{\"@type\":\"WebSite\",\"@id\":\"http:\/\/familiengeschichte-kriegsgeschichte.de\/de\/#website\",\"url\":\"http:\/\/familiengeschichte-kriegsgeschichte.de\/de\/\",\"name\":\"\",\"description\":\"\",\"potentialAction\":[{\"@type\":\"SearchAction\",\"target\":{\"@type\":\"EntryPoint\",\"urlTemplate\":\"http:\/\/familiengeschichte-kriegsgeschichte.de\/de\/?s={search_term_string}\"},\"query-input\":\"required name=search_term_string\"}],\"inLanguage\":\"de\"},{\"@type\":\"ImageObject\",\"@id\":\"http:\/\/familiengeschichte-kriegsgeschichte.de\/de\/familie-schalkhausser\/#primaryimage\",\"inLanguage\":\"de\",\"url\":\"http:\/\/familiengeschichte-kriegsgeschichte.de\/wp-content\/uploads\/2021\/04\/Filimonov_4-scaled-e1619521052372.jpg\",\"contentUrl\":\"http:\/\/familiengeschichte-kriegsgeschichte.de\/wp-content\/uploads\/2021\/04\/Filimonov_4-scaled-e1619521052372.jpg\",\"width\":1696,\"height\":2560},{\"@type\":\"WebPage\",\"@id\":\"http:\/\/familiengeschichte-kriegsgeschichte.de\/de\/familie-schalkhausser\/#webpage\",\"url\":\"http:\/\/familiengeschichte-kriegsgeschichte.de\/de\/familie-schalkhausser\/\",\"name\":\"Filimonov, Aleksander Ivanovich -\",\"isPartOf\":{\"@id\":\"http:\/\/familiengeschichte-kriegsgeschichte.de\/de\/#website\"},\"primaryImageOfPage\":{\"@id\":\"http:\/\/familiengeschichte-kriegsgeschichte.de\/de\/familie-schalkhausser\/#primaryimage\"},\"datePublished\":\"2020-07-10T14:34:48+00:00\",\"dateModified\":\"2021-05-12T10:26:02+00:00\",\"breadcrumb\":{\"@id\":\"http:\/\/familiengeschichte-kriegsgeschichte.de\/de\/familie-schalkhausser\/#breadcrumb\"},\"inLanguage\":\"de\",\"potentialAction\":[{\"@type\":\"ReadAction\",\"target\":[\"http:\/\/familiengeschichte-kriegsgeschichte.de\/de\/familie-schalkhausser\/\"]}]},{\"@type\":\"BreadcrumbList\",\"@id\":\"http:\/\/familiengeschichte-kriegsgeschichte.de\/de\/familie-schalkhausser\/#breadcrumb\",\"itemListElement\":[{\"@type\":\"ListItem\",\"position\":1,\"name\":\"Startseite\",\"item\":\"http:\/\/familiengeschichte-kriegsgeschichte.de\/de\/\"},{\"@type\":\"ListItem\",\"position\":2,\"name\":\"Filimonov, Aleksander Ivanovich\"}]}]}<\/script>\n<!-- \/ Yoast SEO plugin. -->","yoast_head_json":{"title":"Filimonov, Aleksander Ivanovich -","robots":{"index":"index","follow":"follow","max-snippet":"max-snippet:-1","max-image-preview":"max-image-preview:large","max-video-preview":"max-video-preview:-1"},"canonical":"http:\/\/familiengeschichte-kriegsgeschichte.de\/de\/familie-schalkhausser\/","og_locale":"de_DE","og_type":"article","og_title":"Filimonov, Aleksander Ivanovich -","og_description":"W\u00e4hrend des Zweiten Weltkrieges fehlten der sowjetischen Nordflotte Matrosen. Aus diesem Grund wurden viele Frauen und Jugendliche als Ersatz zur &hellip; Continue ReadingFilimonov, Aleksander Ivanovich","og_url":"http:\/\/familiengeschichte-kriegsgeschichte.de\/de\/familie-schalkhausser\/","article_modified_time":"2021-05-12T10:26:02+00:00","og_image":[{"width":1696,"height":2560,"url":"http:\/\/familiengeschichte-kriegsgeschichte.de\/wp-content\/uploads\/2021\/04\/Filimonov_4-scaled-e1619521052372.jpg","type":"image\/jpeg"}],"twitter_card":"summary_large_image","twitter_misc":{"Gesch\u00e4tzte Lesezeit":"2\u00a0Minuten"},"schema":{"@context":"https:\/\/schema.org","@graph":[{"@type":"WebSite","@id":"http:\/\/familiengeschichte-kriegsgeschichte.de\/de\/#website","url":"http:\/\/familiengeschichte-kriegsgeschichte.de\/de\/","name":"","description":"","potentialAction":[{"@type":"SearchAction","target":{"@type":"EntryPoint","urlTemplate":"http:\/\/familiengeschichte-kriegsgeschichte.de\/de\/?s={search_term_string}"},"query-input":"required name=search_term_string"}],"inLanguage":"de"},{"@type":"ImageObject","@id":"http:\/\/familiengeschichte-kriegsgeschichte.de\/de\/familie-schalkhausser\/#primaryimage","inLanguage":"de","url":"http:\/\/familiengeschichte-kriegsgeschichte.de\/wp-content\/uploads\/2021\/04\/Filimonov_4-scaled-e1619521052372.jpg","contentUrl":"http:\/\/familiengeschichte-kriegsgeschichte.de\/wp-content\/uploads\/2021\/04\/Filimonov_4-scaled-e1619521052372.jpg","width":1696,"height":2560},{"@type":"WebPage","@id":"http:\/\/familiengeschichte-kriegsgeschichte.de\/de\/familie-schalkhausser\/#webpage","url":"http:\/\/familiengeschichte-kriegsgeschichte.de\/de\/familie-schalkhausser\/","name":"Filimonov, Aleksander Ivanovich -","isPartOf":{"@id":"http:\/\/familiengeschichte-kriegsgeschichte.de\/de\/#website"},"primaryImageOfPage":{"@id":"http:\/\/familiengeschichte-kriegsgeschichte.de\/de\/familie-schalkhausser\/#primaryimage"},"datePublished":"2020-07-10T14:34:48+00:00","dateModified":"2021-05-12T10:26:02+00:00","breadcrumb":{"@id":"http:\/\/familiengeschichte-kriegsgeschichte.de\/de\/familie-schalkhausser\/#breadcrumb"},"inLanguage":"de","potentialAction":[{"@type":"ReadAction","target":["http:\/\/familiengeschichte-kriegsgeschichte.de\/de\/familie-schalkhausser\/"]}]},{"@type":"BreadcrumbList","@id":"http:\/\/familiengeschichte-kriegsgeschichte.de\/de\/familie-schalkhausser\/#breadcrumb","itemListElement":[{"@type":"ListItem","position":1,"name":"Startseite","item":"http:\/\/familiengeschichte-kriegsgeschichte.de\/de\/"},{"@type":"ListItem","position":2,"name":"Filimonov, Aleksander Ivanovich"}]}]}},"_links":{"self":[{"href":"http:\/\/familiengeschichte-kriegsgeschichte.de\/de\/wp-json\/wp\/v2\/pages\/173"}],"collection":[{"href":"http:\/\/familiengeschichte-kriegsgeschichte.de\/de\/wp-json\/wp\/v2\/pages"}],"about":[{"href":"http:\/\/familiengeschichte-kriegsgeschichte.de\/de\/wp-json\/wp\/v2\/types\/page"}],"author":[{"embeddable":true,"href":"http:\/\/familiengeschichte-kriegsgeschichte.de\/de\/wp-json\/wp\/v2\/users\/1"}],"replies":[{"embeddable":true,"href":"http:\/\/familiengeschichte-kriegsgeschichte.de\/de\/wp-json\/wp\/v2\/comments?post=173"}],"version-history":[{"count":10,"href":"http:\/\/familiengeschichte-kriegsgeschichte.de\/de\/wp-json\/wp\/v2\/pages\/173\/revisions"}],"predecessor-version":[{"id":424,"href":"http:\/\/familiengeschichte-kriegsgeschichte.de\/de\/wp-json\/wp\/v2\/pages\/173\/revisions\/424"}],"wp:featuredmedia":[{"embeddable":true,"href":"http:\/\/familiengeschichte-kriegsgeschichte.de\/de\/wp-json\/wp\/v2\/media\/223"}],"wp:attachment":[{"href":"http:\/\/familiengeschichte-kriegsgeschichte.de\/de\/wp-json\/wp\/v2\/media?parent=173"}],"curies":[{"name":"wp","href":"https:\/\/api.w.org\/{rel}","templated":true}]}}