{"id":295,"date":"2021-05-05T11:30:19","date_gmt":"2021-05-05T09:30:19","guid":{"rendered":"http:\/\/familiengeschichte-kriegsgeschichte.de\/?page_id=295"},"modified":"2021-05-12T12:41:25","modified_gmt":"2021-05-12T10:41:25","slug":"%d1%80%d1%83%d1%81%d1%81%d0%ba%d0%b8%d0%b9-%d0%bc%d0%b0%d1%81%d0%bb%d0%be%d0%b2-%d1%81%d0%b5%d1%80%d0%b3%d0%b5%d0%b9-%d1%81%d0%b0%d0%bc%d1%81%d0%be%d0%bd%d0%be%d0%b2%d0%b8%d1%87","status":"publish","type":"page","link":"http:\/\/familiengeschichte-kriegsgeschichte.de\/de\/%d1%80%d1%83%d1%81%d1%81%d0%ba%d0%b8%d0%b9-%d0%bc%d0%b0%d1%81%d0%bb%d0%be%d0%b2-%d1%81%d0%b5%d1%80%d0%b3%d0%b5%d0%b9-%d1%81%d0%b0%d0%bc%d1%81%d0%be%d0%bd%d0%be%d0%b2%d0%b8%d1%87\/","title":{"rendered":"Maslov Sergey Samsonovich"},"content":{"rendered":"<p><span style=\"color: #993300;\"><a href=\"http:\/\/familiengeschichte-kriegsgeschichte.de\/wp-content\/uploads\/2021\/05\/Maslov.jpg\" target=\"_blank\" rel=\"noopener\"><img loading=\"lazy\" class=\"alignright wp-image-440 size-medium\" src=\"http:\/\/familiengeschichte-kriegsgeschichte.de\/wp-content\/uploads\/2021\/05\/Maslov-169x300.jpg\" alt=\"\" width=\"169\" height=\"300\" srcset=\"http:\/\/familiengeschichte-kriegsgeschichte.de\/wp-content\/uploads\/2021\/05\/Maslov-169x300.jpg 169w, http:\/\/familiengeschichte-kriegsgeschichte.de\/wp-content\/uploads\/2021\/05\/Maslov-576x1024.jpg 576w, http:\/\/familiengeschichte-kriegsgeschichte.de\/wp-content\/uploads\/2021\/05\/Maslov-768x1365.jpg 768w, http:\/\/familiengeschichte-kriegsgeschichte.de\/wp-content\/uploads\/2021\/05\/Maslov-864x1536.jpg 864w, http:\/\/familiengeschichte-kriegsgeschichte.de\/wp-content\/uploads\/2021\/05\/Maslov-371x660.jpg 371w, http:\/\/familiengeschichte-kriegsgeschichte.de\/wp-content\/uploads\/2021\/05\/Maslov.jpg 1152w\" sizes=\"(max-width: 169px) 100vw, 169px\" \/><\/a>In meiner Familie sind die Erinnerungen an den Krieg immer noch lebendige Erz\u00e4hlungen, die von Generation zu Generation weitergegeben werden.<\/span><\/p>\n<p><span style=\"color: #993300;\">Die Teilnehmer des Gro\u00dfen Vaterl\u00e4ndischen Krieges waren meine Urgro\u00dfv\u00e4ter. Einer von ihnen, den ich lebendig erwischt habe\/kennenlernen durfte, ist Sergej Samsonowitsch Maslow. Er hat den ganzen Krieg mitgek\u00e4mpft: von Woronesch bis Berlin. Er war ein Signalgeber und Teilnehmer der Schlacht von Stalingrad. Er wurde verwundet und bekam Erfrierungen an den F\u00fc\u00dfen. Er hat an der Befreiung von Budapest teilgenommen. F\u00fcr den Sieg bekam er viele Auszeichnungen, Darunter einen Orden f\u00fcr die Einnahme von Berlin und einen Orden des Roten Sterns. Nach der Einnahme von Berlin wurde er in die Mandschurei geschickt (Krieg mit Japan). Im Januar 1946 kehrte er nach Hause zur\u00fcck.<\/span><\/p>\n<p><span style=\"color: #993300;\">Gott sch\u00fctzte ihn als ehrlichen Soldaten. In Friedenszeiten arbeitete er als Hufschmied. Als er starb, war er 86 Jahre alt.<\/span><\/p>","protected":false},"excerpt":{"rendered":"<p>In meiner Familie sind die Erinnerungen an den Krieg immer noch lebendige Erz\u00e4hlungen, die von Generation zu Generation weitergegeben werden. &hellip; <a href=\"http:\/\/familiengeschichte-kriegsgeschichte.de\/de\/%d1%80%d1%83%d1%81%d1%81%d0%ba%d0%b8%d0%b9-%d0%bc%d0%b0%d1%81%d0%bb%d0%be%d0%b2-%d1%81%d0%b5%d1%80%d0%b3%d0%b5%d0%b9-%d1%81%d0%b0%d0%bc%d1%81%d0%be%d0%bd%d0%be%d0%b2%d0%b8%d1%87\/\" class=\"more-link\"><span class=\"more-button\">Continue Reading<span class=\"screen-reader-text\">Maslov Sergey Samsonovich<\/span><\/span><\/a><\/p>\n","protected":false},"author":1,"featured_media":0,"parent":0,"menu_order":0,"comment_status":"closed","ping_status":"closed","template":"","meta":[],"yoast_head":"<!-- This site is optimized with the Yoast SEO plugin v18.4.1 - https:\/\/yoast.com\/wordpress\/plugins\/seo\/ -->\n<title>Maslov Sergey Samsonovich -<\/title>\n<meta name=\"robots\" content=\"index, follow, max-snippet:-1, max-image-preview:large, max-video-preview:-1\" \/>\n<link rel=\"canonical\" href=\"http:\/\/familiengeschichte-kriegsgeschichte.de\/de\/\u0440\u0443\u0441\u0441\u043a\u0438\u0439-\u043c\u0430\u0441\u043b\u043e\u0432-\u0441\u0435\u0440\u0433\u0435\u0439-\u0441\u0430\u043c\u0441\u043e\u043d\u043e\u0432\u0438\u0447\/\" \/>\n<meta property=\"og:locale\" content=\"de_DE\" \/>\n<meta property=\"og:type\" content=\"article\" \/>\n<meta property=\"og:title\" content=\"Maslov Sergey Samsonovich -\" \/>\n<meta property=\"og:description\" content=\"In meiner Familie sind die Erinnerungen an den Krieg immer noch lebendige Erz\u00e4hlungen, die von Generation zu Generation weitergegeben werden. &hellip; Continue ReadingMaslov Sergey Samsonovich\" \/>\n<meta property=\"og:url\" content=\"http:\/\/familiengeschichte-kriegsgeschichte.de\/de\/\u0440\u0443\u0441\u0441\u043a\u0438\u0439-\u043c\u0430\u0441\u043b\u043e\u0432-\u0441\u0435\u0440\u0433\u0435\u0439-\u0441\u0430\u043c\u0441\u043e\u043d\u043e\u0432\u0438\u0447\/\" \/>\n<meta property=\"article:modified_time\" content=\"2021-05-12T10:41:25+00:00\" \/>\n<meta property=\"og:image\" content=\"http:\/\/familiengeschichte-kriegsgeschichte.de\/wp-content\/uploads\/2021\/05\/Maslov-169x300.jpg\" \/>\n<meta name=\"twitter:card\" content=\"summary_large_image\" \/>\n<meta name=\"twitter:label1\" content=\"Gesch\u00e4tzte Lesezeit\" \/>\n\t<meta name=\"twitter:data1\" content=\"1\u00a0Minute\" \/>\n<script type=\"application\/ld+json\" class=\"yoast-schema-graph\">{\"@context\":\"https:\/\/schema.org\",\"@graph\":[{\"@type\":\"WebSite\",\"@id\":\"http:\/\/familiengeschichte-kriegsgeschichte.de\/de\/#website\",\"url\":\"http:\/\/familiengeschichte-kriegsgeschichte.de\/de\/\",\"name\":\"\",\"description\":\"\",\"potentialAction\":[{\"@type\":\"SearchAction\",\"target\":{\"@type\":\"EntryPoint\",\"urlTemplate\":\"http:\/\/familiengeschichte-kriegsgeschichte.de\/de\/?s={search_term_string}\"},\"query-input\":\"required name=search_term_string\"}],\"inLanguage\":\"de\"},{\"@type\":\"ImageObject\",\"@id\":\"http:\/\/familiengeschichte-kriegsgeschichte.de\/de\/%d1%80%d1%83%d1%81%d1%81%d0%ba%d0%b8%d0%b9-%d0%bc%d0%b0%d1%81%d0%bb%d0%be%d0%b2-%d1%81%d0%b5%d1%80%d0%b3%d0%b5%d0%b9-%d1%81%d0%b0%d0%bc%d1%81%d0%be%d0%bd%d0%be%d0%b2%d0%b8%d1%87\/#primaryimage\",\"inLanguage\":\"de\",\"url\":\"http:\/\/familiengeschichte-kriegsgeschichte.de\/wp-content\/uploads\/2021\/05\/Maslov.jpg\",\"contentUrl\":\"http:\/\/familiengeschichte-kriegsgeschichte.de\/wp-content\/uploads\/2021\/05\/Maslov.jpg\",\"width\":1152,\"height\":2048},{\"@type\":\"WebPage\",\"@id\":\"http:\/\/familiengeschichte-kriegsgeschichte.de\/de\/%d1%80%d1%83%d1%81%d1%81%d0%ba%d0%b8%d0%b9-%d0%bc%d0%b0%d1%81%d0%bb%d0%be%d0%b2-%d1%81%d0%b5%d1%80%d0%b3%d0%b5%d0%b9-%d1%81%d0%b0%d0%bc%d1%81%d0%be%d0%bd%d0%be%d0%b2%d0%b8%d1%87\/#webpage\",\"url\":\"http:\/\/familiengeschichte-kriegsgeschichte.de\/de\/%d1%80%d1%83%d1%81%d1%81%d0%ba%d0%b8%d0%b9-%d0%bc%d0%b0%d1%81%d0%bb%d0%be%d0%b2-%d1%81%d0%b5%d1%80%d0%b3%d0%b5%d0%b9-%d1%81%d0%b0%d0%bc%d1%81%d0%be%d0%bd%d0%be%d0%b2%d0%b8%d1%87\/\",\"name\":\"Maslov Sergey Samsonovich -\",\"isPartOf\":{\"@id\":\"http:\/\/familiengeschichte-kriegsgeschichte.de\/de\/#website\"},\"primaryImageOfPage\":{\"@id\":\"http:\/\/familiengeschichte-kriegsgeschichte.de\/de\/%d1%80%d1%83%d1%81%d1%81%d0%ba%d0%b8%d0%b9-%d0%bc%d0%b0%d1%81%d0%bb%d0%be%d0%b2-%d1%81%d0%b5%d1%80%d0%b3%d0%b5%d0%b9-%d1%81%d0%b0%d0%bc%d1%81%d0%be%d0%bd%d0%be%d0%b2%d0%b8%d1%87\/#primaryimage\"},\"datePublished\":\"2021-05-05T09:30:19+00:00\",\"dateModified\":\"2021-05-12T10:41:25+00:00\",\"breadcrumb\":{\"@id\":\"http:\/\/familiengeschichte-kriegsgeschichte.de\/de\/%d1%80%d1%83%d1%81%d1%81%d0%ba%d0%b8%d0%b9-%d0%bc%d0%b0%d1%81%d0%bb%d0%be%d0%b2-%d1%81%d0%b5%d1%80%d0%b3%d0%b5%d0%b9-%d1%81%d0%b0%d0%bc%d1%81%d0%be%d0%bd%d0%be%d0%b2%d0%b8%d1%87\/#breadcrumb\"},\"inLanguage\":\"de\",\"potentialAction\":[{\"@type\":\"ReadAction\",\"target\":[\"http:\/\/familiengeschichte-kriegsgeschichte.de\/de\/%d1%80%d1%83%d1%81%d1%81%d0%ba%d0%b8%d0%b9-%d0%bc%d0%b0%d1%81%d0%bb%d0%be%d0%b2-%d1%81%d0%b5%d1%80%d0%b3%d0%b5%d0%b9-%d1%81%d0%b0%d0%bc%d1%81%d0%be%d0%bd%d0%be%d0%b2%d0%b8%d1%87\/\"]}]},{\"@type\":\"BreadcrumbList\",\"@id\":\"http:\/\/familiengeschichte-kriegsgeschichte.de\/de\/%d1%80%d1%83%d1%81%d1%81%d0%ba%d0%b8%d0%b9-%d0%bc%d0%b0%d1%81%d0%bb%d0%be%d0%b2-%d1%81%d0%b5%d1%80%d0%b3%d0%b5%d0%b9-%d1%81%d0%b0%d0%bc%d1%81%d0%be%d0%bd%d0%be%d0%b2%d0%b8%d1%87\/#breadcrumb\",\"itemListElement\":[{\"@type\":\"ListItem\",\"position\":1,\"name\":\"Startseite\",\"item\":\"http:\/\/familiengeschichte-kriegsgeschichte.de\/de\/\"},{\"@type\":\"ListItem\",\"position\":2,\"name\":\"Maslov Sergey Samsonovich\"}]}]}<\/script>\n<!-- \/ Yoast SEO plugin. -->","yoast_head_json":{"title":"Maslov Sergey Samsonovich -","robots":{"index":"index","follow":"follow","max-snippet":"max-snippet:-1","max-image-preview":"max-image-preview:large","max-video-preview":"max-video-preview:-1"},"canonical":"http:\/\/familiengeschichte-kriegsgeschichte.de\/de\/\u0440\u0443\u0441\u0441\u043a\u0438\u0439-\u043c\u0430\u0441\u043b\u043e\u0432-\u0441\u0435\u0440\u0433\u0435\u0439-\u0441\u0430\u043c\u0441\u043e\u043d\u043e\u0432\u0438\u0447\/","og_locale":"de_DE","og_type":"article","og_title":"Maslov Sergey Samsonovich -","og_description":"In meiner Familie sind die Erinnerungen an den Krieg immer noch lebendige Erz\u00e4hlungen, die von Generation zu Generation weitergegeben werden. &hellip; Continue ReadingMaslov Sergey Samsonovich","og_url":"http:\/\/familiengeschichte-kriegsgeschichte.de\/de\/\u0440\u0443\u0441\u0441\u043a\u0438\u0439-\u043c\u0430\u0441\u043b\u043e\u0432-\u0441\u0435\u0440\u0433\u0435\u0439-\u0441\u0430\u043c\u0441\u043e\u043d\u043e\u0432\u0438\u0447\/","article_modified_time":"2021-05-12T10:41:25+00:00","og_image":[{"url":"http:\/\/familiengeschichte-kriegsgeschichte.de\/wp-content\/uploads\/2021\/05\/Maslov-169x300.jpg"}],"twitter_card":"summary_large_image","twitter_misc":{"Gesch\u00e4tzte Lesezeit":"1\u00a0Minute"},"schema":{"@context":"https:\/\/schema.org","@graph":[{"@type":"WebSite","@id":"http:\/\/familiengeschichte-kriegsgeschichte.de\/de\/#website","url":"http:\/\/familiengeschichte-kriegsgeschichte.de\/de\/","name":"","description":"","potentialAction":[{"@type":"SearchAction","target":{"@type":"EntryPoint","urlTemplate":"http:\/\/familiengeschichte-kriegsgeschichte.de\/de\/?s={search_term_string}"},"query-input":"required name=search_term_string"}],"inLanguage":"de"},{"@type":"ImageObject","@id":"http:\/\/familiengeschichte-kriegsgeschichte.de\/de\/%d1%80%d1%83%d1%81%d1%81%d0%ba%d0%b8%d0%b9-%d0%bc%d0%b0%d1%81%d0%bb%d0%be%d0%b2-%d1%81%d0%b5%d1%80%d0%b3%d0%b5%d0%b9-%d1%81%d0%b0%d0%bc%d1%81%d0%be%d0%bd%d0%be%d0%b2%d0%b8%d1%87\/#primaryimage","inLanguage":"de","url":"http:\/\/familiengeschichte-kriegsgeschichte.de\/wp-content\/uploads\/2021\/05\/Maslov.jpg","contentUrl":"http:\/\/familiengeschichte-kriegsgeschichte.de\/wp-content\/uploads\/2021\/05\/Maslov.jpg","width":1152,"height":2048},{"@type":"WebPage","@id":"http:\/\/familiengeschichte-kriegsgeschichte.de\/de\/%d1%80%d1%83%d1%81%d1%81%d0%ba%d0%b8%d0%b9-%d0%bc%d0%b0%d1%81%d0%bb%d0%be%d0%b2-%d1%81%d0%b5%d1%80%d0%b3%d0%b5%d0%b9-%d1%81%d0%b0%d0%bc%d1%81%d0%be%d0%bd%d0%be%d0%b2%d0%b8%d1%87\/#webpage","url":"http:\/\/familiengeschichte-kriegsgeschichte.de\/de\/%d1%80%d1%83%d1%81%d1%81%d0%ba%d0%b8%d0%b9-%d0%bc%d0%b0%d1%81%d0%bb%d0%be%d0%b2-%d1%81%d0%b5%d1%80%d0%b3%d0%b5%d0%b9-%d1%81%d0%b0%d0%bc%d1%81%d0%be%d0%bd%d0%be%d0%b2%d0%b8%d1%87\/","name":"Maslov Sergey Samsonovich -","isPartOf":{"@id":"http:\/\/familiengeschichte-kriegsgeschichte.de\/de\/#website"},"primaryImageOfPage":{"@id":"http:\/\/familiengeschichte-kriegsgeschichte.de\/de\/%d1%80%d1%83%d1%81%d1%81%d0%ba%d0%b8%d0%b9-%d0%bc%d0%b0%d1%81%d0%bb%d0%be%d0%b2-%d1%81%d0%b5%d1%80%d0%b3%d0%b5%d0%b9-%d1%81%d0%b0%d0%bc%d1%81%d0%be%d0%bd%d0%be%d0%b2%d0%b8%d1%87\/#primaryimage"},"datePublished":"2021-05-05T09:30:19+00:00","dateModified":"2021-05-12T10:41:25+00:00","breadcrumb":{"@id":"http:\/\/familiengeschichte-kriegsgeschichte.de\/de\/%d1%80%d1%83%d1%81%d1%81%d0%ba%d0%b8%d0%b9-%d0%bc%d0%b0%d1%81%d0%bb%d0%be%d0%b2-%d1%81%d0%b5%d1%80%d0%b3%d0%b5%d0%b9-%d1%81%d0%b0%d0%bc%d1%81%d0%be%d0%bd%d0%be%d0%b2%d0%b8%d1%87\/#breadcrumb"},"inLanguage":"de","potentialAction":[{"@type":"ReadAction","target":["http:\/\/familiengeschichte-kriegsgeschichte.de\/de\/%d1%80%d1%83%d1%81%d1%81%d0%ba%d0%b8%d0%b9-%d0%bc%d0%b0%d1%81%d0%bb%d0%be%d0%b2-%d1%81%d0%b5%d1%80%d0%b3%d0%b5%d0%b9-%d1%81%d0%b0%d0%bc%d1%81%d0%be%d0%bd%d0%be%d0%b2%d0%b8%d1%87\/"]}]},{"@type":"BreadcrumbList","@id":"http:\/\/familiengeschichte-kriegsgeschichte.de\/de\/%d1%80%d1%83%d1%81%d1%81%d0%ba%d0%b8%d0%b9-%d0%bc%d0%b0%d1%81%d0%bb%d0%be%d0%b2-%d1%81%d0%b5%d1%80%d0%b3%d0%b5%d0%b9-%d1%81%d0%b0%d0%bc%d1%81%d0%be%d0%bd%d0%be%d0%b2%d0%b8%d1%87\/#breadcrumb","itemListElement":[{"@type":"ListItem","position":1,"name":"Startseite","item":"http:\/\/familiengeschichte-kriegsgeschichte.de\/de\/"},{"@type":"ListItem","position":2,"name":"Maslov Sergey Samsonovich"}]}]}},"_links":{"self":[{"href":"http:\/\/familiengeschichte-kriegsgeschichte.de\/de\/wp-json\/wp\/v2\/pages\/295"}],"collection":[{"href":"http:\/\/familiengeschichte-kriegsgeschichte.de\/de\/wp-json\/wp\/v2\/pages"}],"about":[{"href":"http:\/\/familiengeschichte-kriegsgeschichte.de\/de\/wp-json\/wp\/v2\/types\/page"}],"author":[{"embeddable":true,"href":"http:\/\/familiengeschichte-kriegsgeschichte.de\/de\/wp-json\/wp\/v2\/users\/1"}],"replies":[{"embeddable":true,"href":"http:\/\/familiengeschichte-kriegsgeschichte.de\/de\/wp-json\/wp\/v2\/comments?post=295"}],"version-history":[{"count":6,"href":"http:\/\/familiengeschichte-kriegsgeschichte.de\/de\/wp-json\/wp\/v2\/pages\/295\/revisions"}],"predecessor-version":[{"id":441,"href":"http:\/\/familiengeschichte-kriegsgeschichte.de\/de\/wp-json\/wp\/v2\/pages\/295\/revisions\/441"}],"wp:attachment":[{"href":"http:\/\/familiengeschichte-kriegsgeschichte.de\/de\/wp-json\/wp\/v2\/media?parent=295"}],"curies":[{"name":"wp","href":"https:\/\/api.w.org\/{rel}","templated":true}]}}