{"id":299,"date":"2021-05-05T11:47:57","date_gmt":"2021-05-05T09:47:57","guid":{"rendered":"http:\/\/familiengeschichte-kriegsgeschichte.de\/?page_id=299"},"modified":"2021-05-12T12:39:20","modified_gmt":"2021-05-12T10:39:20","slug":"%d1%80%d1%83%d1%81%d1%81%d0%ba%d0%b8%d0%b9-%d0%bc%d0%b0%d0%bb%d1%8e%d1%82%d0%b8%d0%bd-%d0%b4%d0%bc%d0%b8%d1%82%d1%80%d0%b8%d0%b9-%d0%b8%d0%b2%d0%b0%d0%bd%d0%be%d0%b2%d0%b8%d1%87","status":"publish","type":"page","link":"http:\/\/familiengeschichte-kriegsgeschichte.de\/de\/%d1%80%d1%83%d1%81%d1%81%d0%ba%d0%b8%d0%b9-%d0%bc%d0%b0%d0%bb%d1%8e%d1%82%d0%b8%d0%bd-%d0%b4%d0%bc%d0%b8%d1%82%d1%80%d0%b8%d0%b9-%d0%b8%d0%b2%d0%b0%d0%bd%d0%be%d0%b2%d0%b8%d1%87\/","title":{"rendered":"Maljutin Dmitry Ivanovich"},"content":{"rendered":"<p><span style=\"color: #993300;\">Mein Urgro\u00dfvater Dmitry Malyutin war B\u00e4cker. Er backte Brot f\u00fcr die Soldaten und<\/span><a href=\"http:\/\/familiengeschichte-kriegsgeschichte.de\/wp-content\/uploads\/2021\/05\/Malutin.jpg\" target=\"_blank\" rel=\"noopener\"><img loading=\"lazy\" class=\"alignright wp-image-436\" style=\"margin-top: 0.388889em; margin-bottom: 1.94444em; margin-left: 2.72222em; color: #993300;\" src=\"http:\/\/familiengeschichte-kriegsgeschichte.de\/wp-content\/uploads\/2021\/05\/Malutin-211x300.jpg\" alt=\"\" width=\"186\" height=\"264\" srcset=\"http:\/\/familiengeschichte-kriegsgeschichte.de\/wp-content\/uploads\/2021\/05\/Malutin-211x300.jpg 211w, http:\/\/familiengeschichte-kriegsgeschichte.de\/wp-content\/uploads\/2021\/05\/Malutin-721x1024.jpg 721w, http:\/\/familiengeschichte-kriegsgeschichte.de\/wp-content\/uploads\/2021\/05\/Malutin-768x1090.jpg 768w, http:\/\/familiengeschichte-kriegsgeschichte.de\/wp-content\/uploads\/2021\/05\/Malutin-465x660.jpg 465w, http:\/\/familiengeschichte-kriegsgeschichte.de\/wp-content\/uploads\/2021\/05\/Malutin.jpg 777w\" sizes=\"(max-width: 186px) 100vw, 186px\" \/><\/a><span style=\"color: #993300;\"> war immer an d<\/span><span style=\"font-size: 1.125rem; color: #993300;\">er Front. Es wa<\/span><span style=\"font-size: 1.125rem; color: #993300;\">r eine harte Arbeit: Er musste Pferde aus dem Schlamm befreien und st\u00e4ndig einen schweren Eisenofen hinter sich her ziehen. Mein Gro\u00dfvater erz\u00e4hlte, dass<\/span> <span style=\"font-size: 1.125rem; color: #993300;\">\u00a0<\/span><span style=\"font-size: 1.125rem; color: #993300;\">\u00a0er sehr stolz darauf war, die Soldaten immer mit warmen Brot\u00a0 versorgt zu haben. Gro\u00dfvater Dmitri war im Krieg \u00fcberlastet. Er lebte nicht lange. Er starb im Alter von 67 Jahren.<\/span><a href=\"http:\/\/familiengeschichte-kriegsgeschichte.de\/wp-content\/uploads\/2021\/05\/nagradnoj_List.jpg\" target=\"_blank\" rel=\"noopener\"><img loading=\"lazy\" class=\"alignleft wp-image-434 size-medium\" style=\"font-size: 1.125rem; color: #993300;\" src=\"http:\/\/familiengeschichte-kriegsgeschichte.de\/wp-content\/uploads\/2021\/05\/nagradnoj_List-209x300.jpg\" alt=\"\" width=\"209\" height=\"300\" srcset=\"http:\/\/familiengeschichte-kriegsgeschichte.de\/wp-content\/uploads\/2021\/05\/nagradnoj_List-209x300.jpg 209w, http:\/\/familiengeschichte-kriegsgeschichte.de\/wp-content\/uploads\/2021\/05\/nagradnoj_List-460x660.jpg 460w, http:\/\/familiengeschichte-kriegsgeschichte.de\/wp-content\/uploads\/2021\/05\/nagradnoj_List.jpg 628w\" sizes=\"(max-width: 209px) 100vw, 209px\" \/><\/a><\/p>\n<p><span style=\"color: #993300;\">Das Dorf, in dem die Familie des Gro\u00dfvaters<\/span><span style=\"font-size: 1.125rem; color: #993300;\"> Dmitri lebte, wurde besetzt. Die Tochter des Gro\u00dfvaters, Ekaterina Sergeevna Malyutina, war zusammen mit ihrer Mutter in einem Konzentrationslager im Gebiet Woronesch. Sie wurde noch minderj\u00e4hrig Gefangene des Konze<\/span><span style=\"color: #993300; font-size: 1.125rem;\">ntrationslagers. Wir, die Enkelkinder, gehen mit dieser Erinnerung sehr sorgf\u00e4ltig und ehrenvoll um.<\/span><\/p>\n<p><a href=\"http:\/\/familiengeschichte-kriegsgeschichte.de\/wp-content\/uploads\/2021\/05\/Podvig.jpg\" target=\"_blank\" rel=\"noopener\"><img loading=\"lazy\" class=\"alignleft wp-image-435 size-medium\" style=\"font-size: 1.125rem; color: #993300;\" src=\"http:\/\/familiengeschichte-kriegsgeschichte.de\/wp-content\/uploads\/2021\/05\/Podvig-300x72.jpg\" alt=\"\" width=\"300\" height=\"72\" srcset=\"http:\/\/familiengeschichte-kriegsgeschichte.de\/wp-content\/uploads\/2021\/05\/Podvig-300x72.jpg 300w, http:\/\/familiengeschichte-kriegsgeschichte.de\/wp-content\/uploads\/2021\/05\/Podvig.jpg 628w\" sizes=\"(max-width: 300px) 100vw, 300px\" \/><\/a><a href=\"http:\/\/familiengeschichte-kriegsgeschichte.de\/wp-content\/uploads\/2021\/05\/Medal.jpg\" target=\"_blank\" rel=\"noopener\"><img loading=\"lazy\" class=\"alignleft wp-image-433 size-full\" style=\"font-size: 1.125rem; color: #993300;\" src=\"http:\/\/familiengeschichte-kriegsgeschichte.de\/wp-content\/uploads\/2021\/05\/Medal.jpg\" alt=\"\" width=\"82\" height=\"148\" \/><\/a><\/p>","protected":false},"excerpt":{"rendered":"<p>Mein Urgro\u00dfvater Dmitry Malyutin war B\u00e4cker. Er backte Brot f\u00fcr die Soldaten und war immer an der Front. Es war &hellip; <a href=\"http:\/\/familiengeschichte-kriegsgeschichte.de\/de\/%d1%80%d1%83%d1%81%d1%81%d0%ba%d0%b8%d0%b9-%d0%bc%d0%b0%d0%bb%d1%8e%d1%82%d0%b8%d0%bd-%d0%b4%d0%bc%d0%b8%d1%82%d1%80%d0%b8%d0%b9-%d0%b8%d0%b2%d0%b0%d0%bd%d0%be%d0%b2%d0%b8%d1%87\/\" class=\"more-link\"><span class=\"more-button\">Continue Reading<span class=\"screen-reader-text\">Maljutin Dmitry Ivanovich<\/span><\/span><\/a><\/p>\n","protected":false},"author":1,"featured_media":0,"parent":0,"menu_order":0,"comment_status":"closed","ping_status":"closed","template":"","meta":[],"yoast_head":"<!-- This site is optimized with the Yoast SEO plugin v18.4.1 - https:\/\/yoast.com\/wordpress\/plugins\/seo\/ -->\n<title>Maljutin Dmitry Ivanovich -<\/title>\n<meta name=\"robots\" content=\"index, follow, max-snippet:-1, max-image-preview:large, max-video-preview:-1\" \/>\n<link rel=\"canonical\" href=\"http:\/\/familiengeschichte-kriegsgeschichte.de\/de\/\u0440\u0443\u0441\u0441\u043a\u0438\u0439-\u043c\u0430\u043b\u044e\u0442\u0438\u043d-\u0434\u043c\u0438\u0442\u0440\u0438\u0439-\u0438\u0432\u0430\u043d\u043e\u0432\u0438\u0447\/\" \/>\n<meta property=\"og:locale\" content=\"de_DE\" \/>\n<meta property=\"og:type\" content=\"article\" \/>\n<meta property=\"og:title\" content=\"Maljutin Dmitry Ivanovich -\" \/>\n<meta property=\"og:description\" content=\"Mein Urgro\u00dfvater Dmitry Malyutin war B\u00e4cker. Er backte Brot f\u00fcr die Soldaten und war immer an der Front. Es war &hellip; Continue ReadingMaljutin Dmitry Ivanovich\" \/>\n<meta property=\"og:url\" content=\"http:\/\/familiengeschichte-kriegsgeschichte.de\/de\/\u0440\u0443\u0441\u0441\u043a\u0438\u0439-\u043c\u0430\u043b\u044e\u0442\u0438\u043d-\u0434\u043c\u0438\u0442\u0440\u0438\u0439-\u0438\u0432\u0430\u043d\u043e\u0432\u0438\u0447\/\" \/>\n<meta property=\"article:modified_time\" content=\"2021-05-12T10:39:20+00:00\" \/>\n<meta property=\"og:image\" content=\"http:\/\/familiengeschichte-kriegsgeschichte.de\/wp-content\/uploads\/2021\/05\/Malutin-211x300.jpg\" \/>\n<meta name=\"twitter:card\" content=\"summary_large_image\" \/>\n<meta name=\"twitter:label1\" content=\"Gesch\u00e4tzte Lesezeit\" \/>\n\t<meta name=\"twitter:data1\" content=\"2\u00a0Minuten\" \/>\n<script type=\"application\/ld+json\" class=\"yoast-schema-graph\">{\"@context\":\"https:\/\/schema.org\",\"@graph\":[{\"@type\":\"WebSite\",\"@id\":\"http:\/\/familiengeschichte-kriegsgeschichte.de\/de\/#website\",\"url\":\"http:\/\/familiengeschichte-kriegsgeschichte.de\/de\/\",\"name\":\"\",\"description\":\"\",\"potentialAction\":[{\"@type\":\"SearchAction\",\"target\":{\"@type\":\"EntryPoint\",\"urlTemplate\":\"http:\/\/familiengeschichte-kriegsgeschichte.de\/de\/?s={search_term_string}\"},\"query-input\":\"required name=search_term_string\"}],\"inLanguage\":\"de\"},{\"@type\":\"ImageObject\",\"@id\":\"http:\/\/familiengeschichte-kriegsgeschichte.de\/de\/%d1%80%d1%83%d1%81%d1%81%d0%ba%d0%b8%d0%b9-%d0%bc%d0%b0%d0%bb%d1%8e%d1%82%d0%b8%d0%bd-%d0%b4%d0%bc%d0%b8%d1%82%d1%80%d0%b8%d0%b9-%d0%b8%d0%b2%d0%b0%d0%bd%d0%be%d0%b2%d0%b8%d1%87\/#primaryimage\",\"inLanguage\":\"de\",\"url\":\"http:\/\/familiengeschichte-kriegsgeschichte.de\/wp-content\/uploads\/2021\/05\/Malutin.jpg\",\"contentUrl\":\"http:\/\/familiengeschichte-kriegsgeschichte.de\/wp-content\/uploads\/2021\/05\/Malutin.jpg\",\"width\":777,\"height\":1103},{\"@type\":\"WebPage\",\"@id\":\"http:\/\/familiengeschichte-kriegsgeschichte.de\/de\/%d1%80%d1%83%d1%81%d1%81%d0%ba%d0%b8%d0%b9-%d0%bc%d0%b0%d0%bb%d1%8e%d1%82%d0%b8%d0%bd-%d0%b4%d0%bc%d0%b8%d1%82%d1%80%d0%b8%d0%b9-%d0%b8%d0%b2%d0%b0%d0%bd%d0%be%d0%b2%d0%b8%d1%87\/#webpage\",\"url\":\"http:\/\/familiengeschichte-kriegsgeschichte.de\/de\/%d1%80%d1%83%d1%81%d1%81%d0%ba%d0%b8%d0%b9-%d0%bc%d0%b0%d0%bb%d1%8e%d1%82%d0%b8%d0%bd-%d0%b4%d0%bc%d0%b8%d1%82%d1%80%d0%b8%d0%b9-%d0%b8%d0%b2%d0%b0%d0%bd%d0%be%d0%b2%d0%b8%d1%87\/\",\"name\":\"Maljutin Dmitry Ivanovich -\",\"isPartOf\":{\"@id\":\"http:\/\/familiengeschichte-kriegsgeschichte.de\/de\/#website\"},\"primaryImageOfPage\":{\"@id\":\"http:\/\/familiengeschichte-kriegsgeschichte.de\/de\/%d1%80%d1%83%d1%81%d1%81%d0%ba%d0%b8%d0%b9-%d0%bc%d0%b0%d0%bb%d1%8e%d1%82%d0%b8%d0%bd-%d0%b4%d0%bc%d0%b8%d1%82%d1%80%d0%b8%d0%b9-%d0%b8%d0%b2%d0%b0%d0%bd%d0%be%d0%b2%d0%b8%d1%87\/#primaryimage\"},\"datePublished\":\"2021-05-05T09:47:57+00:00\",\"dateModified\":\"2021-05-12T10:39:20+00:00\",\"breadcrumb\":{\"@id\":\"http:\/\/familiengeschichte-kriegsgeschichte.de\/de\/%d1%80%d1%83%d1%81%d1%81%d0%ba%d0%b8%d0%b9-%d0%bc%d0%b0%d0%bb%d1%8e%d1%82%d0%b8%d0%bd-%d0%b4%d0%bc%d0%b8%d1%82%d1%80%d0%b8%d0%b9-%d0%b8%d0%b2%d0%b0%d0%bd%d0%be%d0%b2%d0%b8%d1%87\/#breadcrumb\"},\"inLanguage\":\"de\",\"potentialAction\":[{\"@type\":\"ReadAction\",\"target\":[\"http:\/\/familiengeschichte-kriegsgeschichte.de\/de\/%d1%80%d1%83%d1%81%d1%81%d0%ba%d0%b8%d0%b9-%d0%bc%d0%b0%d0%bb%d1%8e%d1%82%d0%b8%d0%bd-%d0%b4%d0%bc%d0%b8%d1%82%d1%80%d0%b8%d0%b9-%d0%b8%d0%b2%d0%b0%d0%bd%d0%be%d0%b2%d0%b8%d1%87\/\"]}]},{\"@type\":\"BreadcrumbList\",\"@id\":\"http:\/\/familiengeschichte-kriegsgeschichte.de\/de\/%d1%80%d1%83%d1%81%d1%81%d0%ba%d0%b8%d0%b9-%d0%bc%d0%b0%d0%bb%d1%8e%d1%82%d0%b8%d0%bd-%d0%b4%d0%bc%d0%b8%d1%82%d1%80%d0%b8%d0%b9-%d0%b8%d0%b2%d0%b0%d0%bd%d0%be%d0%b2%d0%b8%d1%87\/#breadcrumb\",\"itemListElement\":[{\"@type\":\"ListItem\",\"position\":1,\"name\":\"Startseite\",\"item\":\"http:\/\/familiengeschichte-kriegsgeschichte.de\/de\/\"},{\"@type\":\"ListItem\",\"position\":2,\"name\":\"Maljutin Dmitry Ivanovich\"}]}]}<\/script>\n<!-- \/ Yoast SEO plugin. -->","yoast_head_json":{"title":"Maljutin Dmitry Ivanovich -","robots":{"index":"index","follow":"follow","max-snippet":"max-snippet:-1","max-image-preview":"max-image-preview:large","max-video-preview":"max-video-preview:-1"},"canonical":"http:\/\/familiengeschichte-kriegsgeschichte.de\/de\/\u0440\u0443\u0441\u0441\u043a\u0438\u0439-\u043c\u0430\u043b\u044e\u0442\u0438\u043d-\u0434\u043c\u0438\u0442\u0440\u0438\u0439-\u0438\u0432\u0430\u043d\u043e\u0432\u0438\u0447\/","og_locale":"de_DE","og_type":"article","og_title":"Maljutin Dmitry Ivanovich -","og_description":"Mein Urgro\u00dfvater Dmitry Malyutin war B\u00e4cker. Er backte Brot f\u00fcr die Soldaten und war immer an der Front. Es war &hellip; Continue ReadingMaljutin Dmitry Ivanovich","og_url":"http:\/\/familiengeschichte-kriegsgeschichte.de\/de\/\u0440\u0443\u0441\u0441\u043a\u0438\u0439-\u043c\u0430\u043b\u044e\u0442\u0438\u043d-\u0434\u043c\u0438\u0442\u0440\u0438\u0439-\u0438\u0432\u0430\u043d\u043e\u0432\u0438\u0447\/","article_modified_time":"2021-05-12T10:39:20+00:00","og_image":[{"url":"http:\/\/familiengeschichte-kriegsgeschichte.de\/wp-content\/uploads\/2021\/05\/Malutin-211x300.jpg"}],"twitter_card":"summary_large_image","twitter_misc":{"Gesch\u00e4tzte Lesezeit":"2\u00a0Minuten"},"schema":{"@context":"https:\/\/schema.org","@graph":[{"@type":"WebSite","@id":"http:\/\/familiengeschichte-kriegsgeschichte.de\/de\/#website","url":"http:\/\/familiengeschichte-kriegsgeschichte.de\/de\/","name":"","description":"","potentialAction":[{"@type":"SearchAction","target":{"@type":"EntryPoint","urlTemplate":"http:\/\/familiengeschichte-kriegsgeschichte.de\/de\/?s={search_term_string}"},"query-input":"required name=search_term_string"}],"inLanguage":"de"},{"@type":"ImageObject","@id":"http:\/\/familiengeschichte-kriegsgeschichte.de\/de\/%d1%80%d1%83%d1%81%d1%81%d0%ba%d0%b8%d0%b9-%d0%bc%d0%b0%d0%bb%d1%8e%d1%82%d0%b8%d0%bd-%d0%b4%d0%bc%d0%b8%d1%82%d1%80%d0%b8%d0%b9-%d0%b8%d0%b2%d0%b0%d0%bd%d0%be%d0%b2%d0%b8%d1%87\/#primaryimage","inLanguage":"de","url":"http:\/\/familiengeschichte-kriegsgeschichte.de\/wp-content\/uploads\/2021\/05\/Malutin.jpg","contentUrl":"http:\/\/familiengeschichte-kriegsgeschichte.de\/wp-content\/uploads\/2021\/05\/Malutin.jpg","width":777,"height":1103},{"@type":"WebPage","@id":"http:\/\/familiengeschichte-kriegsgeschichte.de\/de\/%d1%80%d1%83%d1%81%d1%81%d0%ba%d0%b8%d0%b9-%d0%bc%d0%b0%d0%bb%d1%8e%d1%82%d0%b8%d0%bd-%d0%b4%d0%bc%d0%b8%d1%82%d1%80%d0%b8%d0%b9-%d0%b8%d0%b2%d0%b0%d0%bd%d0%be%d0%b2%d0%b8%d1%87\/#webpage","url":"http:\/\/familiengeschichte-kriegsgeschichte.de\/de\/%d1%80%d1%83%d1%81%d1%81%d0%ba%d0%b8%d0%b9-%d0%bc%d0%b0%d0%bb%d1%8e%d1%82%d0%b8%d0%bd-%d0%b4%d0%bc%d0%b8%d1%82%d1%80%d0%b8%d0%b9-%d0%b8%d0%b2%d0%b0%d0%bd%d0%be%d0%b2%d0%b8%d1%87\/","name":"Maljutin Dmitry Ivanovich -","isPartOf":{"@id":"http:\/\/familiengeschichte-kriegsgeschichte.de\/de\/#website"},"primaryImageOfPage":{"@id":"http:\/\/familiengeschichte-kriegsgeschichte.de\/de\/%d1%80%d1%83%d1%81%d1%81%d0%ba%d0%b8%d0%b9-%d0%bc%d0%b0%d0%bb%d1%8e%d1%82%d0%b8%d0%bd-%d0%b4%d0%bc%d0%b8%d1%82%d1%80%d0%b8%d0%b9-%d0%b8%d0%b2%d0%b0%d0%bd%d0%be%d0%b2%d0%b8%d1%87\/#primaryimage"},"datePublished":"2021-05-05T09:47:57+00:00","dateModified":"2021-05-12T10:39:20+00:00","breadcrumb":{"@id":"http:\/\/familiengeschichte-kriegsgeschichte.de\/de\/%d1%80%d1%83%d1%81%d1%81%d0%ba%d0%b8%d0%b9-%d0%bc%d0%b0%d0%bb%d1%8e%d1%82%d0%b8%d0%bd-%d0%b4%d0%bc%d0%b8%d1%82%d1%80%d0%b8%d0%b9-%d0%b8%d0%b2%d0%b0%d0%bd%d0%be%d0%b2%d0%b8%d1%87\/#breadcrumb"},"inLanguage":"de","potentialAction":[{"@type":"ReadAction","target":["http:\/\/familiengeschichte-kriegsgeschichte.de\/de\/%d1%80%d1%83%d1%81%d1%81%d0%ba%d0%b8%d0%b9-%d0%bc%d0%b0%d0%bb%d1%8e%d1%82%d0%b8%d0%bd-%d0%b4%d0%bc%d0%b8%d1%82%d1%80%d0%b8%d0%b9-%d0%b8%d0%b2%d0%b0%d0%bd%d0%be%d0%b2%d0%b8%d1%87\/"]}]},{"@type":"BreadcrumbList","@id":"http:\/\/familiengeschichte-kriegsgeschichte.de\/de\/%d1%80%d1%83%d1%81%d1%81%d0%ba%d0%b8%d0%b9-%d0%bc%d0%b0%d0%bb%d1%8e%d1%82%d0%b8%d0%bd-%d0%b4%d0%bc%d0%b8%d1%82%d1%80%d0%b8%d0%b9-%d0%b8%d0%b2%d0%b0%d0%bd%d0%be%d0%b2%d0%b8%d1%87\/#breadcrumb","itemListElement":[{"@type":"ListItem","position":1,"name":"Startseite","item":"http:\/\/familiengeschichte-kriegsgeschichte.de\/de\/"},{"@type":"ListItem","position":2,"name":"Maljutin Dmitry Ivanovich"}]}]}},"_links":{"self":[{"href":"http:\/\/familiengeschichte-kriegsgeschichte.de\/de\/wp-json\/wp\/v2\/pages\/299"}],"collection":[{"href":"http:\/\/familiengeschichte-kriegsgeschichte.de\/de\/wp-json\/wp\/v2\/pages"}],"about":[{"href":"http:\/\/familiengeschichte-kriegsgeschichte.de\/de\/wp-json\/wp\/v2\/types\/page"}],"author":[{"embeddable":true,"href":"http:\/\/familiengeschichte-kriegsgeschichte.de\/de\/wp-json\/wp\/v2\/users\/1"}],"replies":[{"embeddable":true,"href":"http:\/\/familiengeschichte-kriegsgeschichte.de\/de\/wp-json\/wp\/v2\/comments?post=299"}],"version-history":[{"count":5,"href":"http:\/\/familiengeschichte-kriegsgeschichte.de\/de\/wp-json\/wp\/v2\/pages\/299\/revisions"}],"predecessor-version":[{"id":438,"href":"http:\/\/familiengeschichte-kriegsgeschichte.de\/de\/wp-json\/wp\/v2\/pages\/299\/revisions\/438"}],"wp:attachment":[{"href":"http:\/\/familiengeschichte-kriegsgeschichte.de\/de\/wp-json\/wp\/v2\/media?parent=299"}],"curies":[{"name":"wp","href":"https:\/\/api.w.org\/{rel}","templated":true}]}}