{"id":302,"date":"2021-05-05T11:50:08","date_gmt":"2021-05-05T09:50:08","guid":{"rendered":"http:\/\/familiengeschichte-kriegsgeschichte.de\/?page_id=302"},"modified":"2021-07-26T14:33:51","modified_gmt":"2021-07-26T12:33:51","slug":"%d1%80%d1%83%d1%81%d1%81%d0%ba%d0%b8%d0%b9-%d0%b4%d1%83%d0%b1%d0%b8%d0%bd%d0%b8%d0%bd%d0%b0-%d0%b5%d0%b2%d0%b4%d0%be%d0%ba%d0%b8%d1%8f","status":"publish","type":"page","link":"http:\/\/familiengeschichte-kriegsgeschichte.de\/de\/%d1%80%d1%83%d1%81%d1%81%d0%ba%d0%b8%d0%b9-%d0%b4%d1%83%d0%b1%d0%b8%d0%bd%d0%b8%d0%bd%d0%b0-%d0%b5%d0%b2%d0%b4%d0%be%d0%ba%d0%b8%d1%8f\/","title":{"rendered":"Dubinina Evdokia"},"content":{"rendered":"<p><span style=\"color: #993300;\">Meine Gro\u00dfmutter Evdokia Dubinina wurde am 14.08.1928 in der N\u00e4he von Orlov geboren. Ihre Familie wurde enteignet und nach Kemerov verfrachtet. W\u00e4hrend des Krieges arbeitete sie in einer Fabrik in Podolsk und fertigte bis zum Ende dort Granaten an. Danach legte sie eine Ausbildung in der Fleischerei ab und arbeitete in diesem Feld. Sp\u00e4ter sogar in einer R\u00e4ucherei.<\/span><\/p>\n<p><span style=\"color: #993300;\">&#8230; zog sie nach Karaganda und arbeitete dort mit ihrem Ehemann in einer Holzwerkstatt. Nach der Rente zog sie nach Russland in die N\u00e4he von Lipetzk.<\/span><\/p>","protected":false},"excerpt":{"rendered":"<p>Meine Gro\u00dfmutter Evdokia Dubinina wurde am 14.08.1928 in der N\u00e4he von Orlov geboren. Ihre Familie wurde enteignet und nach Kemerov &hellip; <a href=\"http:\/\/familiengeschichte-kriegsgeschichte.de\/de\/%d1%80%d1%83%d1%81%d1%81%d0%ba%d0%b8%d0%b9-%d0%b4%d1%83%d0%b1%d0%b8%d0%bd%d0%b8%d0%bd%d0%b0-%d0%b5%d0%b2%d0%b4%d0%be%d0%ba%d0%b8%d1%8f\/\" class=\"more-link\"><span class=\"more-button\">Continue Reading<span class=\"screen-reader-text\">Dubinina Evdokia<\/span><\/span><\/a><\/p>\n","protected":false},"author":1,"featured_media":0,"parent":0,"menu_order":0,"comment_status":"closed","ping_status":"closed","template":"","meta":[],"yoast_head":"<!-- This site is optimized with the Yoast SEO plugin v18.4.1 - https:\/\/yoast.com\/wordpress\/plugins\/seo\/ -->\n<title>Dubinina Evdokia -<\/title>\n<meta name=\"robots\" content=\"index, follow, max-snippet:-1, max-image-preview:large, max-video-preview:-1\" \/>\n<link rel=\"canonical\" href=\"http:\/\/familiengeschichte-kriegsgeschichte.de\/de\/\u0440\u0443\u0441\u0441\u043a\u0438\u0439-\u0434\u0443\u0431\u0438\u043d\u0438\u043d\u0430-\u0435\u0432\u0434\u043e\u043a\u0438\u044f\/\" \/>\n<meta property=\"og:locale\" content=\"de_DE\" \/>\n<meta property=\"og:type\" content=\"article\" \/>\n<meta property=\"og:title\" content=\"Dubinina Evdokia -\" \/>\n<meta property=\"og:description\" content=\"Meine Gro\u00dfmutter Evdokia Dubinina wurde am 14.08.1928 in der N\u00e4he von Orlov geboren. Ihre Familie wurde enteignet und nach Kemerov &hellip; Continue ReadingDubinina Evdokia\" \/>\n<meta property=\"og:url\" content=\"http:\/\/familiengeschichte-kriegsgeschichte.de\/de\/\u0440\u0443\u0441\u0441\u043a\u0438\u0439-\u0434\u0443\u0431\u0438\u043d\u0438\u043d\u0430-\u0435\u0432\u0434\u043e\u043a\u0438\u044f\/\" \/>\n<meta property=\"article:modified_time\" content=\"2021-07-26T12:33:51+00:00\" \/>\n<meta name=\"twitter:card\" content=\"summary_large_image\" \/>\n<meta name=\"twitter:label1\" content=\"Gesch\u00e4tzte Lesezeit\" \/>\n\t<meta name=\"twitter:data1\" content=\"1\u00a0Minute\" \/>\n<script type=\"application\/ld+json\" class=\"yoast-schema-graph\">{\"@context\":\"https:\/\/schema.org\",\"@graph\":[{\"@type\":\"WebSite\",\"@id\":\"http:\/\/familiengeschichte-kriegsgeschichte.de\/de\/#website\",\"url\":\"http:\/\/familiengeschichte-kriegsgeschichte.de\/de\/\",\"name\":\"\",\"description\":\"\",\"potentialAction\":[{\"@type\":\"SearchAction\",\"target\":{\"@type\":\"EntryPoint\",\"urlTemplate\":\"http:\/\/familiengeschichte-kriegsgeschichte.de\/de\/?s={search_term_string}\"},\"query-input\":\"required name=search_term_string\"}],\"inLanguage\":\"de\"},{\"@type\":\"WebPage\",\"@id\":\"http:\/\/familiengeschichte-kriegsgeschichte.de\/de\/%d1%80%d1%83%d1%81%d1%81%d0%ba%d0%b8%d0%b9-%d0%b4%d1%83%d0%b1%d0%b8%d0%bd%d0%b8%d0%bd%d0%b0-%d0%b5%d0%b2%d0%b4%d0%be%d0%ba%d0%b8%d1%8f\/#webpage\",\"url\":\"http:\/\/familiengeschichte-kriegsgeschichte.de\/de\/%d1%80%d1%83%d1%81%d1%81%d0%ba%d0%b8%d0%b9-%d0%b4%d1%83%d0%b1%d0%b8%d0%bd%d0%b8%d0%bd%d0%b0-%d0%b5%d0%b2%d0%b4%d0%be%d0%ba%d0%b8%d1%8f\/\",\"name\":\"Dubinina Evdokia -\",\"isPartOf\":{\"@id\":\"http:\/\/familiengeschichte-kriegsgeschichte.de\/de\/#website\"},\"datePublished\":\"2021-05-05T09:50:08+00:00\",\"dateModified\":\"2021-07-26T12:33:51+00:00\",\"breadcrumb\":{\"@id\":\"http:\/\/familiengeschichte-kriegsgeschichte.de\/de\/%d1%80%d1%83%d1%81%d1%81%d0%ba%d0%b8%d0%b9-%d0%b4%d1%83%d0%b1%d0%b8%d0%bd%d0%b8%d0%bd%d0%b0-%d0%b5%d0%b2%d0%b4%d0%be%d0%ba%d0%b8%d1%8f\/#breadcrumb\"},\"inLanguage\":\"de\",\"potentialAction\":[{\"@type\":\"ReadAction\",\"target\":[\"http:\/\/familiengeschichte-kriegsgeschichte.de\/de\/%d1%80%d1%83%d1%81%d1%81%d0%ba%d0%b8%d0%b9-%d0%b4%d1%83%d0%b1%d0%b8%d0%bd%d0%b8%d0%bd%d0%b0-%d0%b5%d0%b2%d0%b4%d0%be%d0%ba%d0%b8%d1%8f\/\"]}]},{\"@type\":\"BreadcrumbList\",\"@id\":\"http:\/\/familiengeschichte-kriegsgeschichte.de\/de\/%d1%80%d1%83%d1%81%d1%81%d0%ba%d0%b8%d0%b9-%d0%b4%d1%83%d0%b1%d0%b8%d0%bd%d0%b8%d0%bd%d0%b0-%d0%b5%d0%b2%d0%b4%d0%be%d0%ba%d0%b8%d1%8f\/#breadcrumb\",\"itemListElement\":[{\"@type\":\"ListItem\",\"position\":1,\"name\":\"Startseite\",\"item\":\"http:\/\/familiengeschichte-kriegsgeschichte.de\/de\/\"},{\"@type\":\"ListItem\",\"position\":2,\"name\":\"Dubinina Evdokia\"}]}]}<\/script>\n<!-- \/ Yoast SEO plugin. -->","yoast_head_json":{"title":"Dubinina Evdokia -","robots":{"index":"index","follow":"follow","max-snippet":"max-snippet:-1","max-image-preview":"max-image-preview:large","max-video-preview":"max-video-preview:-1"},"canonical":"http:\/\/familiengeschichte-kriegsgeschichte.de\/de\/\u0440\u0443\u0441\u0441\u043a\u0438\u0439-\u0434\u0443\u0431\u0438\u043d\u0438\u043d\u0430-\u0435\u0432\u0434\u043e\u043a\u0438\u044f\/","og_locale":"de_DE","og_type":"article","og_title":"Dubinina Evdokia -","og_description":"Meine Gro\u00dfmutter Evdokia Dubinina wurde am 14.08.1928 in der N\u00e4he von Orlov geboren. Ihre Familie wurde enteignet und nach Kemerov &hellip; Continue ReadingDubinina Evdokia","og_url":"http:\/\/familiengeschichte-kriegsgeschichte.de\/de\/\u0440\u0443\u0441\u0441\u043a\u0438\u0439-\u0434\u0443\u0431\u0438\u043d\u0438\u043d\u0430-\u0435\u0432\u0434\u043e\u043a\u0438\u044f\/","article_modified_time":"2021-07-26T12:33:51+00:00","twitter_card":"summary_large_image","twitter_misc":{"Gesch\u00e4tzte Lesezeit":"1\u00a0Minute"},"schema":{"@context":"https:\/\/schema.org","@graph":[{"@type":"WebSite","@id":"http:\/\/familiengeschichte-kriegsgeschichte.de\/de\/#website","url":"http:\/\/familiengeschichte-kriegsgeschichte.de\/de\/","name":"","description":"","potentialAction":[{"@type":"SearchAction","target":{"@type":"EntryPoint","urlTemplate":"http:\/\/familiengeschichte-kriegsgeschichte.de\/de\/?s={search_term_string}"},"query-input":"required name=search_term_string"}],"inLanguage":"de"},{"@type":"WebPage","@id":"http:\/\/familiengeschichte-kriegsgeschichte.de\/de\/%d1%80%d1%83%d1%81%d1%81%d0%ba%d0%b8%d0%b9-%d0%b4%d1%83%d0%b1%d0%b8%d0%bd%d0%b8%d0%bd%d0%b0-%d0%b5%d0%b2%d0%b4%d0%be%d0%ba%d0%b8%d1%8f\/#webpage","url":"http:\/\/familiengeschichte-kriegsgeschichte.de\/de\/%d1%80%d1%83%d1%81%d1%81%d0%ba%d0%b8%d0%b9-%d0%b4%d1%83%d0%b1%d0%b8%d0%bd%d0%b8%d0%bd%d0%b0-%d0%b5%d0%b2%d0%b4%d0%be%d0%ba%d0%b8%d1%8f\/","name":"Dubinina Evdokia -","isPartOf":{"@id":"http:\/\/familiengeschichte-kriegsgeschichte.de\/de\/#website"},"datePublished":"2021-05-05T09:50:08+00:00","dateModified":"2021-07-26T12:33:51+00:00","breadcrumb":{"@id":"http:\/\/familiengeschichte-kriegsgeschichte.de\/de\/%d1%80%d1%83%d1%81%d1%81%d0%ba%d0%b8%d0%b9-%d0%b4%d1%83%d0%b1%d0%b8%d0%bd%d0%b8%d0%bd%d0%b0-%d0%b5%d0%b2%d0%b4%d0%be%d0%ba%d0%b8%d1%8f\/#breadcrumb"},"inLanguage":"de","potentialAction":[{"@type":"ReadAction","target":["http:\/\/familiengeschichte-kriegsgeschichte.de\/de\/%d1%80%d1%83%d1%81%d1%81%d0%ba%d0%b8%d0%b9-%d0%b4%d1%83%d0%b1%d0%b8%d0%bd%d0%b8%d0%bd%d0%b0-%d0%b5%d0%b2%d0%b4%d0%be%d0%ba%d0%b8%d1%8f\/"]}]},{"@type":"BreadcrumbList","@id":"http:\/\/familiengeschichte-kriegsgeschichte.de\/de\/%d1%80%d1%83%d1%81%d1%81%d0%ba%d0%b8%d0%b9-%d0%b4%d1%83%d0%b1%d0%b8%d0%bd%d0%b8%d0%bd%d0%b0-%d0%b5%d0%b2%d0%b4%d0%be%d0%ba%d0%b8%d1%8f\/#breadcrumb","itemListElement":[{"@type":"ListItem","position":1,"name":"Startseite","item":"http:\/\/familiengeschichte-kriegsgeschichte.de\/de\/"},{"@type":"ListItem","position":2,"name":"Dubinina Evdokia"}]}]}},"_links":{"self":[{"href":"http:\/\/familiengeschichte-kriegsgeschichte.de\/de\/wp-json\/wp\/v2\/pages\/302"}],"collection":[{"href":"http:\/\/familiengeschichte-kriegsgeschichte.de\/de\/wp-json\/wp\/v2\/pages"}],"about":[{"href":"http:\/\/familiengeschichte-kriegsgeschichte.de\/de\/wp-json\/wp\/v2\/types\/page"}],"author":[{"embeddable":true,"href":"http:\/\/familiengeschichte-kriegsgeschichte.de\/de\/wp-json\/wp\/v2\/users\/1"}],"replies":[{"embeddable":true,"href":"http:\/\/familiengeschichte-kriegsgeschichte.de\/de\/wp-json\/wp\/v2\/comments?post=302"}],"version-history":[{"count":6,"href":"http:\/\/familiengeschichte-kriegsgeschichte.de\/de\/wp-json\/wp\/v2\/pages\/302\/revisions"}],"predecessor-version":[{"id":588,"href":"http:\/\/familiengeschichte-kriegsgeschichte.de\/de\/wp-json\/wp\/v2\/pages\/302\/revisions\/588"}],"wp:attachment":[{"href":"http:\/\/familiengeschichte-kriegsgeschichte.de\/de\/wp-json\/wp\/v2\/media?parent=302"}],"curies":[{"name":"wp","href":"https:\/\/api.w.org\/{rel}","templated":true}]}}