{"id":312,"date":"2021-05-05T14:10:32","date_gmt":"2021-05-05T12:10:32","guid":{"rendered":"http:\/\/familiengeschichte-kriegsgeschichte.de\/?page_id=312"},"modified":"2021-06-16T10:38:38","modified_gmt":"2021-06-16T08:38:38","slug":"weisse-sonnenhuete-saengerin-n-heim","status":"publish","type":"page","link":"http:\/\/familiengeschichte-kriegsgeschichte.de\/de\/weisse-sonnenhuete-saengerin-n-heim\/","title":{"rendered":"Wei\u00dfe Sonnenh\u00fcte (Gesang: Nastja Alexandra Heim)"},"content":{"rendered":"<p><span style=\"color: #ffffff;\"><div class=\"aiovg-player-container\" style=\"max-width: 100%;\"><div class=\"aiovg-player aiovg-player-iframe\" style=\"padding-bottom: 56.25%;\" data-id=\"1\" data-src=\"http:\/\/familiengeschichte-kriegsgeschichte.de\/de\/player-embed\/id\/279\/\"><iframe width=\"560\" height=\"315\" src=\"http:\/\/familiengeschichte-kriegsgeschichte.de\/de\/player-embed\/id\/279\/\" frameborder=\"0\" scrolling=\"no\" allow=\"accelerometer; autoplay; encrypted-media; gyroscope; picture-in-picture\" webkitallowfullscreen mozallowfullscreen allowfullscreen><\/iframe><\/div><\/div><\/span><\/p>\n<p>&nbsp;<\/p>\n<p><span style=\"color: #993300;\">In diesem Lied geht es um die Kinder, die friedlich im Innenhof ihres Kindergartens spielen. Es ist Sommer, alle tragen wei\u00dfe Sonnenh\u00fcte. Pl\u00f6tzlich endet diese Idyllia &#8211; Der Krieg f\u00e4ngt an. Nach einem pl\u00f6tzlichen Bombenanschlag legen nur die Sonnenh\u00fcte auf dem Boden&#8230;<\/span><\/p>\n<p><span style=\"color: #993300;\">Das Lied hat auch einen historischen Hintergrund. Der Gro\u00dfvater des Dichters war f\u00fcr die Evakuation der Kinder in Leningrad zust\u00e4ndig. Im Herbst 1941 mussten die Kinder mit dem Schiff \u00fcber den Ladogasee aus der Blockade evakuiert werden. Die Eltern sind auf dem Boden geblieben. Nur einige Soldaten und die Kinder waren am Bord. Pl\u00f6tzlich n\u00e4herten die Flugzeuge der Gegner und warfen die Bomben auf das Schiff. Auf der Wasserfl\u00e4che sind nur wei\u00dfe Sonnenh\u00fcte geblieben&#8230;<\/span><\/p>","protected":false},"excerpt":{"rendered":"<p>&nbsp; In diesem Lied geht es um die Kinder, die friedlich im Innenhof ihres Kindergartens spielen. Es ist Sommer, alle &hellip; <a href=\"http:\/\/familiengeschichte-kriegsgeschichte.de\/de\/weisse-sonnenhuete-saengerin-n-heim\/\" class=\"more-link\"><span class=\"more-button\">Continue Reading<span class=\"screen-reader-text\">Wei\u00dfe Sonnenh\u00fcte (Gesang: Nastja Alexandra Heim)<\/span><\/span><\/a><\/p>\n","protected":false},"author":1,"featured_media":0,"parent":0,"menu_order":0,"comment_status":"closed","ping_status":"closed","template":"","meta":[],"yoast_head":"<!-- This site is optimized with the Yoast SEO plugin v18.4.1 - https:\/\/yoast.com\/wordpress\/plugins\/seo\/ -->\n<title>Wei\u00dfe Sonnenh\u00fcte (Gesang: Nastja Alexandra Heim) -<\/title>\n<meta name=\"robots\" content=\"index, follow, max-snippet:-1, max-image-preview:large, max-video-preview:-1\" \/>\n<link rel=\"canonical\" href=\"http:\/\/familiengeschichte-kriegsgeschichte.de\/ru\/weisse-sonnenhuete-saengerin-n-heim\/\" \/>\n<meta property=\"og:locale\" content=\"de_DE\" \/>\n<meta property=\"og:type\" content=\"article\" \/>\n<meta property=\"og:title\" content=\"Wei\u00dfe Sonnenh\u00fcte (Gesang: Nastja Alexandra Heim) -\" \/>\n<meta property=\"og:description\" content=\"&nbsp; In diesem Lied geht es um die Kinder, die friedlich im Innenhof ihres Kindergartens spielen. Es ist Sommer, alle &hellip; Continue ReadingWei\u00dfe Sonnenh\u00fcte (Gesang: Nastja Alexandra Heim)\" \/>\n<meta property=\"og:url\" content=\"http:\/\/familiengeschichte-kriegsgeschichte.de\/ru\/weisse-sonnenhuete-saengerin-n-heim\/\" \/>\n<meta property=\"article:modified_time\" content=\"2021-06-16T08:38:38+00:00\" \/>\n<meta name=\"twitter:card\" content=\"summary_large_image\" \/>\n<meta name=\"twitter:label1\" content=\"Gesch\u00e4tzte Lesezeit\" \/>\n\t<meta name=\"twitter:data1\" content=\"1\u00a0Minute\" \/>\n<script type=\"application\/ld+json\" class=\"yoast-schema-graph\">{\"@context\":\"https:\/\/schema.org\",\"@graph\":[{\"@type\":\"WebSite\",\"@id\":\"http:\/\/familiengeschichte-kriegsgeschichte.de\/de\/#website\",\"url\":\"http:\/\/familiengeschichte-kriegsgeschichte.de\/de\/\",\"name\":\"\",\"description\":\"\",\"potentialAction\":[{\"@type\":\"SearchAction\",\"target\":{\"@type\":\"EntryPoint\",\"urlTemplate\":\"http:\/\/familiengeschichte-kriegsgeschichte.de\/de\/?s={search_term_string}\"},\"query-input\":\"required name=search_term_string\"}],\"inLanguage\":\"de\"},{\"@type\":\"WebPage\",\"@id\":\"http:\/\/familiengeschichte-kriegsgeschichte.de\/ru\/weisse-sonnenhuete-saengerin-n-heim\/#webpage\",\"url\":\"http:\/\/familiengeschichte-kriegsgeschichte.de\/ru\/weisse-sonnenhuete-saengerin-n-heim\/\",\"name\":\"Wei\u00dfe Sonnenh\u00fcte (Gesang: Nastja Alexandra Heim) -\",\"isPartOf\":{\"@id\":\"http:\/\/familiengeschichte-kriegsgeschichte.de\/de\/#website\"},\"datePublished\":\"2021-05-05T12:10:32+00:00\",\"dateModified\":\"2021-06-16T08:38:38+00:00\",\"breadcrumb\":{\"@id\":\"http:\/\/familiengeschichte-kriegsgeschichte.de\/ru\/weisse-sonnenhuete-saengerin-n-heim\/#breadcrumb\"},\"inLanguage\":\"de\",\"potentialAction\":[{\"@type\":\"ReadAction\",\"target\":[\"http:\/\/familiengeschichte-kriegsgeschichte.de\/ru\/weisse-sonnenhuete-saengerin-n-heim\/\"]}]},{\"@type\":\"BreadcrumbList\",\"@id\":\"http:\/\/familiengeschichte-kriegsgeschichte.de\/ru\/weisse-sonnenhuete-saengerin-n-heim\/#breadcrumb\",\"itemListElement\":[{\"@type\":\"ListItem\",\"position\":1,\"name\":\"Startseite\",\"item\":\"http:\/\/familiengeschichte-kriegsgeschichte.de\/de\/\"},{\"@type\":\"ListItem\",\"position\":2,\"name\":\"&#187;\u0411\u0435\u043b\u044b\u0435 \u043f\u0430\u043d\u0430\u043c\u043a\u0438&#187;(\u0438\u0441\u043f\u043e\u043b\u043d\u044f\u0435\u0442 \u041d\u0430\u0441\u0442\u044f \u0410\u043b\u0435\u043a\u0441\u0430\u043d\u0434\u0440\u0430 \u0413\u0435\u0439\u043c)\"}]}]}<\/script>\n<!-- \/ Yoast SEO plugin. -->","yoast_head_json":{"title":"Wei\u00dfe Sonnenh\u00fcte (Gesang: Nastja Alexandra Heim) -","robots":{"index":"index","follow":"follow","max-snippet":"max-snippet:-1","max-image-preview":"max-image-preview:large","max-video-preview":"max-video-preview:-1"},"canonical":"http:\/\/familiengeschichte-kriegsgeschichte.de\/ru\/weisse-sonnenhuete-saengerin-n-heim\/","og_locale":"de_DE","og_type":"article","og_title":"Wei\u00dfe Sonnenh\u00fcte (Gesang: Nastja Alexandra Heim) -","og_description":"&nbsp; In diesem Lied geht es um die Kinder, die friedlich im Innenhof ihres Kindergartens spielen. Es ist Sommer, alle &hellip; Continue ReadingWei\u00dfe Sonnenh\u00fcte (Gesang: Nastja Alexandra Heim)","og_url":"http:\/\/familiengeschichte-kriegsgeschichte.de\/ru\/weisse-sonnenhuete-saengerin-n-heim\/","article_modified_time":"2021-06-16T08:38:38+00:00","twitter_card":"summary_large_image","twitter_misc":{"Gesch\u00e4tzte Lesezeit":"1\u00a0Minute"},"schema":{"@context":"https:\/\/schema.org","@graph":[{"@type":"WebSite","@id":"http:\/\/familiengeschichte-kriegsgeschichte.de\/de\/#website","url":"http:\/\/familiengeschichte-kriegsgeschichte.de\/de\/","name":"","description":"","potentialAction":[{"@type":"SearchAction","target":{"@type":"EntryPoint","urlTemplate":"http:\/\/familiengeschichte-kriegsgeschichte.de\/de\/?s={search_term_string}"},"query-input":"required name=search_term_string"}],"inLanguage":"de"},{"@type":"WebPage","@id":"http:\/\/familiengeschichte-kriegsgeschichte.de\/ru\/weisse-sonnenhuete-saengerin-n-heim\/#webpage","url":"http:\/\/familiengeschichte-kriegsgeschichte.de\/ru\/weisse-sonnenhuete-saengerin-n-heim\/","name":"Wei\u00dfe Sonnenh\u00fcte (Gesang: Nastja Alexandra Heim) -","isPartOf":{"@id":"http:\/\/familiengeschichte-kriegsgeschichte.de\/de\/#website"},"datePublished":"2021-05-05T12:10:32+00:00","dateModified":"2021-06-16T08:38:38+00:00","breadcrumb":{"@id":"http:\/\/familiengeschichte-kriegsgeschichte.de\/ru\/weisse-sonnenhuete-saengerin-n-heim\/#breadcrumb"},"inLanguage":"de","potentialAction":[{"@type":"ReadAction","target":["http:\/\/familiengeschichte-kriegsgeschichte.de\/ru\/weisse-sonnenhuete-saengerin-n-heim\/"]}]},{"@type":"BreadcrumbList","@id":"http:\/\/familiengeschichte-kriegsgeschichte.de\/ru\/weisse-sonnenhuete-saengerin-n-heim\/#breadcrumb","itemListElement":[{"@type":"ListItem","position":1,"name":"Startseite","item":"http:\/\/familiengeschichte-kriegsgeschichte.de\/de\/"},{"@type":"ListItem","position":2,"name":"&#187;\u0411\u0435\u043b\u044b\u0435 \u043f\u0430\u043d\u0430\u043c\u043a\u0438&#187;(\u0438\u0441\u043f\u043e\u043b\u043d\u044f\u0435\u0442 \u041d\u0430\u0441\u0442\u044f \u0410\u043b\u0435\u043a\u0441\u0430\u043d\u0434\u0440\u0430 \u0413\u0435\u0439\u043c)"}]}]}},"_links":{"self":[{"href":"http:\/\/familiengeschichte-kriegsgeschichte.de\/de\/wp-json\/wp\/v2\/pages\/312"}],"collection":[{"href":"http:\/\/familiengeschichte-kriegsgeschichte.de\/de\/wp-json\/wp\/v2\/pages"}],"about":[{"href":"http:\/\/familiengeschichte-kriegsgeschichte.de\/de\/wp-json\/wp\/v2\/types\/page"}],"author":[{"embeddable":true,"href":"http:\/\/familiengeschichte-kriegsgeschichte.de\/de\/wp-json\/wp\/v2\/users\/1"}],"replies":[{"embeddable":true,"href":"http:\/\/familiengeschichte-kriegsgeschichte.de\/de\/wp-json\/wp\/v2\/comments?post=312"}],"version-history":[{"count":6,"href":"http:\/\/familiengeschichte-kriegsgeschichte.de\/de\/wp-json\/wp\/v2\/pages\/312\/revisions"}],"predecessor-version":[{"id":485,"href":"http:\/\/familiengeschichte-kriegsgeschichte.de\/de\/wp-json\/wp\/v2\/pages\/312\/revisions\/485"}],"wp:attachment":[{"href":"http:\/\/familiengeschichte-kriegsgeschichte.de\/de\/wp-json\/wp\/v2\/media?parent=312"}],"curies":[{"name":"wp","href":"https:\/\/api.w.org\/{rel}","templated":true}]}}