{"id":316,"date":"2021-05-05T14:14:56","date_gmt":"2021-05-05T12:14:56","guid":{"rendered":"http:\/\/familiengeschichte-kriegsgeschichte.de\/?page_id=316"},"modified":"2021-06-16T10:42:02","modified_gmt":"2021-06-16T08:42:02","slug":"%d1%80%d1%83%d1%81%d1%81%d0%ba%d0%b8%d0%b9-%d0%b6%d1%83%d1%80%d0%b0%d0%b2%d0%bb%d0%b8-%d0%b8%d1%81%d0%bf%d0%be%d0%bb%d0%bd%d1%8f%d1%8e%d1%82-%d0%bc%d0%b0%d1%80%d0%b8%d1%8f-%d0%b2%d0%b5%d0%b9","status":"publish","type":"page","link":"http:\/\/familiengeschichte-kriegsgeschichte.de\/de\/%d1%80%d1%83%d1%81%d1%81%d0%ba%d0%b8%d0%b9-%d0%b6%d1%83%d1%80%d0%b0%d0%b2%d0%bb%d0%b8-%d0%b8%d1%81%d0%bf%d0%be%d0%bb%d0%bd%d1%8f%d1%8e%d1%82-%d0%bc%d0%b0%d1%80%d0%b8%d1%8f-%d0%b2%d0%b5%d0%b9\/","title":{"rendered":"&#8220;Kraniche&#8220; (Gesang: Maria Weikum\/ Anna H\u00f6ffner)"},"content":{"rendered":"<p><div class=\"aiovg-player-container\" style=\"max-width: 100%;\"><div class=\"aiovg-player aiovg-player-iframe\" style=\"padding-bottom: 56.25%;\" data-id=\"1\" data-src=\"http:\/\/familiengeschichte-kriegsgeschichte.de\/de\/player-embed\/id\/283\/\"><iframe width=\"560\" height=\"315\" src=\"http:\/\/familiengeschichte-kriegsgeschichte.de\/de\/player-embed\/id\/283\/\" frameborder=\"0\" scrolling=\"no\" allow=\"accelerometer; autoplay; encrypted-media; gyroscope; picture-in-picture\" webkitallowfullscreen mozallowfullscreen allowfullscreen><\/iframe><\/div><\/div><\/p>\n<p><span style=\"color: #993300;\">Originaltext: Rasul Gamsatow Musik: Jan Frenkel<\/span><\/p>\n<p>&nbsp;<\/p>\n<p><span style=\"color: #993300;\">&#8222;Kraniche\/ Zhuravli&#8220; (russisch: \u00ab\u0416\u0443\u0440\u0430\u0432\u043b\u0438\u0301\u00bb), uraufgef\u00fchrt 1969, ist eines der bekanntesten russischen Lieder \u00fcber den Zweiten Weltkrieg. Der dagestanische Dichter Rasul Gamzatov war bei seinem Besuch in Hiroshima beeindruckt vom Hiroshima Peace Memorial Park und seinem Denkmal f\u00fcr Sadako Sasaki , ein M\u00e4dchen, das infolge der radioaktiven Kontamination der Stadt an Leuk\u00e4mie erkrankte . Nach japanischen Traditionen baute sie tausend Papierkr\u00e4ne in der Hoffnung (vergebens), dass dies ihr Leben retten k\u00f6nnte. Die Erinnerung an Papierkraniche, die von diesem M\u00e4dchen gefaltet wurden &#8211; einem M\u00e4dchen, das bis heute als Symbol f\u00fcr die unschuldigen Kriegsopfer dient -, verfolgte Gamzatov monatelang und inspirierte ihn, ein Gedicht zu schreiben Zhuravli\u00a0<\/span><\/p>\n<p><span style=\"color: #993300;\">Quelle: https:\/\/de.other.wiki\/wiki\/Zhuravli<\/span><\/p>\n<p><span style=\"color: #993300;\">Text:<\/span><\/p>\n<p><span style=\"color: #993300;\"><em>Mir scheint, dass die vielen Soldaten,<\/em><\/span><br \/>\n<span style=\"color: #993300;\"><em>Die auf den blutgetr\u00e4nkten Feldern liegen geblieben sind,<\/em><\/span><br \/>\n<span style=\"color: #993300;\"><em>Sich nach dem Tod in die wei\u00dfen Kraniche umwandelten.<\/em><\/span><br \/>\n<span style=\"color: #993300;\"><em>Bis heute h\u00f6ren wir ihre traurigen Rufe vom Himmel,<\/em><\/span><br \/>\n<span style=\"color: #993300;\"><em>Wenn sie in der Abendsonne fliegen.<\/em><\/span><br \/>\n<span style=\"color: #993300;\"><em>Eines Tages sto\u00dfe auch ich zu ihnen dazu&#8230;<\/em><\/span><\/p>","protected":false},"excerpt":{"rendered":"<p>Originaltext: Rasul Gamsatow Musik: Jan Frenkel &nbsp; &#8222;Kraniche\/ Zhuravli&#8220; (russisch: \u00ab\u0416\u0443\u0440\u0430\u0432\u043b\u0438\u0301\u00bb), uraufgef\u00fchrt 1969, ist eines der bekanntesten russischen Lieder \u00fcber &hellip; <a href=\"http:\/\/familiengeschichte-kriegsgeschichte.de\/de\/%d1%80%d1%83%d1%81%d1%81%d0%ba%d0%b8%d0%b9-%d0%b6%d1%83%d1%80%d0%b0%d0%b2%d0%bb%d0%b8-%d0%b8%d1%81%d0%bf%d0%be%d0%bb%d0%bd%d1%8f%d1%8e%d1%82-%d0%bc%d0%b0%d1%80%d0%b8%d1%8f-%d0%b2%d0%b5%d0%b9\/\" class=\"more-link\"><span class=\"more-button\">Continue Reading<span class=\"screen-reader-text\">&#8220;Kraniche&#8220; (Gesang: Maria Weikum\/ Anna H\u00f6ffner)<\/span><\/span><\/a><\/p>\n","protected":false},"author":1,"featured_media":0,"parent":0,"menu_order":0,"comment_status":"closed","ping_status":"closed","template":"","meta":[],"yoast_head":"<!-- This site is optimized with the Yoast SEO plugin v18.4.1 - https:\/\/yoast.com\/wordpress\/plugins\/seo\/ -->\n<title>&quot;Kraniche&quot; (Gesang: Maria Weikum\/ Anna H\u00f6ffner) -<\/title>\n<meta name=\"robots\" content=\"index, follow, max-snippet:-1, max-image-preview:large, max-video-preview:-1\" \/>\n<link rel=\"canonical\" href=\"http:\/\/familiengeschichte-kriegsgeschichte.de\/ru\/\u0440\u0443\u0441\u0441\u043a\u0438\u0439-\u0436\u0443\u0440\u0430\u0432\u043b\u0438-\u0438\u0441\u043f\u043e\u043b\u043d\u044f\u044e\u0442-\u043c\u0430\u0440\u0438\u044f-\u0432\u0435\u0439\/\" \/>\n<meta property=\"og:locale\" content=\"de_DE\" \/>\n<meta property=\"og:type\" content=\"article\" \/>\n<meta property=\"og:title\" content=\"&quot;Kraniche&quot; (Gesang: Maria Weikum\/ Anna H\u00f6ffner) -\" \/>\n<meta property=\"og:description\" content=\"Originaltext: Rasul Gamsatow Musik: Jan Frenkel &nbsp; &#8222;Kraniche\/ Zhuravli&#8220; (russisch: \u00ab\u0416\u0443\u0440\u0430\u0432\u043b\u0438\u0301\u00bb), uraufgef\u00fchrt 1969, ist eines der bekanntesten russischen Lieder \u00fcber &hellip; Continue Reading&#8220;Kraniche&#8220; (Gesang: Maria Weikum\/ Anna H\u00f6ffner)\" \/>\n<meta property=\"og:url\" content=\"http:\/\/familiengeschichte-kriegsgeschichte.de\/ru\/\u0440\u0443\u0441\u0441\u043a\u0438\u0439-\u0436\u0443\u0440\u0430\u0432\u043b\u0438-\u0438\u0441\u043f\u043e\u043b\u043d\u044f\u044e\u0442-\u043c\u0430\u0440\u0438\u044f-\u0432\u0435\u0439\/\" \/>\n<meta property=\"article:modified_time\" content=\"2021-06-16T08:42:02+00:00\" \/>\n<meta name=\"twitter:card\" content=\"summary_large_image\" \/>\n<meta name=\"twitter:label1\" content=\"Gesch\u00e4tzte Lesezeit\" \/>\n\t<meta name=\"twitter:data1\" content=\"1\u00a0Minute\" \/>\n<script type=\"application\/ld+json\" class=\"yoast-schema-graph\">{\"@context\":\"https:\/\/schema.org\",\"@graph\":[{\"@type\":\"WebSite\",\"@id\":\"http:\/\/familiengeschichte-kriegsgeschichte.de\/de\/#website\",\"url\":\"http:\/\/familiengeschichte-kriegsgeschichte.de\/de\/\",\"name\":\"\",\"description\":\"\",\"potentialAction\":[{\"@type\":\"SearchAction\",\"target\":{\"@type\":\"EntryPoint\",\"urlTemplate\":\"http:\/\/familiengeschichte-kriegsgeschichte.de\/de\/?s={search_term_string}\"},\"query-input\":\"required name=search_term_string\"}],\"inLanguage\":\"de\"},{\"@type\":\"WebPage\",\"@id\":\"http:\/\/familiengeschichte-kriegsgeschichte.de\/ru\/%d1%80%d1%83%d1%81%d1%81%d0%ba%d0%b8%d0%b9-%d0%b6%d1%83%d1%80%d0%b0%d0%b2%d0%bb%d0%b8-%d0%b8%d1%81%d0%bf%d0%be%d0%bb%d0%bd%d1%8f%d1%8e%d1%82-%d0%bc%d0%b0%d1%80%d0%b8%d1%8f-%d0%b2%d0%b5%d0%b9\/#webpage\",\"url\":\"http:\/\/familiengeschichte-kriegsgeschichte.de\/ru\/%d1%80%d1%83%d1%81%d1%81%d0%ba%d0%b8%d0%b9-%d0%b6%d1%83%d1%80%d0%b0%d0%b2%d0%bb%d0%b8-%d0%b8%d1%81%d0%bf%d0%be%d0%bb%d0%bd%d1%8f%d1%8e%d1%82-%d0%bc%d0%b0%d1%80%d0%b8%d1%8f-%d0%b2%d0%b5%d0%b9\/\",\"name\":\"\\\"Kraniche\\\" (Gesang: Maria Weikum\/ Anna H\u00f6ffner) -\",\"isPartOf\":{\"@id\":\"http:\/\/familiengeschichte-kriegsgeschichte.de\/de\/#website\"},\"datePublished\":\"2021-05-05T12:14:56+00:00\",\"dateModified\":\"2021-06-16T08:42:02+00:00\",\"breadcrumb\":{\"@id\":\"http:\/\/familiengeschichte-kriegsgeschichte.de\/ru\/%d1%80%d1%83%d1%81%d1%81%d0%ba%d0%b8%d0%b9-%d0%b6%d1%83%d1%80%d0%b0%d0%b2%d0%bb%d0%b8-%d0%b8%d1%81%d0%bf%d0%be%d0%bb%d0%bd%d1%8f%d1%8e%d1%82-%d0%bc%d0%b0%d1%80%d0%b8%d1%8f-%d0%b2%d0%b5%d0%b9\/#breadcrumb\"},\"inLanguage\":\"de\",\"potentialAction\":[{\"@type\":\"ReadAction\",\"target\":[\"http:\/\/familiengeschichte-kriegsgeschichte.de\/ru\/%d1%80%d1%83%d1%81%d1%81%d0%ba%d0%b8%d0%b9-%d0%b6%d1%83%d1%80%d0%b0%d0%b2%d0%bb%d0%b8-%d0%b8%d1%81%d0%bf%d0%be%d0%bb%d0%bd%d1%8f%d1%8e%d1%82-%d0%bc%d0%b0%d1%80%d0%b8%d1%8f-%d0%b2%d0%b5%d0%b9\/\"]}]},{\"@type\":\"BreadcrumbList\",\"@id\":\"http:\/\/familiengeschichte-kriegsgeschichte.de\/ru\/%d1%80%d1%83%d1%81%d1%81%d0%ba%d0%b8%d0%b9-%d0%b6%d1%83%d1%80%d0%b0%d0%b2%d0%bb%d0%b8-%d0%b8%d1%81%d0%bf%d0%be%d0%bb%d0%bd%d1%8f%d1%8e%d1%82-%d0%bc%d0%b0%d1%80%d0%b8%d1%8f-%d0%b2%d0%b5%d0%b9\/#breadcrumb\",\"itemListElement\":[{\"@type\":\"ListItem\",\"position\":1,\"name\":\"Startseite\",\"item\":\"http:\/\/familiengeschichte-kriegsgeschichte.de\/de\/\"},{\"@type\":\"ListItem\",\"position\":2,\"name\":\"&#187;\u0416\u0443\u0440\u0430\u0432\u043b\u0438&#187; (\u0438\u0441\u043f\u043e\u043b\u043d\u044f\u044e\u0442 \u041c\u0430\u0440\u0438\u044f \u0412\u0435\u0439\u043a\u0443\u043c\/ \u0410\u043d\u043d\u0430 \u0425\u0451\u0444\u0444\u043d\u0435\u0440)\"}]}]}<\/script>\n<!-- \/ Yoast SEO plugin. -->","yoast_head_json":{"title":"\"Kraniche\" (Gesang: Maria Weikum\/ Anna H\u00f6ffner) -","robots":{"index":"index","follow":"follow","max-snippet":"max-snippet:-1","max-image-preview":"max-image-preview:large","max-video-preview":"max-video-preview:-1"},"canonical":"http:\/\/familiengeschichte-kriegsgeschichte.de\/ru\/\u0440\u0443\u0441\u0441\u043a\u0438\u0439-\u0436\u0443\u0440\u0430\u0432\u043b\u0438-\u0438\u0441\u043f\u043e\u043b\u043d\u044f\u044e\u0442-\u043c\u0430\u0440\u0438\u044f-\u0432\u0435\u0439\/","og_locale":"de_DE","og_type":"article","og_title":"\"Kraniche\" (Gesang: Maria Weikum\/ Anna H\u00f6ffner) -","og_description":"Originaltext: Rasul Gamsatow Musik: Jan Frenkel &nbsp; &#8222;Kraniche\/ Zhuravli&#8220; (russisch: \u00ab\u0416\u0443\u0440\u0430\u0432\u043b\u0438\u0301\u00bb), uraufgef\u00fchrt 1969, ist eines der bekanntesten russischen Lieder \u00fcber &hellip; Continue Reading&#8220;Kraniche&#8220; (Gesang: Maria Weikum\/ Anna H\u00f6ffner)","og_url":"http:\/\/familiengeschichte-kriegsgeschichte.de\/ru\/\u0440\u0443\u0441\u0441\u043a\u0438\u0439-\u0436\u0443\u0440\u0430\u0432\u043b\u0438-\u0438\u0441\u043f\u043e\u043b\u043d\u044f\u044e\u0442-\u043c\u0430\u0440\u0438\u044f-\u0432\u0435\u0439\/","article_modified_time":"2021-06-16T08:42:02+00:00","twitter_card":"summary_large_image","twitter_misc":{"Gesch\u00e4tzte Lesezeit":"1\u00a0Minute"},"schema":{"@context":"https:\/\/schema.org","@graph":[{"@type":"WebSite","@id":"http:\/\/familiengeschichte-kriegsgeschichte.de\/de\/#website","url":"http:\/\/familiengeschichte-kriegsgeschichte.de\/de\/","name":"","description":"","potentialAction":[{"@type":"SearchAction","target":{"@type":"EntryPoint","urlTemplate":"http:\/\/familiengeschichte-kriegsgeschichte.de\/de\/?s={search_term_string}"},"query-input":"required name=search_term_string"}],"inLanguage":"de"},{"@type":"WebPage","@id":"http:\/\/familiengeschichte-kriegsgeschichte.de\/ru\/%d1%80%d1%83%d1%81%d1%81%d0%ba%d0%b8%d0%b9-%d0%b6%d1%83%d1%80%d0%b0%d0%b2%d0%bb%d0%b8-%d0%b8%d1%81%d0%bf%d0%be%d0%bb%d0%bd%d1%8f%d1%8e%d1%82-%d0%bc%d0%b0%d1%80%d0%b8%d1%8f-%d0%b2%d0%b5%d0%b9\/#webpage","url":"http:\/\/familiengeschichte-kriegsgeschichte.de\/ru\/%d1%80%d1%83%d1%81%d1%81%d0%ba%d0%b8%d0%b9-%d0%b6%d1%83%d1%80%d0%b0%d0%b2%d0%bb%d0%b8-%d0%b8%d1%81%d0%bf%d0%be%d0%bb%d0%bd%d1%8f%d1%8e%d1%82-%d0%bc%d0%b0%d1%80%d0%b8%d1%8f-%d0%b2%d0%b5%d0%b9\/","name":"\"Kraniche\" (Gesang: Maria Weikum\/ Anna H\u00f6ffner) -","isPartOf":{"@id":"http:\/\/familiengeschichte-kriegsgeschichte.de\/de\/#website"},"datePublished":"2021-05-05T12:14:56+00:00","dateModified":"2021-06-16T08:42:02+00:00","breadcrumb":{"@id":"http:\/\/familiengeschichte-kriegsgeschichte.de\/ru\/%d1%80%d1%83%d1%81%d1%81%d0%ba%d0%b8%d0%b9-%d0%b6%d1%83%d1%80%d0%b0%d0%b2%d0%bb%d0%b8-%d0%b8%d1%81%d0%bf%d0%be%d0%bb%d0%bd%d1%8f%d1%8e%d1%82-%d0%bc%d0%b0%d1%80%d0%b8%d1%8f-%d0%b2%d0%b5%d0%b9\/#breadcrumb"},"inLanguage":"de","potentialAction":[{"@type":"ReadAction","target":["http:\/\/familiengeschichte-kriegsgeschichte.de\/ru\/%d1%80%d1%83%d1%81%d1%81%d0%ba%d0%b8%d0%b9-%d0%b6%d1%83%d1%80%d0%b0%d0%b2%d0%bb%d0%b8-%d0%b8%d1%81%d0%bf%d0%be%d0%bb%d0%bd%d1%8f%d1%8e%d1%82-%d0%bc%d0%b0%d1%80%d0%b8%d1%8f-%d0%b2%d0%b5%d0%b9\/"]}]},{"@type":"BreadcrumbList","@id":"http:\/\/familiengeschichte-kriegsgeschichte.de\/ru\/%d1%80%d1%83%d1%81%d1%81%d0%ba%d0%b8%d0%b9-%d0%b6%d1%83%d1%80%d0%b0%d0%b2%d0%bb%d0%b8-%d0%b8%d1%81%d0%bf%d0%be%d0%bb%d0%bd%d1%8f%d1%8e%d1%82-%d0%bc%d0%b0%d1%80%d0%b8%d1%8f-%d0%b2%d0%b5%d0%b9\/#breadcrumb","itemListElement":[{"@type":"ListItem","position":1,"name":"Startseite","item":"http:\/\/familiengeschichte-kriegsgeschichte.de\/de\/"},{"@type":"ListItem","position":2,"name":"&#187;\u0416\u0443\u0440\u0430\u0432\u043b\u0438&#187; (\u0438\u0441\u043f\u043e\u043b\u043d\u044f\u044e\u0442 \u041c\u0430\u0440\u0438\u044f \u0412\u0435\u0439\u043a\u0443\u043c\/ \u0410\u043d\u043d\u0430 \u0425\u0451\u0444\u0444\u043d\u0435\u0440)"}]}]}},"_links":{"self":[{"href":"http:\/\/familiengeschichte-kriegsgeschichte.de\/de\/wp-json\/wp\/v2\/pages\/316"}],"collection":[{"href":"http:\/\/familiengeschichte-kriegsgeschichte.de\/de\/wp-json\/wp\/v2\/pages"}],"about":[{"href":"http:\/\/familiengeschichte-kriegsgeschichte.de\/de\/wp-json\/wp\/v2\/types\/page"}],"author":[{"embeddable":true,"href":"http:\/\/familiengeschichte-kriegsgeschichte.de\/de\/wp-json\/wp\/v2\/users\/1"}],"replies":[{"embeddable":true,"href":"http:\/\/familiengeschichte-kriegsgeschichte.de\/de\/wp-json\/wp\/v2\/comments?post=316"}],"version-history":[{"count":7,"href":"http:\/\/familiengeschichte-kriegsgeschichte.de\/de\/wp-json\/wp\/v2\/pages\/316\/revisions"}],"predecessor-version":[{"id":488,"href":"http:\/\/familiengeschichte-kriegsgeschichte.de\/de\/wp-json\/wp\/v2\/pages\/316\/revisions\/488"}],"wp:attachment":[{"href":"http:\/\/familiengeschichte-kriegsgeschichte.de\/de\/wp-json\/wp\/v2\/media?parent=316"}],"curies":[{"name":"wp","href":"https:\/\/api.w.org\/{rel}","templated":true}]}}