{"id":326,"date":"2021-05-05T14:34:42","date_gmt":"2021-05-05T12:34:42","guid":{"rendered":"http:\/\/familiengeschichte-kriegsgeschichte.de\/?page_id=326"},"modified":"2021-07-26T14:29:21","modified_gmt":"2021-07-26T12:29:21","slug":"warte-auf-mich","status":"publish","type":"page","link":"http:\/\/familiengeschichte-kriegsgeschichte.de\/de\/warte-auf-mich\/","title":{"rendered":"Warte auf mich! (Gesang: Maria Weikum\/ Anna H\u00f6ffner)"},"content":{"rendered":"<p><div class=\"aiovg-player-container\" style=\"max-width: 100%;\"><div class=\"aiovg-player aiovg-player-iframe\" style=\"padding-bottom: 56.25%;\" data-id=\"1\" data-src=\"http:\/\/familiengeschichte-kriegsgeschichte.de\/de\/player-embed\/id\/377\/\"><iframe width=\"560\" height=\"315\" src=\"http:\/\/familiengeschichte-kriegsgeschichte.de\/de\/player-embed\/id\/377\/\" frameborder=\"0\" scrolling=\"no\" allow=\"accelerometer; autoplay; encrypted-media; gyroscope; picture-in-picture\" webkitallowfullscreen mozallowfullscreen allowfullscreen><\/iframe><\/div><\/div><\/p>\n<p><span style=\"color: #993300;\">Das Lied &#8222;Warte auf mich&#8220;, geschrieben von Konstantin Simonov an seine Geliebte Valentina, hat eigentlich keine besondere Vorgeschichte. Der Autor selbst sagte, dass die Zeilen einfach auf seinem Notizbuch erschienen sind. Ver\u00f6ffentlicht wurde das Lied 1941, wonach es St\u00fcck f\u00fcr St\u00fcck immer mehr Herzen von Soldaten an der Front, Krankenschwestern und allen, die im Krieg involviert waren, einnimmt. Der Kriegsschrecken konnte solche starken Gef\u00fchle wie Liebe nicht unterkriegen. Der Glaube an Liebe gab vielen Menschen, vor allem Soldaten Hoffnung, heil zur\u00fcckzukehren und in die Arme der Geliebten Person genommen zu werden.<\/span><\/p>","protected":false},"excerpt":{"rendered":"<p>Das Lied &#8222;Warte auf mich&#8220;, geschrieben von Konstantin Simonov an seine Geliebte Valentina, hat eigentlich keine besondere Vorgeschichte. Der Autor &hellip; <a href=\"http:\/\/familiengeschichte-kriegsgeschichte.de\/de\/warte-auf-mich\/\" class=\"more-link\"><span class=\"more-button\">Continue Reading<span class=\"screen-reader-text\">Warte auf mich! (Gesang: Maria Weikum\/ Anna H\u00f6ffner)<\/span><\/span><\/a><\/p>\n","protected":false},"author":1,"featured_media":0,"parent":0,"menu_order":0,"comment_status":"closed","ping_status":"closed","template":"","meta":[],"yoast_head":"<!-- This site is optimized with the Yoast SEO plugin v18.4.1 - https:\/\/yoast.com\/wordpress\/plugins\/seo\/ -->\n<title>Warte auf mich! (Gesang: Maria Weikum\/ Anna H\u00f6ffner) -<\/title>\n<meta name=\"robots\" content=\"index, follow, max-snippet:-1, max-image-preview:large, max-video-preview:-1\" \/>\n<link rel=\"canonical\" href=\"http:\/\/familiengeschichte-kriegsgeschichte.de\/de\/warte-auf-mich\/\" \/>\n<meta property=\"og:locale\" content=\"de_DE\" \/>\n<meta property=\"og:type\" content=\"article\" \/>\n<meta property=\"og:title\" content=\"Warte auf mich! (Gesang: Maria Weikum\/ Anna H\u00f6ffner) -\" \/>\n<meta property=\"og:description\" content=\"Das Lied &#8222;Warte auf mich&#8220;, geschrieben von Konstantin Simonov an seine Geliebte Valentina, hat eigentlich keine besondere Vorgeschichte. Der Autor &hellip; Continue ReadingWarte auf mich! (Gesang: Maria Weikum\/ Anna H\u00f6ffner)\" \/>\n<meta property=\"og:url\" content=\"http:\/\/familiengeschichte-kriegsgeschichte.de\/de\/warte-auf-mich\/\" \/>\n<meta property=\"article:modified_time\" content=\"2021-07-26T12:29:21+00:00\" \/>\n<meta name=\"twitter:card\" content=\"summary_large_image\" \/>\n<meta name=\"twitter:label1\" content=\"Gesch\u00e4tzte Lesezeit\" \/>\n\t<meta name=\"twitter:data1\" content=\"1\u00a0Minute\" \/>\n<script type=\"application\/ld+json\" class=\"yoast-schema-graph\">{\"@context\":\"https:\/\/schema.org\",\"@graph\":[{\"@type\":\"WebSite\",\"@id\":\"http:\/\/familiengeschichte-kriegsgeschichte.de\/de\/#website\",\"url\":\"http:\/\/familiengeschichte-kriegsgeschichte.de\/de\/\",\"name\":\"\",\"description\":\"\",\"potentialAction\":[{\"@type\":\"SearchAction\",\"target\":{\"@type\":\"EntryPoint\",\"urlTemplate\":\"http:\/\/familiengeschichte-kriegsgeschichte.de\/de\/?s={search_term_string}\"},\"query-input\":\"required name=search_term_string\"}],\"inLanguage\":\"de\"},{\"@type\":\"WebPage\",\"@id\":\"http:\/\/familiengeschichte-kriegsgeschichte.de\/de\/warte-auf-mich\/#webpage\",\"url\":\"http:\/\/familiengeschichte-kriegsgeschichte.de\/de\/warte-auf-mich\/\",\"name\":\"Warte auf mich! (Gesang: Maria Weikum\/ Anna H\u00f6ffner) -\",\"isPartOf\":{\"@id\":\"http:\/\/familiengeschichte-kriegsgeschichte.de\/de\/#website\"},\"datePublished\":\"2021-05-05T12:34:42+00:00\",\"dateModified\":\"2021-07-26T12:29:21+00:00\",\"breadcrumb\":{\"@id\":\"http:\/\/familiengeschichte-kriegsgeschichte.de\/de\/warte-auf-mich\/#breadcrumb\"},\"inLanguage\":\"de\",\"potentialAction\":[{\"@type\":\"ReadAction\",\"target\":[\"http:\/\/familiengeschichte-kriegsgeschichte.de\/de\/warte-auf-mich\/\"]}]},{\"@type\":\"BreadcrumbList\",\"@id\":\"http:\/\/familiengeschichte-kriegsgeschichte.de\/de\/warte-auf-mich\/#breadcrumb\",\"itemListElement\":[{\"@type\":\"ListItem\",\"position\":1,\"name\":\"Startseite\",\"item\":\"http:\/\/familiengeschichte-kriegsgeschichte.de\/de\/\"},{\"@type\":\"ListItem\",\"position\":2,\"name\":\"Warte auf mich! (Gesang: Maria Weikum\/ Anna H\u00f6ffner)\"}]}]}<\/script>\n<!-- \/ Yoast SEO plugin. -->","yoast_head_json":{"title":"Warte auf mich! (Gesang: Maria Weikum\/ Anna H\u00f6ffner) -","robots":{"index":"index","follow":"follow","max-snippet":"max-snippet:-1","max-image-preview":"max-image-preview:large","max-video-preview":"max-video-preview:-1"},"canonical":"http:\/\/familiengeschichte-kriegsgeschichte.de\/de\/warte-auf-mich\/","og_locale":"de_DE","og_type":"article","og_title":"Warte auf mich! (Gesang: Maria Weikum\/ Anna H\u00f6ffner) -","og_description":"Das Lied &#8222;Warte auf mich&#8220;, geschrieben von Konstantin Simonov an seine Geliebte Valentina, hat eigentlich keine besondere Vorgeschichte. Der Autor &hellip; Continue ReadingWarte auf mich! (Gesang: Maria Weikum\/ Anna H\u00f6ffner)","og_url":"http:\/\/familiengeschichte-kriegsgeschichte.de\/de\/warte-auf-mich\/","article_modified_time":"2021-07-26T12:29:21+00:00","twitter_card":"summary_large_image","twitter_misc":{"Gesch\u00e4tzte Lesezeit":"1\u00a0Minute"},"schema":{"@context":"https:\/\/schema.org","@graph":[{"@type":"WebSite","@id":"http:\/\/familiengeschichte-kriegsgeschichte.de\/de\/#website","url":"http:\/\/familiengeschichte-kriegsgeschichte.de\/de\/","name":"","description":"","potentialAction":[{"@type":"SearchAction","target":{"@type":"EntryPoint","urlTemplate":"http:\/\/familiengeschichte-kriegsgeschichte.de\/de\/?s={search_term_string}"},"query-input":"required name=search_term_string"}],"inLanguage":"de"},{"@type":"WebPage","@id":"http:\/\/familiengeschichte-kriegsgeschichte.de\/de\/warte-auf-mich\/#webpage","url":"http:\/\/familiengeschichte-kriegsgeschichte.de\/de\/warte-auf-mich\/","name":"Warte auf mich! (Gesang: Maria Weikum\/ Anna H\u00f6ffner) -","isPartOf":{"@id":"http:\/\/familiengeschichte-kriegsgeschichte.de\/de\/#website"},"datePublished":"2021-05-05T12:34:42+00:00","dateModified":"2021-07-26T12:29:21+00:00","breadcrumb":{"@id":"http:\/\/familiengeschichte-kriegsgeschichte.de\/de\/warte-auf-mich\/#breadcrumb"},"inLanguage":"de","potentialAction":[{"@type":"ReadAction","target":["http:\/\/familiengeschichte-kriegsgeschichte.de\/de\/warte-auf-mich\/"]}]},{"@type":"BreadcrumbList","@id":"http:\/\/familiengeschichte-kriegsgeschichte.de\/de\/warte-auf-mich\/#breadcrumb","itemListElement":[{"@type":"ListItem","position":1,"name":"Startseite","item":"http:\/\/familiengeschichte-kriegsgeschichte.de\/de\/"},{"@type":"ListItem","position":2,"name":"Warte auf mich! (Gesang: Maria Weikum\/ Anna H\u00f6ffner)"}]}]}},"_links":{"self":[{"href":"http:\/\/familiengeschichte-kriegsgeschichte.de\/de\/wp-json\/wp\/v2\/pages\/326"}],"collection":[{"href":"http:\/\/familiengeschichte-kriegsgeschichte.de\/de\/wp-json\/wp\/v2\/pages"}],"about":[{"href":"http:\/\/familiengeschichte-kriegsgeschichte.de\/de\/wp-json\/wp\/v2\/types\/page"}],"author":[{"embeddable":true,"href":"http:\/\/familiengeschichte-kriegsgeschichte.de\/de\/wp-json\/wp\/v2\/users\/1"}],"replies":[{"embeddable":true,"href":"http:\/\/familiengeschichte-kriegsgeschichte.de\/de\/wp-json\/wp\/v2\/comments?post=326"}],"version-history":[{"count":8,"href":"http:\/\/familiengeschichte-kriegsgeschichte.de\/de\/wp-json\/wp\/v2\/pages\/326\/revisions"}],"predecessor-version":[{"id":585,"href":"http:\/\/familiengeschichte-kriegsgeschichte.de\/de\/wp-json\/wp\/v2\/pages\/326\/revisions\/585"}],"wp:attachment":[{"href":"http:\/\/familiengeschichte-kriegsgeschichte.de\/de\/wp-json\/wp\/v2\/media?parent=326"}],"curies":[{"name":"wp","href":"https:\/\/api.w.org\/{rel}","templated":true}]}}