{"id":380,"date":"2021-05-12T11:17:26","date_gmt":"2021-05-12T09:17:26","guid":{"rendered":"http:\/\/familiengeschichte-kriegsgeschichte.de\/?page_id=380"},"modified":"2021-07-08T10:47:51","modified_gmt":"2021-07-08T08:47:51","slug":"%d1%80%d1%83%d1%81%d1%81%d0%ba%d0%b8%d0%b9-%d0%b5%d0%b3%d0%be%d1%80%d0%be%d0%b2-%d0%bd%d0%b8%d0%ba%d0%be%d0%bb%d0%b0%d0%b9-%d0%b0%d0%bb%d0%b5%d0%ba%d1%81%d0%b5%d0%b5%d0%b2%d0%b8%d1%87","status":"publish","type":"page","link":"http:\/\/familiengeschichte-kriegsgeschichte.de\/de\/%d1%80%d1%83%d1%81%d1%81%d0%ba%d0%b8%d0%b9-%d0%b5%d0%b3%d0%be%d1%80%d0%be%d0%b2-%d0%bd%d0%b8%d0%ba%d0%be%d0%bb%d0%b0%d0%b9-%d0%b0%d0%bb%d0%b5%d0%ba%d1%81%d0%b5%d0%b5%d0%b2%d0%b8%d1%87\/","title":{"rendered":"Egorov Nikolay Alekseevitsch"},"content":{"rendered":"<p><span style=\"font-weight: 400; color: #ffffff;\"><a href=\"http:\/\/familiengeschichte-kriegsgeschichte.de\/wp-content\/uploads\/2021\/05\/Egorov_1.jpg\" target=\"_blank\" rel=\"noopener\"><img loading=\"lazy\" class=\"alignleft wp-image-382\" style=\"margin-top: 0.388889em; margin-right: 2.72222em; margin-bottom: 1.94444em; font-size: 1.125rem;\" src=\"http:\/\/familiengeschichte-kriegsgeschichte.de\/wp-content\/uploads\/2021\/05\/Egorov_1-214x300.jpg\" alt=\"\" width=\"191\" height=\"268\" srcset=\"http:\/\/familiengeschichte-kriegsgeschichte.de\/wp-content\/uploads\/2021\/05\/Egorov_1-214x300.jpg 214w, http:\/\/familiengeschichte-kriegsgeschichte.de\/wp-content\/uploads\/2021\/05\/Egorov_1.jpg 225w\" sizes=\"(max-width: 191px) 100vw, 191px\" \/><\/a><span style=\"color: #993300;\">Nikolay Alekseewitsch Egorov war Absolvent d<\/span><\/span><span style=\"color: #993300;\"><span style=\"font-weight: 400;\">es P\u00e4<\/span><span style=\"font-weight: 400;\">dagogischen Instituts in Ufa (1937-1940). Sp\u00e4ter k\u00e4mpfte er an der Leningrader Front (Gebiet Tula, Tschech<\/span><span style=\"font-size: 1.125rem;\">oslowakei, K\u00f6nigsberg?), in Ungarn, Rum\u00e4nien, letztlich beendete er den Krieg bei Prag und wurde 1945 demobilisiert. Auch seine drei Br\u00fcder und eine Schwester hatten gek\u00e4mpft. Pavel <\/span><span style=\"font-weight: 400;\">verteidigte Leningrad, Va<\/span><span style=\"font-weight: 400;\">siliy k\u00e4mpfte in Stal<\/span><span style=\"font-size: 1.125rem;\">ingra<\/span><span style=\"font-size: 1.125rem;\">d. Nina war eine Krankens<\/span><span style=\"font-size: 1.125rem;\">chwester &#8211; in der N\u00e4he von Tula<\/span><span style=\"font-size: 1.125rem;\">.<\/span><span style=\"font-size: 1.125rem;\">\u00a0<\/span><\/span><a href=\"http:\/\/familiengeschichte-kriegsgeschichte.de\/wp-content\/uploads\/2021\/05\/Egorov_armie2.jpg\" target=\"_blank\" rel=\"noopener\"><img loading=\"lazy\" class=\"alignright wp-image-384 size-medium\" style=\"margin-top: 0.388889em; margin-bottom: 1.94444em; margin-left: 2.72222em; font-size: 1.125rem; color: #ffffff;\" src=\"http:\/\/familiengeschichte-kriegsgeschichte.de\/wp-content\/uploads\/2021\/05\/Egorov_armie2-300x213.jpg\" alt=\"\" width=\"300\" height=\"213\" srcset=\"http:\/\/familiengeschichte-kriegsgeschichte.de\/wp-content\/uploads\/2021\/05\/Egorov_armie2-300x213.jpg 300w, http:\/\/familiengeschichte-kriegsgeschichte.de\/wp-content\/uploads\/2021\/05\/Egorov_armie2.jpg 472w\" sizes=\"(max-width: 300px) 100vw, 300px\" \/><\/a><a href=\"http:\/\/familiengeschichte-kriegsgeschichte.de\/wp-content\/uploads\/2021\/05\/Egorov_armie.jpg\" target=\"_blank\" rel=\"noopener\"><img loading=\"lazy\" class=\"alignleft wp-image-383 size-medium\" style=\"font-size: 1.125rem; color: #ffffff;\" src=\"http:\/\/familiengeschichte-kriegsgeschichte.de\/wp-content\/uploads\/2021\/05\/Egorov_armie-300x211.jpg\" alt=\"\" width=\"300\" height=\"211\" srcset=\"http:\/\/familiengeschichte-kriegsgeschichte.de\/wp-content\/uploads\/2021\/05\/Egorov_armie-300x211.jpg 300w, http:\/\/familiengeschichte-kriegsgeschichte.de\/wp-content\/uploads\/2021\/05\/Egorov_armie.jpg 469w\" sizes=\"(max-width: 300px) 100vw, 300px\" \/><\/a><\/p>","protected":false},"excerpt":{"rendered":"<p>Nikolay Alekseewitsch Egorov war Absolvent des P\u00e4dagogischen Instituts in Ufa (1937-1940). Sp\u00e4ter k\u00e4mpfte er an der Leningrader Front (Gebiet Tula, &hellip; <a href=\"http:\/\/familiengeschichte-kriegsgeschichte.de\/de\/%d1%80%d1%83%d1%81%d1%81%d0%ba%d0%b8%d0%b9-%d0%b5%d0%b3%d0%be%d1%80%d0%be%d0%b2-%d0%bd%d0%b8%d0%ba%d0%be%d0%bb%d0%b0%d0%b9-%d0%b0%d0%bb%d0%b5%d0%ba%d1%81%d0%b5%d0%b5%d0%b2%d0%b8%d1%87\/\" class=\"more-link\"><span class=\"more-button\">Continue Reading<span class=\"screen-reader-text\">Egorov Nikolay Alekseevitsch<\/span><\/span><\/a><\/p>\n","protected":false},"author":1,"featured_media":0,"parent":0,"menu_order":0,"comment_status":"closed","ping_status":"closed","template":"","meta":[],"yoast_head":"<!-- This site is optimized with the Yoast SEO plugin v18.4.1 - https:\/\/yoast.com\/wordpress\/plugins\/seo\/ -->\n<title>Egorov Nikolay Alekseevitsch -<\/title>\n<meta name=\"robots\" content=\"index, follow, max-snippet:-1, max-image-preview:large, max-video-preview:-1\" \/>\n<link rel=\"canonical\" href=\"http:\/\/familiengeschichte-kriegsgeschichte.de\/de\/\u0440\u0443\u0441\u0441\u043a\u0438\u0439-\u0435\u0433\u043e\u0440\u043e\u0432-\u043d\u0438\u043a\u043e\u043b\u0430\u0439-\u0430\u043b\u0435\u043a\u0441\u0435\u0435\u0432\u0438\u0447\/\" \/>\n<meta property=\"og:locale\" content=\"de_DE\" \/>\n<meta property=\"og:type\" content=\"article\" \/>\n<meta property=\"og:title\" content=\"Egorov Nikolay Alekseevitsch -\" \/>\n<meta property=\"og:description\" content=\"Nikolay Alekseewitsch Egorov war Absolvent des P\u00e4dagogischen Instituts in Ufa (1937-1940). Sp\u00e4ter k\u00e4mpfte er an der Leningrader Front (Gebiet Tula, &hellip; Continue ReadingEgorov Nikolay Alekseevitsch\" \/>\n<meta property=\"og:url\" content=\"http:\/\/familiengeschichte-kriegsgeschichte.de\/de\/\u0440\u0443\u0441\u0441\u043a\u0438\u0439-\u0435\u0433\u043e\u0440\u043e\u0432-\u043d\u0438\u043a\u043e\u043b\u0430\u0439-\u0430\u043b\u0435\u043a\u0441\u0435\u0435\u0432\u0438\u0447\/\" \/>\n<meta property=\"article:modified_time\" content=\"2021-07-08T08:47:51+00:00\" \/>\n<meta property=\"og:image\" content=\"http:\/\/familiengeschichte-kriegsgeschichte.de\/wp-content\/uploads\/2021\/05\/Egorov_1-214x300.jpg\" \/>\n<meta name=\"twitter:card\" content=\"summary_large_image\" \/>\n<meta name=\"twitter:label1\" content=\"Gesch\u00e4tzte Lesezeit\" \/>\n\t<meta name=\"twitter:data1\" content=\"1\u00a0Minute\" \/>\n<script type=\"application\/ld+json\" class=\"yoast-schema-graph\">{\"@context\":\"https:\/\/schema.org\",\"@graph\":[{\"@type\":\"WebSite\",\"@id\":\"http:\/\/familiengeschichte-kriegsgeschichte.de\/de\/#website\",\"url\":\"http:\/\/familiengeschichte-kriegsgeschichte.de\/de\/\",\"name\":\"\",\"description\":\"\",\"potentialAction\":[{\"@type\":\"SearchAction\",\"target\":{\"@type\":\"EntryPoint\",\"urlTemplate\":\"http:\/\/familiengeschichte-kriegsgeschichte.de\/de\/?s={search_term_string}\"},\"query-input\":\"required name=search_term_string\"}],\"inLanguage\":\"de\"},{\"@type\":\"ImageObject\",\"@id\":\"http:\/\/familiengeschichte-kriegsgeschichte.de\/de\/%d1%80%d1%83%d1%81%d1%81%d0%ba%d0%b8%d0%b9-%d0%b5%d0%b3%d0%be%d1%80%d0%be%d0%b2-%d0%bd%d0%b8%d0%ba%d0%be%d0%bb%d0%b0%d0%b9-%d0%b0%d0%bb%d0%b5%d0%ba%d1%81%d0%b5%d0%b5%d0%b2%d0%b8%d1%87\/#primaryimage\",\"inLanguage\":\"de\",\"url\":\"http:\/\/familiengeschichte-kriegsgeschichte.de\/wp-content\/uploads\/2021\/05\/Egorov_1.jpg\",\"contentUrl\":\"http:\/\/familiengeschichte-kriegsgeschichte.de\/wp-content\/uploads\/2021\/05\/Egorov_1.jpg\",\"width\":225,\"height\":315},{\"@type\":\"WebPage\",\"@id\":\"http:\/\/familiengeschichte-kriegsgeschichte.de\/de\/%d1%80%d1%83%d1%81%d1%81%d0%ba%d0%b8%d0%b9-%d0%b5%d0%b3%d0%be%d1%80%d0%be%d0%b2-%d0%bd%d0%b8%d0%ba%d0%be%d0%bb%d0%b0%d0%b9-%d0%b0%d0%bb%d0%b5%d0%ba%d1%81%d0%b5%d0%b5%d0%b2%d0%b8%d1%87\/#webpage\",\"url\":\"http:\/\/familiengeschichte-kriegsgeschichte.de\/de\/%d1%80%d1%83%d1%81%d1%81%d0%ba%d0%b8%d0%b9-%d0%b5%d0%b3%d0%be%d1%80%d0%be%d0%b2-%d0%bd%d0%b8%d0%ba%d0%be%d0%bb%d0%b0%d0%b9-%d0%b0%d0%bb%d0%b5%d0%ba%d1%81%d0%b5%d0%b5%d0%b2%d0%b8%d1%87\/\",\"name\":\"Egorov Nikolay Alekseevitsch -\",\"isPartOf\":{\"@id\":\"http:\/\/familiengeschichte-kriegsgeschichte.de\/de\/#website\"},\"primaryImageOfPage\":{\"@id\":\"http:\/\/familiengeschichte-kriegsgeschichte.de\/de\/%d1%80%d1%83%d1%81%d1%81%d0%ba%d0%b8%d0%b9-%d0%b5%d0%b3%d0%be%d1%80%d0%be%d0%b2-%d0%bd%d0%b8%d0%ba%d0%be%d0%bb%d0%b0%d0%b9-%d0%b0%d0%bb%d0%b5%d0%ba%d1%81%d0%b5%d0%b5%d0%b2%d0%b8%d1%87\/#primaryimage\"},\"datePublished\":\"2021-05-12T09:17:26+00:00\",\"dateModified\":\"2021-07-08T08:47:51+00:00\",\"breadcrumb\":{\"@id\":\"http:\/\/familiengeschichte-kriegsgeschichte.de\/de\/%d1%80%d1%83%d1%81%d1%81%d0%ba%d0%b8%d0%b9-%d0%b5%d0%b3%d0%be%d1%80%d0%be%d0%b2-%d0%bd%d0%b8%d0%ba%d0%be%d0%bb%d0%b0%d0%b9-%d0%b0%d0%bb%d0%b5%d0%ba%d1%81%d0%b5%d0%b5%d0%b2%d0%b8%d1%87\/#breadcrumb\"},\"inLanguage\":\"de\",\"potentialAction\":[{\"@type\":\"ReadAction\",\"target\":[\"http:\/\/familiengeschichte-kriegsgeschichte.de\/de\/%d1%80%d1%83%d1%81%d1%81%d0%ba%d0%b8%d0%b9-%d0%b5%d0%b3%d0%be%d1%80%d0%be%d0%b2-%d0%bd%d0%b8%d0%ba%d0%be%d0%bb%d0%b0%d0%b9-%d0%b0%d0%bb%d0%b5%d0%ba%d1%81%d0%b5%d0%b5%d0%b2%d0%b8%d1%87\/\"]}]},{\"@type\":\"BreadcrumbList\",\"@id\":\"http:\/\/familiengeschichte-kriegsgeschichte.de\/de\/%d1%80%d1%83%d1%81%d1%81%d0%ba%d0%b8%d0%b9-%d0%b5%d0%b3%d0%be%d1%80%d0%be%d0%b2-%d0%bd%d0%b8%d0%ba%d0%be%d0%bb%d0%b0%d0%b9-%d0%b0%d0%bb%d0%b5%d0%ba%d1%81%d0%b5%d0%b5%d0%b2%d0%b8%d1%87\/#breadcrumb\",\"itemListElement\":[{\"@type\":\"ListItem\",\"position\":1,\"name\":\"Startseite\",\"item\":\"http:\/\/familiengeschichte-kriegsgeschichte.de\/de\/\"},{\"@type\":\"ListItem\",\"position\":2,\"name\":\"Egorov Nikolay Alekseevitsch\"}]}]}<\/script>\n<!-- \/ Yoast SEO plugin. -->","yoast_head_json":{"title":"Egorov Nikolay Alekseevitsch -","robots":{"index":"index","follow":"follow","max-snippet":"max-snippet:-1","max-image-preview":"max-image-preview:large","max-video-preview":"max-video-preview:-1"},"canonical":"http:\/\/familiengeschichte-kriegsgeschichte.de\/de\/\u0440\u0443\u0441\u0441\u043a\u0438\u0439-\u0435\u0433\u043e\u0440\u043e\u0432-\u043d\u0438\u043a\u043e\u043b\u0430\u0439-\u0430\u043b\u0435\u043a\u0441\u0435\u0435\u0432\u0438\u0447\/","og_locale":"de_DE","og_type":"article","og_title":"Egorov Nikolay Alekseevitsch -","og_description":"Nikolay Alekseewitsch Egorov war Absolvent des P\u00e4dagogischen Instituts in Ufa (1937-1940). Sp\u00e4ter k\u00e4mpfte er an der Leningrader Front (Gebiet Tula, &hellip; Continue ReadingEgorov Nikolay Alekseevitsch","og_url":"http:\/\/familiengeschichte-kriegsgeschichte.de\/de\/\u0440\u0443\u0441\u0441\u043a\u0438\u0439-\u0435\u0433\u043e\u0440\u043e\u0432-\u043d\u0438\u043a\u043e\u043b\u0430\u0439-\u0430\u043b\u0435\u043a\u0441\u0435\u0435\u0432\u0438\u0447\/","article_modified_time":"2021-07-08T08:47:51+00:00","og_image":[{"url":"http:\/\/familiengeschichte-kriegsgeschichte.de\/wp-content\/uploads\/2021\/05\/Egorov_1-214x300.jpg"}],"twitter_card":"summary_large_image","twitter_misc":{"Gesch\u00e4tzte Lesezeit":"1\u00a0Minute"},"schema":{"@context":"https:\/\/schema.org","@graph":[{"@type":"WebSite","@id":"http:\/\/familiengeschichte-kriegsgeschichte.de\/de\/#website","url":"http:\/\/familiengeschichte-kriegsgeschichte.de\/de\/","name":"","description":"","potentialAction":[{"@type":"SearchAction","target":{"@type":"EntryPoint","urlTemplate":"http:\/\/familiengeschichte-kriegsgeschichte.de\/de\/?s={search_term_string}"},"query-input":"required name=search_term_string"}],"inLanguage":"de"},{"@type":"ImageObject","@id":"http:\/\/familiengeschichte-kriegsgeschichte.de\/de\/%d1%80%d1%83%d1%81%d1%81%d0%ba%d0%b8%d0%b9-%d0%b5%d0%b3%d0%be%d1%80%d0%be%d0%b2-%d0%bd%d0%b8%d0%ba%d0%be%d0%bb%d0%b0%d0%b9-%d0%b0%d0%bb%d0%b5%d0%ba%d1%81%d0%b5%d0%b5%d0%b2%d0%b8%d1%87\/#primaryimage","inLanguage":"de","url":"http:\/\/familiengeschichte-kriegsgeschichte.de\/wp-content\/uploads\/2021\/05\/Egorov_1.jpg","contentUrl":"http:\/\/familiengeschichte-kriegsgeschichte.de\/wp-content\/uploads\/2021\/05\/Egorov_1.jpg","width":225,"height":315},{"@type":"WebPage","@id":"http:\/\/familiengeschichte-kriegsgeschichte.de\/de\/%d1%80%d1%83%d1%81%d1%81%d0%ba%d0%b8%d0%b9-%d0%b5%d0%b3%d0%be%d1%80%d0%be%d0%b2-%d0%bd%d0%b8%d0%ba%d0%be%d0%bb%d0%b0%d0%b9-%d0%b0%d0%bb%d0%b5%d0%ba%d1%81%d0%b5%d0%b5%d0%b2%d0%b8%d1%87\/#webpage","url":"http:\/\/familiengeschichte-kriegsgeschichte.de\/de\/%d1%80%d1%83%d1%81%d1%81%d0%ba%d0%b8%d0%b9-%d0%b5%d0%b3%d0%be%d1%80%d0%be%d0%b2-%d0%bd%d0%b8%d0%ba%d0%be%d0%bb%d0%b0%d0%b9-%d0%b0%d0%bb%d0%b5%d0%ba%d1%81%d0%b5%d0%b5%d0%b2%d0%b8%d1%87\/","name":"Egorov Nikolay Alekseevitsch -","isPartOf":{"@id":"http:\/\/familiengeschichte-kriegsgeschichte.de\/de\/#website"},"primaryImageOfPage":{"@id":"http:\/\/familiengeschichte-kriegsgeschichte.de\/de\/%d1%80%d1%83%d1%81%d1%81%d0%ba%d0%b8%d0%b9-%d0%b5%d0%b3%d0%be%d1%80%d0%be%d0%b2-%d0%bd%d0%b8%d0%ba%d0%be%d0%bb%d0%b0%d0%b9-%d0%b0%d0%bb%d0%b5%d0%ba%d1%81%d0%b5%d0%b5%d0%b2%d0%b8%d1%87\/#primaryimage"},"datePublished":"2021-05-12T09:17:26+00:00","dateModified":"2021-07-08T08:47:51+00:00","breadcrumb":{"@id":"http:\/\/familiengeschichte-kriegsgeschichte.de\/de\/%d1%80%d1%83%d1%81%d1%81%d0%ba%d0%b8%d0%b9-%d0%b5%d0%b3%d0%be%d1%80%d0%be%d0%b2-%d0%bd%d0%b8%d0%ba%d0%be%d0%bb%d0%b0%d0%b9-%d0%b0%d0%bb%d0%b5%d0%ba%d1%81%d0%b5%d0%b5%d0%b2%d0%b8%d1%87\/#breadcrumb"},"inLanguage":"de","potentialAction":[{"@type":"ReadAction","target":["http:\/\/familiengeschichte-kriegsgeschichte.de\/de\/%d1%80%d1%83%d1%81%d1%81%d0%ba%d0%b8%d0%b9-%d0%b5%d0%b3%d0%be%d1%80%d0%be%d0%b2-%d0%bd%d0%b8%d0%ba%d0%be%d0%bb%d0%b0%d0%b9-%d0%b0%d0%bb%d0%b5%d0%ba%d1%81%d0%b5%d0%b5%d0%b2%d0%b8%d1%87\/"]}]},{"@type":"BreadcrumbList","@id":"http:\/\/familiengeschichte-kriegsgeschichte.de\/de\/%d1%80%d1%83%d1%81%d1%81%d0%ba%d0%b8%d0%b9-%d0%b5%d0%b3%d0%be%d1%80%d0%be%d0%b2-%d0%bd%d0%b8%d0%ba%d0%be%d0%bb%d0%b0%d0%b9-%d0%b0%d0%bb%d0%b5%d0%ba%d1%81%d0%b5%d0%b5%d0%b2%d0%b8%d1%87\/#breadcrumb","itemListElement":[{"@type":"ListItem","position":1,"name":"Startseite","item":"http:\/\/familiengeschichte-kriegsgeschichte.de\/de\/"},{"@type":"ListItem","position":2,"name":"Egorov Nikolay Alekseevitsch"}]}]}},"_links":{"self":[{"href":"http:\/\/familiengeschichte-kriegsgeschichte.de\/de\/wp-json\/wp\/v2\/pages\/380"}],"collection":[{"href":"http:\/\/familiengeschichte-kriegsgeschichte.de\/de\/wp-json\/wp\/v2\/pages"}],"about":[{"href":"http:\/\/familiengeschichte-kriegsgeschichte.de\/de\/wp-json\/wp\/v2\/types\/page"}],"author":[{"embeddable":true,"href":"http:\/\/familiengeschichte-kriegsgeschichte.de\/de\/wp-json\/wp\/v2\/users\/1"}],"replies":[{"embeddable":true,"href":"http:\/\/familiengeschichte-kriegsgeschichte.de\/de\/wp-json\/wp\/v2\/comments?post=380"}],"version-history":[{"count":5,"href":"http:\/\/familiengeschichte-kriegsgeschichte.de\/de\/wp-json\/wp\/v2\/pages\/380\/revisions"}],"predecessor-version":[{"id":546,"href":"http:\/\/familiengeschichte-kriegsgeschichte.de\/de\/wp-json\/wp\/v2\/pages\/380\/revisions\/546"}],"wp:attachment":[{"href":"http:\/\/familiengeschichte-kriegsgeschichte.de\/de\/wp-json\/wp\/v2\/media?parent=380"}],"curies":[{"name":"wp","href":"https:\/\/api.w.org\/{rel}","templated":true}]}}