{"id":400,"date":"2021-05-12T11:48:11","date_gmt":"2021-05-12T09:48:11","guid":{"rendered":"http:\/\/familiengeschichte-kriegsgeschichte.de\/?page_id=400"},"modified":"2021-05-12T12:28:08","modified_gmt":"2021-05-12T10:28:08","slug":"revko-timofej-jewsejewitsch","status":"publish","type":"page","link":"http:\/\/familiengeschichte-kriegsgeschichte.de\/de\/revko-timofej-jewsejewitsch\/","title":{"rendered":"Revko Timofej Jewsejewitsch"},"content":{"rendered":"<p><span style=\"font-weight: 400; color: #993300;\">Als der Krieg begann, war mein Urgro\u00dfvater, Timofej Jewsejewitsch Revko (1912-1970), erst 19 Jahre alt. Er studierte um Tierarzt zu werden und war sehr vernarrt in Pferde, aber leider musste er sein Studium abbrechen und an die Front gehen. Mein Gro\u00dfvater hat den ganzen Krieg, von Kiew bis Berlin, ohne einen einzigen Kratzer bestanden und hat viele Auszeichnungen bekommen. Darunter die Medaille &#8222;F\u00fcr die Tapferkeit&#8220; (f\u00fcr die Rettung des Pferdepersonals w\u00e4hrend der Bombardierung) und die Auszeichnung &#8222;Roter Stern&#8220; &#8211; daf\u00fcr, dass er allein in den Nahkampf mit den Faschisten eingetreten ist ( Er hat sieben get\u00f6tet und konnte f\u00fcnf festnehmen). Nach der R\u00fcckkehr nach Hause ging mein Gro\u00dfvater wieder seiner Lieblingsbesch\u00e4ftigung nach. Er absolvierte sein Studium und bew\u00e4hrte sich als kompetenter und verantwortungsvoller Arzt. Er war Vater von f\u00fcnf Kindern.<\/span><\/p>\n<p><span style=\"font-weight: 400; color: #993300;\">Leider ist mein Urgro\u00dfvater sehr fr\u00fch durch einen l\u00e4cherlichen Unfall verstorben, und ich hatte nie die Chance, ihn kennen zu lernen. Es ist nicht einmal ein Foto\u00a0 \u00fcbergeblieben. Aber die Erinnerung an ihn ist in unserer Familie bis heute lebendig. Seine gro\u00dfe Liebe zu Pferden wurde auf meine Mutter, seine Enkelin, und sp\u00e4ter auf mich \u00fcbertragen.<\/span><\/p>\n<p>&nbsp;<\/p>\n<p><span style=\"font-weight: 400; color: #993300;\">Revko Karina<\/span><\/p>","protected":false},"excerpt":{"rendered":"<p>Als der Krieg begann, war mein Urgro\u00dfvater, Timofej Jewsejewitsch Revko (1912-1970), erst 19 Jahre alt. Er studierte um Tierarzt zu &hellip; <a href=\"http:\/\/familiengeschichte-kriegsgeschichte.de\/de\/revko-timofej-jewsejewitsch\/\" class=\"more-link\"><span class=\"more-button\">Continue Reading<span class=\"screen-reader-text\">Revko Timofej Jewsejewitsch<\/span><\/span><\/a><\/p>\n","protected":false},"author":1,"featured_media":0,"parent":0,"menu_order":0,"comment_status":"closed","ping_status":"closed","template":"","meta":[],"yoast_head":"<!-- This site is optimized with the Yoast SEO plugin v18.4.1 - https:\/\/yoast.com\/wordpress\/plugins\/seo\/ -->\n<title>Revko Timofej Jewsejewitsch -<\/title>\n<meta name=\"robots\" content=\"index, follow, max-snippet:-1, max-image-preview:large, max-video-preview:-1\" \/>\n<link rel=\"canonical\" href=\"http:\/\/familiengeschichte-kriegsgeschichte.de\/de\/revko-timofej-jewsejewitsch\/\" \/>\n<meta property=\"og:locale\" content=\"de_DE\" \/>\n<meta property=\"og:type\" content=\"article\" \/>\n<meta property=\"og:title\" content=\"Revko Timofej Jewsejewitsch -\" \/>\n<meta property=\"og:description\" content=\"Als der Krieg begann, war mein Urgro\u00dfvater, Timofej Jewsejewitsch Revko (1912-1970), erst 19 Jahre alt. Er studierte um Tierarzt zu &hellip; Continue ReadingRevko Timofej Jewsejewitsch\" \/>\n<meta property=\"og:url\" content=\"http:\/\/familiengeschichte-kriegsgeschichte.de\/de\/revko-timofej-jewsejewitsch\/\" \/>\n<meta property=\"article:modified_time\" content=\"2021-05-12T10:28:08+00:00\" \/>\n<meta name=\"twitter:card\" content=\"summary_large_image\" \/>\n<meta name=\"twitter:label1\" content=\"Gesch\u00e4tzte Lesezeit\" \/>\n\t<meta name=\"twitter:data1\" content=\"1\u00a0Minute\" \/>\n<script type=\"application\/ld+json\" class=\"yoast-schema-graph\">{\"@context\":\"https:\/\/schema.org\",\"@graph\":[{\"@type\":\"WebSite\",\"@id\":\"http:\/\/familiengeschichte-kriegsgeschichte.de\/de\/#website\",\"url\":\"http:\/\/familiengeschichte-kriegsgeschichte.de\/de\/\",\"name\":\"\",\"description\":\"\",\"potentialAction\":[{\"@type\":\"SearchAction\",\"target\":{\"@type\":\"EntryPoint\",\"urlTemplate\":\"http:\/\/familiengeschichte-kriegsgeschichte.de\/de\/?s={search_term_string}\"},\"query-input\":\"required name=search_term_string\"}],\"inLanguage\":\"de\"},{\"@type\":\"WebPage\",\"@id\":\"http:\/\/familiengeschichte-kriegsgeschichte.de\/de\/revko-timofej-jewsejewitsch\/#webpage\",\"url\":\"http:\/\/familiengeschichte-kriegsgeschichte.de\/de\/revko-timofej-jewsejewitsch\/\",\"name\":\"Revko Timofej Jewsejewitsch -\",\"isPartOf\":{\"@id\":\"http:\/\/familiengeschichte-kriegsgeschichte.de\/de\/#website\"},\"datePublished\":\"2021-05-12T09:48:11+00:00\",\"dateModified\":\"2021-05-12T10:28:08+00:00\",\"breadcrumb\":{\"@id\":\"http:\/\/familiengeschichte-kriegsgeschichte.de\/de\/revko-timofej-jewsejewitsch\/#breadcrumb\"},\"inLanguage\":\"de\",\"potentialAction\":[{\"@type\":\"ReadAction\",\"target\":[\"http:\/\/familiengeschichte-kriegsgeschichte.de\/de\/revko-timofej-jewsejewitsch\/\"]}]},{\"@type\":\"BreadcrumbList\",\"@id\":\"http:\/\/familiengeschichte-kriegsgeschichte.de\/de\/revko-timofej-jewsejewitsch\/#breadcrumb\",\"itemListElement\":[{\"@type\":\"ListItem\",\"position\":1,\"name\":\"Startseite\",\"item\":\"http:\/\/familiengeschichte-kriegsgeschichte.de\/de\/\"},{\"@type\":\"ListItem\",\"position\":2,\"name\":\"Revko Timofej Jewsejewitsch\"}]}]}<\/script>\n<!-- \/ Yoast SEO plugin. -->","yoast_head_json":{"title":"Revko Timofej Jewsejewitsch -","robots":{"index":"index","follow":"follow","max-snippet":"max-snippet:-1","max-image-preview":"max-image-preview:large","max-video-preview":"max-video-preview:-1"},"canonical":"http:\/\/familiengeschichte-kriegsgeschichte.de\/de\/revko-timofej-jewsejewitsch\/","og_locale":"de_DE","og_type":"article","og_title":"Revko Timofej Jewsejewitsch -","og_description":"Als der Krieg begann, war mein Urgro\u00dfvater, Timofej Jewsejewitsch Revko (1912-1970), erst 19 Jahre alt. Er studierte um Tierarzt zu &hellip; Continue ReadingRevko Timofej Jewsejewitsch","og_url":"http:\/\/familiengeschichte-kriegsgeschichte.de\/de\/revko-timofej-jewsejewitsch\/","article_modified_time":"2021-05-12T10:28:08+00:00","twitter_card":"summary_large_image","twitter_misc":{"Gesch\u00e4tzte Lesezeit":"1\u00a0Minute"},"schema":{"@context":"https:\/\/schema.org","@graph":[{"@type":"WebSite","@id":"http:\/\/familiengeschichte-kriegsgeschichte.de\/de\/#website","url":"http:\/\/familiengeschichte-kriegsgeschichte.de\/de\/","name":"","description":"","potentialAction":[{"@type":"SearchAction","target":{"@type":"EntryPoint","urlTemplate":"http:\/\/familiengeschichte-kriegsgeschichte.de\/de\/?s={search_term_string}"},"query-input":"required name=search_term_string"}],"inLanguage":"de"},{"@type":"WebPage","@id":"http:\/\/familiengeschichte-kriegsgeschichte.de\/de\/revko-timofej-jewsejewitsch\/#webpage","url":"http:\/\/familiengeschichte-kriegsgeschichte.de\/de\/revko-timofej-jewsejewitsch\/","name":"Revko Timofej Jewsejewitsch -","isPartOf":{"@id":"http:\/\/familiengeschichte-kriegsgeschichte.de\/de\/#website"},"datePublished":"2021-05-12T09:48:11+00:00","dateModified":"2021-05-12T10:28:08+00:00","breadcrumb":{"@id":"http:\/\/familiengeschichte-kriegsgeschichte.de\/de\/revko-timofej-jewsejewitsch\/#breadcrumb"},"inLanguage":"de","potentialAction":[{"@type":"ReadAction","target":["http:\/\/familiengeschichte-kriegsgeschichte.de\/de\/revko-timofej-jewsejewitsch\/"]}]},{"@type":"BreadcrumbList","@id":"http:\/\/familiengeschichte-kriegsgeschichte.de\/de\/revko-timofej-jewsejewitsch\/#breadcrumb","itemListElement":[{"@type":"ListItem","position":1,"name":"Startseite","item":"http:\/\/familiengeschichte-kriegsgeschichte.de\/de\/"},{"@type":"ListItem","position":2,"name":"Revko Timofej Jewsejewitsch"}]}]}},"_links":{"self":[{"href":"http:\/\/familiengeschichte-kriegsgeschichte.de\/de\/wp-json\/wp\/v2\/pages\/400"}],"collection":[{"href":"http:\/\/familiengeschichte-kriegsgeschichte.de\/de\/wp-json\/wp\/v2\/pages"}],"about":[{"href":"http:\/\/familiengeschichte-kriegsgeschichte.de\/de\/wp-json\/wp\/v2\/types\/page"}],"author":[{"embeddable":true,"href":"http:\/\/familiengeschichte-kriegsgeschichte.de\/de\/wp-json\/wp\/v2\/users\/1"}],"replies":[{"embeddable":true,"href":"http:\/\/familiengeschichte-kriegsgeschichte.de\/de\/wp-json\/wp\/v2\/comments?post=400"}],"version-history":[{"count":3,"href":"http:\/\/familiengeschichte-kriegsgeschichte.de\/de\/wp-json\/wp\/v2\/pages\/400\/revisions"}],"predecessor-version":[{"id":428,"href":"http:\/\/familiengeschichte-kriegsgeschichte.de\/de\/wp-json\/wp\/v2\/pages\/400\/revisions\/428"}],"wp:attachment":[{"href":"http:\/\/familiengeschichte-kriegsgeschichte.de\/de\/wp-json\/wp\/v2\/media?parent=400"}],"curies":[{"name":"wp","href":"https:\/\/api.w.org\/{rel}","templated":true}]}}