{"id":402,"date":"2021-05-12T11:50:00","date_gmt":"2021-05-12T09:50:00","guid":{"rendered":"http:\/\/familiengeschichte-kriegsgeschichte.de\/?page_id=402"},"modified":"2021-05-12T12:27:57","modified_gmt":"2021-05-12T10:27:57","slug":"plotnov-konstantin-fjodorowitsch","status":"publish","type":"page","link":"http:\/\/familiengeschichte-kriegsgeschichte.de\/de\/plotnov-konstantin-fjodorowitsch\/","title":{"rendered":"Plotnov Konstantin Fjodorowitsch"},"content":{"rendered":"<p><span style=\"color: #993300;\"><b>Aus dem Familienarchiv von Alisha Sch\u00e4dlich<\/b><\/span><\/p>\n<p><span style=\"font-weight: 400; color: #993300;\">Mein Urgro\u00dfvater Konstantin Fjodorowitsch Plotnov fing mit 14 Jahren an in einer Schiffswerkstatt im Dorf Wassilijwo an der Wolga an zu arbeiten. Zu Kriegsbeginn war er 28 Jahre alt. Zu dem Zeitpunkt war er schon ein erfahrener Arbeiter und Spezialist auf seinem Gebiet. Ihm war es von gro\u00dfer Wichtigkeit wie seine Kameraden im Krieg zu k\u00e4mpfen um sein Vaterland zu verteidigen. Jedoch wurde er nicht eingezogen. Mehrfach versuchte er auf eigene Hand loszuziehen um mitzuk\u00e4mpfen, doch jedes Mal wurde er gefasst und zur\u00fcck auf seinen arbeitsplatz gebracht. Es war n\u00e4mlich auch von gro\u00dfer Wichtigkeit f\u00fcr den Krieg defekte Schiffe zu reparieren.\u00a0<\/span><\/p>\n<p><span style=\"font-weight: 400; color: #993300;\">Alle seine Br\u00fcder waren im Krieg. Sein j\u00fcngster Bruder Pawel tr\u00e4umte davon, Kapit\u00e4n zu werden, im Juni 1941 studierte er an der Marineschule Leningrad (er war Kadett an der Marineschule) und wurde sofort an die Front geschickt. Vermutlich wurde sein Schiff in der ersten Schlacht versenkt. Er galt als vermisst. Pawel wurde nur 19 Jahre alt. (Am 22. Juni begann der Krieg, am 29. Juni wurde Pavel 19 Jahre alt, und am 15. Juli wurde er get\u00f6tet.)<\/span><\/p>\n<p><span style=\"font-weight: 400; color: #993300;\">Ein weiterer Bruder, Gennadi Fjodorowitsch, wurde ebenfalls f\u00fcr tot gehalten, so dass mein Urgro\u00dfvater seinen Sohn Gennadi nach ihm benannte. Aber dann wurde er gefunden, er war schwer verwundet und lag lange Zeit im Krankenhaus.<\/span><\/p>\n<p><span style=\"font-weight: 400; color: #ffffff;\"><span style=\"color: #993300;\">\u00a0Alexander Fjodorowitsch, der letzte Bruder begann seinen Wehrdienst an der Front zuerst gegen Deutschland. Sp\u00e4ter wurde er jedoch wegen des drohenden Krieges mit Japan in den Fernen Osten geschickt. Er kam erst 1946 zur\u00fcck.<\/span><\/span><\/p>\n<p><span style=\"font-weight: 400; color: #993300;\">Meine Urgro\u00dfmutter Taisya Grigoryevna Plotnova arbeitete w\u00e4hrend des Krieges in einem Waisenhaus und k\u00fcmmerte sich um Kinder, die von ihren Eltern zur\u00fcckgelassen wurden. Bei den Evakuierungen wurden sie in Ihrem Dorf zur\u00fcckgelassen. Sie nahm diese Kinder oft mit nach Hause zu ihrer Familie, um ihnen beim \u00dcberleben zu helfen.<\/span><\/p>","protected":false},"excerpt":{"rendered":"<p>Aus dem Familienarchiv von Alisha Sch\u00e4dlich Mein Urgro\u00dfvater Konstantin Fjodorowitsch Plotnov fing mit 14 Jahren an in einer Schiffswerkstatt im &hellip; <a href=\"http:\/\/familiengeschichte-kriegsgeschichte.de\/de\/plotnov-konstantin-fjodorowitsch\/\" class=\"more-link\"><span class=\"more-button\">Continue Reading<span class=\"screen-reader-text\">Plotnov Konstantin Fjodorowitsch<\/span><\/span><\/a><\/p>\n","protected":false},"author":1,"featured_media":0,"parent":0,"menu_order":0,"comment_status":"closed","ping_status":"closed","template":"","meta":[],"yoast_head":"<!-- This site is optimized with the Yoast SEO plugin v18.4.1 - https:\/\/yoast.com\/wordpress\/plugins\/seo\/ -->\n<title>Plotnov Konstantin Fjodorowitsch -<\/title>\n<meta name=\"robots\" content=\"index, follow, max-snippet:-1, max-image-preview:large, max-video-preview:-1\" \/>\n<link rel=\"canonical\" href=\"http:\/\/familiengeschichte-kriegsgeschichte.de\/ru\/plotnov-konstantin-fjodorowitsch\/\" \/>\n<meta property=\"og:locale\" content=\"de_DE\" \/>\n<meta property=\"og:type\" content=\"article\" \/>\n<meta property=\"og:title\" content=\"Plotnov Konstantin Fjodorowitsch -\" \/>\n<meta property=\"og:description\" content=\"Aus dem Familienarchiv von Alisha Sch\u00e4dlich Mein Urgro\u00dfvater Konstantin Fjodorowitsch Plotnov fing mit 14 Jahren an in einer Schiffswerkstatt im &hellip; Continue ReadingPlotnov Konstantin Fjodorowitsch\" \/>\n<meta property=\"og:url\" content=\"http:\/\/familiengeschichte-kriegsgeschichte.de\/ru\/plotnov-konstantin-fjodorowitsch\/\" \/>\n<meta property=\"article:modified_time\" content=\"2021-05-12T10:27:57+00:00\" \/>\n<meta name=\"twitter:card\" content=\"summary_large_image\" \/>\n<meta name=\"twitter:label1\" content=\"Gesch\u00e4tzte Lesezeit\" \/>\n\t<meta name=\"twitter:data1\" content=\"2\u00a0Minuten\" \/>\n<script type=\"application\/ld+json\" class=\"yoast-schema-graph\">{\"@context\":\"https:\/\/schema.org\",\"@graph\":[{\"@type\":\"WebSite\",\"@id\":\"http:\/\/familiengeschichte-kriegsgeschichte.de\/de\/#website\",\"url\":\"http:\/\/familiengeschichte-kriegsgeschichte.de\/de\/\",\"name\":\"\",\"description\":\"\",\"potentialAction\":[{\"@type\":\"SearchAction\",\"target\":{\"@type\":\"EntryPoint\",\"urlTemplate\":\"http:\/\/familiengeschichte-kriegsgeschichte.de\/de\/?s={search_term_string}\"},\"query-input\":\"required name=search_term_string\"}],\"inLanguage\":\"de\"},{\"@type\":\"WebPage\",\"@id\":\"http:\/\/familiengeschichte-kriegsgeschichte.de\/ru\/plotnov-konstantin-fjodorowitsch\/#webpage\",\"url\":\"http:\/\/familiengeschichte-kriegsgeschichte.de\/ru\/plotnov-konstantin-fjodorowitsch\/\",\"name\":\"Plotnov Konstantin Fjodorowitsch -\",\"isPartOf\":{\"@id\":\"http:\/\/familiengeschichte-kriegsgeschichte.de\/de\/#website\"},\"datePublished\":\"2021-05-12T09:50:00+00:00\",\"dateModified\":\"2021-05-12T10:27:57+00:00\",\"breadcrumb\":{\"@id\":\"http:\/\/familiengeschichte-kriegsgeschichte.de\/ru\/plotnov-konstantin-fjodorowitsch\/#breadcrumb\"},\"inLanguage\":\"de\",\"potentialAction\":[{\"@type\":\"ReadAction\",\"target\":[\"http:\/\/familiengeschichte-kriegsgeschichte.de\/ru\/plotnov-konstantin-fjodorowitsch\/\"]}]},{\"@type\":\"BreadcrumbList\",\"@id\":\"http:\/\/familiengeschichte-kriegsgeschichte.de\/ru\/plotnov-konstantin-fjodorowitsch\/#breadcrumb\",\"itemListElement\":[{\"@type\":\"ListItem\",\"position\":1,\"name\":\"Startseite\",\"item\":\"http:\/\/familiengeschichte-kriegsgeschichte.de\/de\/\"},{\"@type\":\"ListItem\",\"position\":2,\"name\":\"\u041f\u043b\u043e\u0442\u043d\u043e\u0432 \u041a\u043e\u043d\u0441\u0442\u0430\u043d\u0442\u0438\u043d \u0424\u0451\u0434\u043e\u0440\u043e\u0432\u0438\u0447\"}]}]}<\/script>\n<!-- \/ Yoast SEO plugin. -->","yoast_head_json":{"title":"Plotnov Konstantin Fjodorowitsch -","robots":{"index":"index","follow":"follow","max-snippet":"max-snippet:-1","max-image-preview":"max-image-preview:large","max-video-preview":"max-video-preview:-1"},"canonical":"http:\/\/familiengeschichte-kriegsgeschichte.de\/ru\/plotnov-konstantin-fjodorowitsch\/","og_locale":"de_DE","og_type":"article","og_title":"Plotnov Konstantin Fjodorowitsch -","og_description":"Aus dem Familienarchiv von Alisha Sch\u00e4dlich Mein Urgro\u00dfvater Konstantin Fjodorowitsch Plotnov fing mit 14 Jahren an in einer Schiffswerkstatt im &hellip; Continue ReadingPlotnov Konstantin Fjodorowitsch","og_url":"http:\/\/familiengeschichte-kriegsgeschichte.de\/ru\/plotnov-konstantin-fjodorowitsch\/","article_modified_time":"2021-05-12T10:27:57+00:00","twitter_card":"summary_large_image","twitter_misc":{"Gesch\u00e4tzte Lesezeit":"2\u00a0Minuten"},"schema":{"@context":"https:\/\/schema.org","@graph":[{"@type":"WebSite","@id":"http:\/\/familiengeschichte-kriegsgeschichte.de\/de\/#website","url":"http:\/\/familiengeschichte-kriegsgeschichte.de\/de\/","name":"","description":"","potentialAction":[{"@type":"SearchAction","target":{"@type":"EntryPoint","urlTemplate":"http:\/\/familiengeschichte-kriegsgeschichte.de\/de\/?s={search_term_string}"},"query-input":"required name=search_term_string"}],"inLanguage":"de"},{"@type":"WebPage","@id":"http:\/\/familiengeschichte-kriegsgeschichte.de\/ru\/plotnov-konstantin-fjodorowitsch\/#webpage","url":"http:\/\/familiengeschichte-kriegsgeschichte.de\/ru\/plotnov-konstantin-fjodorowitsch\/","name":"Plotnov Konstantin Fjodorowitsch -","isPartOf":{"@id":"http:\/\/familiengeschichte-kriegsgeschichte.de\/de\/#website"},"datePublished":"2021-05-12T09:50:00+00:00","dateModified":"2021-05-12T10:27:57+00:00","breadcrumb":{"@id":"http:\/\/familiengeschichte-kriegsgeschichte.de\/ru\/plotnov-konstantin-fjodorowitsch\/#breadcrumb"},"inLanguage":"de","potentialAction":[{"@type":"ReadAction","target":["http:\/\/familiengeschichte-kriegsgeschichte.de\/ru\/plotnov-konstantin-fjodorowitsch\/"]}]},{"@type":"BreadcrumbList","@id":"http:\/\/familiengeschichte-kriegsgeschichte.de\/ru\/plotnov-konstantin-fjodorowitsch\/#breadcrumb","itemListElement":[{"@type":"ListItem","position":1,"name":"Startseite","item":"http:\/\/familiengeschichte-kriegsgeschichte.de\/de\/"},{"@type":"ListItem","position":2,"name":"\u041f\u043b\u043e\u0442\u043d\u043e\u0432 \u041a\u043e\u043d\u0441\u0442\u0430\u043d\u0442\u0438\u043d \u0424\u0451\u0434\u043e\u0440\u043e\u0432\u0438\u0447"}]}]}},"_links":{"self":[{"href":"http:\/\/familiengeschichte-kriegsgeschichte.de\/de\/wp-json\/wp\/v2\/pages\/402"}],"collection":[{"href":"http:\/\/familiengeschichte-kriegsgeschichte.de\/de\/wp-json\/wp\/v2\/pages"}],"about":[{"href":"http:\/\/familiengeschichte-kriegsgeschichte.de\/de\/wp-json\/wp\/v2\/types\/page"}],"author":[{"embeddable":true,"href":"http:\/\/familiengeschichte-kriegsgeschichte.de\/de\/wp-json\/wp\/v2\/users\/1"}],"replies":[{"embeddable":true,"href":"http:\/\/familiengeschichte-kriegsgeschichte.de\/de\/wp-json\/wp\/v2\/comments?post=402"}],"version-history":[{"count":2,"href":"http:\/\/familiengeschichte-kriegsgeschichte.de\/de\/wp-json\/wp\/v2\/pages\/402\/revisions"}],"predecessor-version":[{"id":427,"href":"http:\/\/familiengeschichte-kriegsgeschichte.de\/de\/wp-json\/wp\/v2\/pages\/402\/revisions\/427"}],"wp:attachment":[{"href":"http:\/\/familiengeschichte-kriegsgeschichte.de\/de\/wp-json\/wp\/v2\/media?parent=402"}],"curies":[{"name":"wp","href":"https:\/\/api.w.org\/{rel}","templated":true}]}}