{"id":72,"date":"2020-06-30T12:11:37","date_gmt":"2020-06-30T10:11:37","guid":{"rendered":"http:\/\/familiengeschichte-kriegsgeschichte.de\/?page_id=72"},"modified":"2021-07-26T14:28:47","modified_gmt":"2021-07-26T12:28:47","slug":"kriegsgeschichten","status":"publish","type":"page","link":"http:\/\/familiengeschichte-kriegsgeschichte.de\/de\/kriegsgeschichten\/","title":{"rendered":"Kriegsgeschichten"},"content":{"rendered":"<p><span style=\"color: #993300;\">Unter dieser Kategorie finden sich zahlreiche Zeitzeugen\/-Familiengeschichten, welche wir \u00fcber die Jahre gesammelt haben.<\/span><\/p>\n<p><span style=\"color: #993300;\">Wir freuen uns immer \u00fcber Neuzug\u00e4nge und f\u00fcr Anfragen\/Publikationen sind wir stets offen.<\/span><\/p>","protected":false},"excerpt":{"rendered":"<p>Unter dieser Kategorie finden sich zahlreiche Zeitzeugen\/-Familiengeschichten, welche wir \u00fcber die Jahre gesammelt haben. Wir freuen uns immer \u00fcber Neuzug\u00e4nge &hellip; <a href=\"http:\/\/familiengeschichte-kriegsgeschichte.de\/de\/kriegsgeschichten\/\" class=\"more-link\"><span class=\"more-button\">Continue Reading<span class=\"screen-reader-text\">Kriegsgeschichten<\/span><\/span><\/a><\/p>\n","protected":false},"author":1,"featured_media":0,"parent":0,"menu_order":0,"comment_status":"closed","ping_status":"closed","template":"","meta":[],"yoast_head":"<!-- This site is optimized with the Yoast SEO plugin v18.4.1 - https:\/\/yoast.com\/wordpress\/plugins\/seo\/ -->\n<title>Kriegsgeschichten -<\/title>\n<meta name=\"robots\" content=\"index, follow, max-snippet:-1, max-image-preview:large, max-video-preview:-1\" \/>\n<link rel=\"canonical\" href=\"http:\/\/familiengeschichte-kriegsgeschichte.de\/de\/kriegsgeschichten\/\" \/>\n<meta property=\"og:locale\" content=\"de_DE\" \/>\n<meta property=\"og:type\" content=\"article\" \/>\n<meta property=\"og:title\" content=\"Kriegsgeschichten -\" \/>\n<meta property=\"og:description\" content=\"Unter dieser Kategorie finden sich zahlreiche Zeitzeugen\/-Familiengeschichten, welche wir \u00fcber die Jahre gesammelt haben. Wir freuen uns immer \u00fcber Neuzug\u00e4nge &hellip; Continue ReadingKriegsgeschichten\" \/>\n<meta property=\"og:url\" content=\"http:\/\/familiengeschichte-kriegsgeschichte.de\/de\/kriegsgeschichten\/\" \/>\n<meta property=\"article:modified_time\" content=\"2021-07-26T12:28:47+00:00\" \/>\n<meta name=\"twitter:card\" content=\"summary_large_image\" \/>\n<meta name=\"twitter:label1\" content=\"Gesch\u00e4tzte Lesezeit\" \/>\n\t<meta name=\"twitter:data1\" content=\"1\u00a0Minute\" \/>\n<script type=\"application\/ld+json\" class=\"yoast-schema-graph\">{\"@context\":\"https:\/\/schema.org\",\"@graph\":[{\"@type\":\"WebSite\",\"@id\":\"http:\/\/familiengeschichte-kriegsgeschichte.de\/de\/#website\",\"url\":\"http:\/\/familiengeschichte-kriegsgeschichte.de\/de\/\",\"name\":\"\",\"description\":\"\",\"potentialAction\":[{\"@type\":\"SearchAction\",\"target\":{\"@type\":\"EntryPoint\",\"urlTemplate\":\"http:\/\/familiengeschichte-kriegsgeschichte.de\/de\/?s={search_term_string}\"},\"query-input\":\"required name=search_term_string\"}],\"inLanguage\":\"de\"},{\"@type\":\"WebPage\",\"@id\":\"http:\/\/familiengeschichte-kriegsgeschichte.de\/de\/kriegsgeschichten\/#webpage\",\"url\":\"http:\/\/familiengeschichte-kriegsgeschichte.de\/de\/kriegsgeschichten\/\",\"name\":\"Kriegsgeschichten -\",\"isPartOf\":{\"@id\":\"http:\/\/familiengeschichte-kriegsgeschichte.de\/de\/#website\"},\"datePublished\":\"2020-06-30T10:11:37+00:00\",\"dateModified\":\"2021-07-26T12:28:47+00:00\",\"breadcrumb\":{\"@id\":\"http:\/\/familiengeschichte-kriegsgeschichte.de\/de\/kriegsgeschichten\/#breadcrumb\"},\"inLanguage\":\"de\",\"potentialAction\":[{\"@type\":\"ReadAction\",\"target\":[\"http:\/\/familiengeschichte-kriegsgeschichte.de\/de\/kriegsgeschichten\/\"]}]},{\"@type\":\"BreadcrumbList\",\"@id\":\"http:\/\/familiengeschichte-kriegsgeschichte.de\/de\/kriegsgeschichten\/#breadcrumb\",\"itemListElement\":[{\"@type\":\"ListItem\",\"position\":1,\"name\":\"Startseite\",\"item\":\"http:\/\/familiengeschichte-kriegsgeschichte.de\/de\/\"},{\"@type\":\"ListItem\",\"position\":2,\"name\":\"Kriegsgeschichten\"}]}]}<\/script>\n<!-- \/ Yoast SEO plugin. -->","yoast_head_json":{"title":"Kriegsgeschichten -","robots":{"index":"index","follow":"follow","max-snippet":"max-snippet:-1","max-image-preview":"max-image-preview:large","max-video-preview":"max-video-preview:-1"},"canonical":"http:\/\/familiengeschichte-kriegsgeschichte.de\/de\/kriegsgeschichten\/","og_locale":"de_DE","og_type":"article","og_title":"Kriegsgeschichten -","og_description":"Unter dieser Kategorie finden sich zahlreiche Zeitzeugen\/-Familiengeschichten, welche wir \u00fcber die Jahre gesammelt haben. Wir freuen uns immer \u00fcber Neuzug\u00e4nge &hellip; Continue ReadingKriegsgeschichten","og_url":"http:\/\/familiengeschichte-kriegsgeschichte.de\/de\/kriegsgeschichten\/","article_modified_time":"2021-07-26T12:28:47+00:00","twitter_card":"summary_large_image","twitter_misc":{"Gesch\u00e4tzte Lesezeit":"1\u00a0Minute"},"schema":{"@context":"https:\/\/schema.org","@graph":[{"@type":"WebSite","@id":"http:\/\/familiengeschichte-kriegsgeschichte.de\/de\/#website","url":"http:\/\/familiengeschichte-kriegsgeschichte.de\/de\/","name":"","description":"","potentialAction":[{"@type":"SearchAction","target":{"@type":"EntryPoint","urlTemplate":"http:\/\/familiengeschichte-kriegsgeschichte.de\/de\/?s={search_term_string}"},"query-input":"required name=search_term_string"}],"inLanguage":"de"},{"@type":"WebPage","@id":"http:\/\/familiengeschichte-kriegsgeschichte.de\/de\/kriegsgeschichten\/#webpage","url":"http:\/\/familiengeschichte-kriegsgeschichte.de\/de\/kriegsgeschichten\/","name":"Kriegsgeschichten -","isPartOf":{"@id":"http:\/\/familiengeschichte-kriegsgeschichte.de\/de\/#website"},"datePublished":"2020-06-30T10:11:37+00:00","dateModified":"2021-07-26T12:28:47+00:00","breadcrumb":{"@id":"http:\/\/familiengeschichte-kriegsgeschichte.de\/de\/kriegsgeschichten\/#breadcrumb"},"inLanguage":"de","potentialAction":[{"@type":"ReadAction","target":["http:\/\/familiengeschichte-kriegsgeschichte.de\/de\/kriegsgeschichten\/"]}]},{"@type":"BreadcrumbList","@id":"http:\/\/familiengeschichte-kriegsgeschichte.de\/de\/kriegsgeschichten\/#breadcrumb","itemListElement":[{"@type":"ListItem","position":1,"name":"Startseite","item":"http:\/\/familiengeschichte-kriegsgeschichte.de\/de\/"},{"@type":"ListItem","position":2,"name":"Kriegsgeschichten"}]}]}},"_links":{"self":[{"href":"http:\/\/familiengeschichte-kriegsgeschichte.de\/de\/wp-json\/wp\/v2\/pages\/72"}],"collection":[{"href":"http:\/\/familiengeschichte-kriegsgeschichte.de\/de\/wp-json\/wp\/v2\/pages"}],"about":[{"href":"http:\/\/familiengeschichte-kriegsgeschichte.de\/de\/wp-json\/wp\/v2\/types\/page"}],"author":[{"embeddable":true,"href":"http:\/\/familiengeschichte-kriegsgeschichte.de\/de\/wp-json\/wp\/v2\/users\/1"}],"replies":[{"embeddable":true,"href":"http:\/\/familiengeschichte-kriegsgeschichte.de\/de\/wp-json\/wp\/v2\/comments?post=72"}],"version-history":[{"count":2,"href":"http:\/\/familiengeschichte-kriegsgeschichte.de\/de\/wp-json\/wp\/v2\/pages\/72\/revisions"}],"predecessor-version":[{"id":584,"href":"http:\/\/familiengeschichte-kriegsgeschichte.de\/de\/wp-json\/wp\/v2\/pages\/72\/revisions\/584"}],"wp:attachment":[{"href":"http:\/\/familiengeschichte-kriegsgeschichte.de\/de\/wp-json\/wp\/v2\/media?parent=72"}],"curies":[{"name":"wp","href":"https:\/\/api.w.org\/{rel}","templated":true}]}}