{"id":8,"date":"2020-05-28T23:10:24","date_gmt":"2020-05-28T21:10:24","guid":{"rendered":"http:\/\/familiengeschichte-kriegsgeschichte.de\/?page_id=8"},"modified":"2021-07-13T14:43:31","modified_gmt":"2021-07-13T12:43:31","slug":"startseite","status":"publish","type":"page","link":"http:\/\/familiengeschichte-kriegsgeschichte.de\/de\/","title":{"rendered":"\u00dcber unser Projekt"},"content":{"rendered":"<p><span style=\"color: #993300;\">Solange wir uns erinnern &#8211; leben wir! <\/span><\/p>\r\n<p><span style=\"color: #993300;\">Das Erinnern ist ein wesentlicher Bestandteil der menschlichen Existenz, die unser heutiges (Er-)leben pr\u00e4gt. Dabei gilt das sowohl f\u00fcr ein Individuum, als auch f\u00fcr Gruppen und Gesellschaften. Ohne Vorahnung und Warnung durch die Vergangenheit ist ein friedliches Miteinander in Gegenwart und Zukunft nur schwer vorstellbar. Das Vergangene wird anhand vom Kramen in Zeitzeugen- Familiengeschichten wieder aufgew\u00fchlt. Sie helfen einen n\u00fcchternen Blick auf die Ereignisse der Vergangenheit zu werfen und sie aus\u00a0 unterschiedlichen Perspektiven zu evaluieren.\u00a0<\/span><\/p>\r\n<p><span style=\"color: #993300;\">Das letzte Jahrhundert ist mit zahlreichen menschlichen Katastrophen verbunden. Unumstritten z\u00e4hlt dazu der Zweite Weltkrieg und dessen globale Folgen. Die Spuren, die dieser Krieg hinterlie\u00df, sind tief und pr\u00e4gen uns noch heute. Fast in jeder Familie findet man eine eigene Kriegsgeschichte. Ob tragisch oder heldenhaft- alle Geschichten sind gleich wertvoll und erg\u00e4nzen das Bild \u00fcber den Krieg aus unterschiedlichen Perspektiven. Deshalb wundert es nicht, dass jene immer noch von Generation zu Generation lebendig weiter gegeben werden.<\/span><\/p>\r\n<p><span style=\"color: #993300;\">In unserem Jugendclub IUVENTUS e.V. haben wir als einen von zahlreichen Schwerpunkten die Erinnerungsarbeit. Da die Mehrheit unserer Mitglieder:innen mit russischem Kulturhintergrund sind, haben wir uns vor allem mit dem Zweiten Weltkrieg besch\u00e4ftigt. Grund daf\u00fcr sind unsere Gro\u00dfv\u00e4ter und Gro\u00dfm\u00fctter, welche diese schreckliche Zeit miterleben mussten und mit deren Geschichten wir aufgewachsen sind.<\/span><\/p>\r\n<p><span style=\"color: #993300;\"><\/span><\/p>\r\n<p><span style=\"color: #993300;\">\r\n\r\n<\/span><\/p>\r\n<p><span style=\"color: #993300;\">Unsere Verwandten sind in der damaligen Sowjetunion gro\u00df geworden. Durch den Zweiten Weltkrieg hatte die UdSSR schwere Verluste zu beklagen. Es ist deshalb keine \u00dcbertreibung zu behaupten, dass jede Familie der ehemaligen Sowjetunion vom Zweiten Weltkrieg (in Russland als ,,gro\u00dfer Vaterl\u00e4ndischer Krieg&#8220; bezeichnet) betroffen war.\u00a0<\/span><\/p>\r\n<p><span style=\"color: #993300;\">Wir sehen uns darum in der Ehrenmission gerade die Kriegsgeschichten unser Vorfahren zu wahren, zu dokumentieren und f\u00fcr die Nachwelt zug\u00e4ngig zu machen.<\/span><\/p>\r\n<p><span style=\"color: #ffffff;\">\r\n\r\n<\/span><\/p>\r\n<p><span style=\"color: #ffffff;\"><\/span><\/p>","protected":false},"excerpt":{"rendered":"<p>Solange wir uns erinnern &#8211; leben wir! Das Erinnern ist ein wesentlicher Bestandteil der menschlichen Existenz, die unser heutiges (Er-)leben &hellip; <a href=\"http:\/\/familiengeschichte-kriegsgeschichte.de\/de\/\" class=\"more-link\"><span class=\"more-button\">Continue Reading<span class=\"screen-reader-text\">\u00dcber unser Projekt<\/span><\/span><\/a><\/p>\n","protected":false},"author":1,"featured_media":0,"parent":0,"menu_order":0,"comment_status":"closed","ping_status":"closed","template":"","meta":[],"yoast_head":"<!-- This site is optimized with the Yoast SEO plugin v18.4.1 - https:\/\/yoast.com\/wordpress\/plugins\/seo\/ -->\n<title>\u00dcber unser Projekt -<\/title>\n<meta name=\"robots\" content=\"index, follow, max-snippet:-1, max-image-preview:large, max-video-preview:-1\" \/>\n<link rel=\"canonical\" href=\"http:\/\/familiengeschichte-kriegsgeschichte.de\/de\/\" \/>\n<meta property=\"og:locale\" content=\"de_DE\" \/>\n<meta property=\"og:type\" content=\"article\" \/>\n<meta property=\"og:title\" content=\"\u00dcber unser Projekt -\" \/>\n<meta property=\"og:description\" content=\"Solange wir uns erinnern &#8211; leben wir! Das Erinnern ist ein wesentlicher Bestandteil der menschlichen Existenz, die unser heutiges (Er-)leben &hellip; Continue Reading\u00dcber unser Projekt\" \/>\n<meta property=\"og:url\" content=\"http:\/\/familiengeschichte-kriegsgeschichte.de\/de\/\" \/>\n<meta property=\"article:modified_time\" content=\"2021-07-13T12:43:31+00:00\" \/>\n<meta name=\"twitter:card\" content=\"summary_large_image\" \/>\n<meta name=\"twitter:label1\" content=\"Gesch\u00e4tzte Lesezeit\" \/>\n\t<meta name=\"twitter:data1\" content=\"1\u00a0Minute\" \/>\n<script type=\"application\/ld+json\" class=\"yoast-schema-graph\">{\"@context\":\"https:\/\/schema.org\",\"@graph\":[{\"@type\":\"WebSite\",\"@id\":\"http:\/\/familiengeschichte-kriegsgeschichte.de\/de\/#website\",\"url\":\"http:\/\/familiengeschichte-kriegsgeschichte.de\/de\/\",\"name\":\"\",\"description\":\"\",\"potentialAction\":[{\"@type\":\"SearchAction\",\"target\":{\"@type\":\"EntryPoint\",\"urlTemplate\":\"http:\/\/familiengeschichte-kriegsgeschichte.de\/de\/?s={search_term_string}\"},\"query-input\":\"required name=search_term_string\"}],\"inLanguage\":\"de\"},{\"@type\":\"WebPage\",\"@id\":\"http:\/\/familiengeschichte-kriegsgeschichte.de\/de\/#webpage\",\"url\":\"http:\/\/familiengeschichte-kriegsgeschichte.de\/de\/\",\"name\":\"\u00dcber unser Projekt -\",\"isPartOf\":{\"@id\":\"http:\/\/familiengeschichte-kriegsgeschichte.de\/de\/#website\"},\"datePublished\":\"2020-05-28T21:10:24+00:00\",\"dateModified\":\"2021-07-13T12:43:31+00:00\",\"breadcrumb\":{\"@id\":\"http:\/\/familiengeschichte-kriegsgeschichte.de\/de\/#breadcrumb\"},\"inLanguage\":\"de\",\"potentialAction\":[{\"@type\":\"ReadAction\",\"target\":[\"http:\/\/familiengeschichte-kriegsgeschichte.de\/de\/\"]}]},{\"@type\":\"BreadcrumbList\",\"@id\":\"http:\/\/familiengeschichte-kriegsgeschichte.de\/de\/#breadcrumb\",\"itemListElement\":[{\"@type\":\"ListItem\",\"position\":1,\"name\":\"Startseite\",\"item\":\"http:\/\/familiengeschichte-kriegsgeschichte.de\/de\/\"},{\"@type\":\"ListItem\",\"position\":2,\"name\":\"\u00dcber unser Projekt\"}]}]}<\/script>\n<!-- \/ Yoast SEO plugin. -->","yoast_head_json":{"title":"\u00dcber unser Projekt -","robots":{"index":"index","follow":"follow","max-snippet":"max-snippet:-1","max-image-preview":"max-image-preview:large","max-video-preview":"max-video-preview:-1"},"canonical":"http:\/\/familiengeschichte-kriegsgeschichte.de\/de\/","og_locale":"de_DE","og_type":"article","og_title":"\u00dcber unser Projekt -","og_description":"Solange wir uns erinnern &#8211; leben wir! Das Erinnern ist ein wesentlicher Bestandteil der menschlichen Existenz, die unser heutiges (Er-)leben &hellip; Continue Reading\u00dcber unser Projekt","og_url":"http:\/\/familiengeschichte-kriegsgeschichte.de\/de\/","article_modified_time":"2021-07-13T12:43:31+00:00","twitter_card":"summary_large_image","twitter_misc":{"Gesch\u00e4tzte Lesezeit":"1\u00a0Minute"},"schema":{"@context":"https:\/\/schema.org","@graph":[{"@type":"WebSite","@id":"http:\/\/familiengeschichte-kriegsgeschichte.de\/de\/#website","url":"http:\/\/familiengeschichte-kriegsgeschichte.de\/de\/","name":"","description":"","potentialAction":[{"@type":"SearchAction","target":{"@type":"EntryPoint","urlTemplate":"http:\/\/familiengeschichte-kriegsgeschichte.de\/de\/?s={search_term_string}"},"query-input":"required name=search_term_string"}],"inLanguage":"de"},{"@type":"WebPage","@id":"http:\/\/familiengeschichte-kriegsgeschichte.de\/de\/#webpage","url":"http:\/\/familiengeschichte-kriegsgeschichte.de\/de\/","name":"\u00dcber unser Projekt -","isPartOf":{"@id":"http:\/\/familiengeschichte-kriegsgeschichte.de\/de\/#website"},"datePublished":"2020-05-28T21:10:24+00:00","dateModified":"2021-07-13T12:43:31+00:00","breadcrumb":{"@id":"http:\/\/familiengeschichte-kriegsgeschichte.de\/de\/#breadcrumb"},"inLanguage":"de","potentialAction":[{"@type":"ReadAction","target":["http:\/\/familiengeschichte-kriegsgeschichte.de\/de\/"]}]},{"@type":"BreadcrumbList","@id":"http:\/\/familiengeschichte-kriegsgeschichte.de\/de\/#breadcrumb","itemListElement":[{"@type":"ListItem","position":1,"name":"Startseite","item":"http:\/\/familiengeschichte-kriegsgeschichte.de\/de\/"},{"@type":"ListItem","position":2,"name":"\u00dcber unser Projekt"}]}]}},"_links":{"self":[{"href":"http:\/\/familiengeschichte-kriegsgeschichte.de\/de\/wp-json\/wp\/v2\/pages\/8"}],"collection":[{"href":"http:\/\/familiengeschichte-kriegsgeschichte.de\/de\/wp-json\/wp\/v2\/pages"}],"about":[{"href":"http:\/\/familiengeschichte-kriegsgeschichte.de\/de\/wp-json\/wp\/v2\/types\/page"}],"author":[{"embeddable":true,"href":"http:\/\/familiengeschichte-kriegsgeschichte.de\/de\/wp-json\/wp\/v2\/users\/1"}],"replies":[{"embeddable":true,"href":"http:\/\/familiengeschichte-kriegsgeschichte.de\/de\/wp-json\/wp\/v2\/comments?post=8"}],"version-history":[{"count":11,"href":"http:\/\/familiengeschichte-kriegsgeschichte.de\/de\/wp-json\/wp\/v2\/pages\/8\/revisions"}],"predecessor-version":[{"id":572,"href":"http:\/\/familiengeschichte-kriegsgeschichte.de\/de\/wp-json\/wp\/v2\/pages\/8\/revisions\/572"}],"wp:attachment":[{"href":"http:\/\/familiengeschichte-kriegsgeschichte.de\/de\/wp-json\/wp\/v2\/media?parent=8"}],"curies":[{"name":"wp","href":"https:\/\/api.w.org\/{rel}","templated":true}]}}