{"id":92,"date":"2020-06-30T12:55:53","date_gmt":"2020-06-30T10:55:53","guid":{"rendered":"http:\/\/familiengeschichte-kriegsgeschichte.de\/?page_id=92"},"modified":"2021-07-27T14:29:34","modified_gmt":"2021-07-27T12:29:34","slug":"kriegslyrik","status":"publish","type":"page","link":"http:\/\/familiengeschichte-kriegsgeschichte.de\/de\/kriegslyrik\/","title":{"rendered":"Kriegslyrik"},"content":{"rendered":"<p><span style=\"color: #993300;\">Mit dem Krieg wird sich in unterschiedlichen Formen auseinandergesetzt, wie zum Beispiel in Gedichten, Liedern oder Kriegsliteratur.\u00a0<\/span><\/p>\n<p><span style=\"color: #993300;\">Bei unseren j\u00e4hrlich stattfindenden Erinnerungsabenden widmen wir uns der Kriegslyrik: singen gemeinsam oder tragen Gedichte vor um an die dramatische Zeit zu gedenken.\u00a0<\/span><\/p>\n<p><span style=\"color: #993300;\">Gerne k\u00f6nnt ihr eigene kreative Beitr\u00e4ge (Videos, selbstgeschriebene Poesie, etc.) an uns senden und wir ver\u00f6ffentlichen diese auf Wunsch gerne oder ihr k\u00f6nnt diese beim n\u00e4chsten Erinnerungsabend auch vortragen!\u00a0<\/span><\/p>\n<p>&nbsp;<\/p>","protected":false},"excerpt":{"rendered":"<p>Mit dem Krieg wird sich in unterschiedlichen Formen auseinandergesetzt, wie zum Beispiel in Gedichten, Liedern oder Kriegsliteratur.\u00a0 Bei unseren j\u00e4hrlich &hellip; <a href=\"http:\/\/familiengeschichte-kriegsgeschichte.de\/de\/kriegslyrik\/\" class=\"more-link\"><span class=\"more-button\">Continue Reading<span class=\"screen-reader-text\">Kriegslyrik<\/span><\/span><\/a><\/p>\n","protected":false},"author":1,"featured_media":0,"parent":0,"menu_order":0,"comment_status":"closed","ping_status":"closed","template":"","meta":[],"yoast_head":"<!-- This site is optimized with the Yoast SEO plugin v18.4.1 - https:\/\/yoast.com\/wordpress\/plugins\/seo\/ -->\n<title>Kriegslyrik -<\/title>\n<meta name=\"robots\" content=\"index, follow, max-snippet:-1, max-image-preview:large, max-video-preview:-1\" \/>\n<link rel=\"canonical\" href=\"http:\/\/familiengeschichte-kriegsgeschichte.de\/de\/kriegslyrik\/\" \/>\n<meta property=\"og:locale\" content=\"de_DE\" \/>\n<meta property=\"og:type\" content=\"article\" \/>\n<meta property=\"og:title\" content=\"Kriegslyrik -\" \/>\n<meta property=\"og:description\" content=\"Mit dem Krieg wird sich in unterschiedlichen Formen auseinandergesetzt, wie zum Beispiel in Gedichten, Liedern oder Kriegsliteratur.\u00a0 Bei unseren j\u00e4hrlich &hellip; Continue ReadingKriegslyrik\" \/>\n<meta property=\"og:url\" content=\"http:\/\/familiengeschichte-kriegsgeschichte.de\/de\/kriegslyrik\/\" \/>\n<meta property=\"article:modified_time\" content=\"2021-07-27T12:29:34+00:00\" \/>\n<meta name=\"twitter:card\" content=\"summary_large_image\" \/>\n<meta name=\"twitter:label1\" content=\"Gesch\u00e4tzte Lesezeit\" \/>\n\t<meta name=\"twitter:data1\" content=\"1\u00a0Minute\" \/>\n<script type=\"application\/ld+json\" class=\"yoast-schema-graph\">{\"@context\":\"https:\/\/schema.org\",\"@graph\":[{\"@type\":\"WebSite\",\"@id\":\"http:\/\/familiengeschichte-kriegsgeschichte.de\/de\/#website\",\"url\":\"http:\/\/familiengeschichte-kriegsgeschichte.de\/de\/\",\"name\":\"\",\"description\":\"\",\"potentialAction\":[{\"@type\":\"SearchAction\",\"target\":{\"@type\":\"EntryPoint\",\"urlTemplate\":\"http:\/\/familiengeschichte-kriegsgeschichte.de\/de\/?s={search_term_string}\"},\"query-input\":\"required name=search_term_string\"}],\"inLanguage\":\"de\"},{\"@type\":\"WebPage\",\"@id\":\"http:\/\/familiengeschichte-kriegsgeschichte.de\/de\/kriegslyrik\/#webpage\",\"url\":\"http:\/\/familiengeschichte-kriegsgeschichte.de\/de\/kriegslyrik\/\",\"name\":\"Kriegslyrik -\",\"isPartOf\":{\"@id\":\"http:\/\/familiengeschichte-kriegsgeschichte.de\/de\/#website\"},\"datePublished\":\"2020-06-30T10:55:53+00:00\",\"dateModified\":\"2021-07-27T12:29:34+00:00\",\"breadcrumb\":{\"@id\":\"http:\/\/familiengeschichte-kriegsgeschichte.de\/de\/kriegslyrik\/#breadcrumb\"},\"inLanguage\":\"de\",\"potentialAction\":[{\"@type\":\"ReadAction\",\"target\":[\"http:\/\/familiengeschichte-kriegsgeschichte.de\/de\/kriegslyrik\/\"]}]},{\"@type\":\"BreadcrumbList\",\"@id\":\"http:\/\/familiengeschichte-kriegsgeschichte.de\/de\/kriegslyrik\/#breadcrumb\",\"itemListElement\":[{\"@type\":\"ListItem\",\"position\":1,\"name\":\"Startseite\",\"item\":\"http:\/\/familiengeschichte-kriegsgeschichte.de\/de\/\"},{\"@type\":\"ListItem\",\"position\":2,\"name\":\"Kriegslyrik\"}]}]}<\/script>\n<!-- \/ Yoast SEO plugin. -->","yoast_head_json":{"title":"Kriegslyrik -","robots":{"index":"index","follow":"follow","max-snippet":"max-snippet:-1","max-image-preview":"max-image-preview:large","max-video-preview":"max-video-preview:-1"},"canonical":"http:\/\/familiengeschichte-kriegsgeschichte.de\/de\/kriegslyrik\/","og_locale":"de_DE","og_type":"article","og_title":"Kriegslyrik -","og_description":"Mit dem Krieg wird sich in unterschiedlichen Formen auseinandergesetzt, wie zum Beispiel in Gedichten, Liedern oder Kriegsliteratur.\u00a0 Bei unseren j\u00e4hrlich &hellip; Continue ReadingKriegslyrik","og_url":"http:\/\/familiengeschichte-kriegsgeschichte.de\/de\/kriegslyrik\/","article_modified_time":"2021-07-27T12:29:34+00:00","twitter_card":"summary_large_image","twitter_misc":{"Gesch\u00e4tzte Lesezeit":"1\u00a0Minute"},"schema":{"@context":"https:\/\/schema.org","@graph":[{"@type":"WebSite","@id":"http:\/\/familiengeschichte-kriegsgeschichte.de\/de\/#website","url":"http:\/\/familiengeschichte-kriegsgeschichte.de\/de\/","name":"","description":"","potentialAction":[{"@type":"SearchAction","target":{"@type":"EntryPoint","urlTemplate":"http:\/\/familiengeschichte-kriegsgeschichte.de\/de\/?s={search_term_string}"},"query-input":"required name=search_term_string"}],"inLanguage":"de"},{"@type":"WebPage","@id":"http:\/\/familiengeschichte-kriegsgeschichte.de\/de\/kriegslyrik\/#webpage","url":"http:\/\/familiengeschichte-kriegsgeschichte.de\/de\/kriegslyrik\/","name":"Kriegslyrik -","isPartOf":{"@id":"http:\/\/familiengeschichte-kriegsgeschichte.de\/de\/#website"},"datePublished":"2020-06-30T10:55:53+00:00","dateModified":"2021-07-27T12:29:34+00:00","breadcrumb":{"@id":"http:\/\/familiengeschichte-kriegsgeschichte.de\/de\/kriegslyrik\/#breadcrumb"},"inLanguage":"de","potentialAction":[{"@type":"ReadAction","target":["http:\/\/familiengeschichte-kriegsgeschichte.de\/de\/kriegslyrik\/"]}]},{"@type":"BreadcrumbList","@id":"http:\/\/familiengeschichte-kriegsgeschichte.de\/de\/kriegslyrik\/#breadcrumb","itemListElement":[{"@type":"ListItem","position":1,"name":"Startseite","item":"http:\/\/familiengeschichte-kriegsgeschichte.de\/de\/"},{"@type":"ListItem","position":2,"name":"Kriegslyrik"}]}]}},"_links":{"self":[{"href":"http:\/\/familiengeschichte-kriegsgeschichte.de\/de\/wp-json\/wp\/v2\/pages\/92"}],"collection":[{"href":"http:\/\/familiengeschichte-kriegsgeschichte.de\/de\/wp-json\/wp\/v2\/pages"}],"about":[{"href":"http:\/\/familiengeschichte-kriegsgeschichte.de\/de\/wp-json\/wp\/v2\/types\/page"}],"author":[{"embeddable":true,"href":"http:\/\/familiengeschichte-kriegsgeschichte.de\/de\/wp-json\/wp\/v2\/users\/1"}],"replies":[{"embeddable":true,"href":"http:\/\/familiengeschichte-kriegsgeschichte.de\/de\/wp-json\/wp\/v2\/comments?post=92"}],"version-history":[{"count":5,"href":"http:\/\/familiengeschichte-kriegsgeschichte.de\/de\/wp-json\/wp\/v2\/pages\/92\/revisions"}],"predecessor-version":[{"id":592,"href":"http:\/\/familiengeschichte-kriegsgeschichte.de\/de\/wp-json\/wp\/v2\/pages\/92\/revisions\/592"}],"wp:attachment":[{"href":"http:\/\/familiengeschichte-kriegsgeschichte.de\/de\/wp-json\/wp\/v2\/media?parent=92"}],"curies":[{"name":"wp","href":"https:\/\/api.w.org\/{rel}","templated":true}]}}